{"id":31969,"date":"2022-01-19T14:40:15","date_gmt":"2022-01-19T12:40:15","guid":{"rendered":"https:\/\/ddt.lv\/lv\/product\/meteostacija-ar-projektoru-melna-bezvadu-dcf-emos\/"},"modified":"2026-04-06T11:01:32","modified_gmt":"2026-04-06T08:01:32","slug":"meteostacija-ar-projektoru-melna-bezvadu-dcf-emos","status":"publish","type":"product","link":"https:\/\/ddt.lv\/lv\/product\/meteostacija-ar-projektoru-melna-bezvadu-dcf-emos\/","title":{"rendered":"Meteostacija ar projektoru melna bezvadu DCF EMOS"},"content":{"rendered":"<p>t\u012bkla adapteris , 4,5 V DC \/ 300 mA (iek\u013cauts).<br \/>\nIesp\u0113jami l\u012bdz 3 sensoriem (E08400).<br \/>\nsensora darb\u012bbas r\u0101diuss l\u012bdz 30 m.<br \/>\ndispleja izm\u0113rs 102 \u00d7 42 mm.<br \/>\nlaika un temperat\u016bras projekcija.<br \/>\n\u0101ra temperat\u016bra -20 \u00b0 C l\u012bdz +60 \u00b0 C, iz\u0161\u0137irtsp\u0113ja 0,1 \u00b0 C.<br \/>\nlaika prognoze .<br \/>\npulksteni kontrol\u0113 ar DCF sign\u0101lu.<br \/>\nmin. un max temperat\u016bra .<br \/>\npast\u0101v\u012bgs fona apgaismojums .<br \/>\ndatums .<br \/>\nstacijas baro\u0161anas avots 1 \u00d7 CR2032 (iek\u013cauts).<br \/>\nbezvadu dizains.<br \/>\nkalend\u0101rs j\u0101.<br \/>\niek\u0161\u0113j\u0101 temperat\u016bra -5 \u00b0 C l\u012bdz +50 \u00b0 C, iz\u0161\u0137irtsp\u0113ja 0,1 \u00b0 C.<br \/>\ntemperat\u016bras tendence .<br \/>\nkr\u0101su displejs (melna maska) ar aizmugurgaismojumu.<br \/>\n12\/24 laika form\u0101ts.<br \/>\nsensora baro\u0161anas avots 2 \u00d7 1,5 V AA (nav iek\u013cauts).<br \/>\nmodin\u0101t\u0101js. 2 \u00d7.<br \/>\niesp\u0113ja iestat\u012bt temperat\u016bras m\u0113rvien\u012bbu \u00b0 C \/ \u00b0 F.<br \/>\np\u0101rraides frekvence 433 MHz.<br \/>\nsensora izm\u0113rs 35 \u00d7 65 \u00d7 100 mm.<br \/>\ngalven\u0101s vien\u012bbas izm\u0113rs 56 \u00d7 163 \u00d7 80 mm.<br \/>\nhttps:\/\/youtu.be\/uCMHmhOD4eo<\/p>","protected":false},"excerpt":{"rendered":"<p>t\u012bkla adapteris , 4,5 V DC \/ 300 mA (iek\u013cauts). Iesp\u0113jami l\u012bdz 3 sensoriem (E08400). sensora darb\u012bbas r\u0101diuss l\u012bdz 30 m. displeja izm\u0113rs 102 \u00d7 42 mm. laika un temperat\u016bras projekcija. \u0101ra temperat\u016bra -20 \u00b0 C l\u012bdz +60 \u00b0 C, iz\u0161\u0137irtsp\u0113ja 0,1 \u00b0 C. laika prognoze . pulksteni kontrol\u0113 ar DCF sign\u0101lu. min. un max [&hellip;]<\/p>\n","protected":false},"featured_media":31990,"comment_status":"closed","ping_status":"closed","template":"","meta":{"inline_featured_image":false},"product_cat":[772,541],"product_tag":[],"yst_prominent_words":[],"class_list":{"0":"post-31969","1":"product","2":"type-product","3":"status-publish","4":"has-post-thumbnail","6":"product_cat-atlaides","7":"product_cat-termometri-meteostacijas","9":"first","10":"instock","11":"sale","12":"taxable","13":"shipping-taxable","14":"purchasable","15":"product-type-simple"},"jetpack_sharing_enabled":true,"_links":{"self":[{"href":"https:\/\/ddt.lv\/lv\/wp-json\/wp\/v2\/product\/31969"}],"collection":[{"href":"https:\/\/ddt.lv\/lv\/wp-json\/wp\/v2\/product"}],"about":[{"href":"https:\/\/ddt.lv\/lv\/wp-json\/wp\/v2\/types\/product"}],"replies":[{"embeddable":true,"href":"https:\/\/ddt.lv\/lv\/wp-json\/wp\/v2\/comments?post=31969"}],"wp:featuredmedia":[{"embeddable":true,"href":"https:\/\/ddt.lv\/lv\/wp-json\/wp\/v2\/media\/31990"}],"wp:attachment":[{"href":"https:\/\/ddt.lv\/lv\/wp-json\/wp\/v2\/media?parent=31969"}],"wp:term":[{"taxonomy":"product_cat","embeddable":true,"href":"https:\/\/ddt.lv\/lv\/wp-json\/wp\/v2\/product_cat?post=31969"},{"taxonomy":"product_tag","embeddable":true,"href":"https:\/\/ddt.lv\/lv\/wp-json\/wp\/v2\/product_tag?post=31969"},{"taxonomy":"yst_prominent_words","embeddable":true,"href":"https:\/\/ddt.lv\/lv\/wp-json\/wp\/v2\/yst_prominent_words?post=31969"}],"curies":[{"name":"wp","href":"https:\/\/api.w.org\/{rel}","templated":true}]}}