{"id":31968,"date":"2022-01-19T14:30:17","date_gmt":"2022-01-19T12:30:17","guid":{"rendered":"https:\/\/ddt.lv\/lv\/product\/bezvadu-digitala-meteorologiska-stacija-melna2xaa-2xaaa-emos\/"},"modified":"2026-04-13T10:01:25","modified_gmt":"2026-04-13T07:01:25","slug":"bezvadu-digitala-meteorologiska-stacija-melna2xaa-2xaaa-emos","status":"publish","type":"product","link":"https:\/\/ddt.lv\/lv\/product\/bezvadu-digitala-meteorologiska-stacija-melna2xaa-2xaaa-emos\/","title":{"rendered":"Bezvadu digit\u0101l\u0101 meteorolo\u0123isk\u0101 stacija melna(2xAA+2xAAA) EMOS"},"content":{"rendered":"<p>sensora darb\u012bbas r\u0101diuss l\u012bdz 30 m.<br \/>\nbarometrs .<br \/>\ndispleja izm\u0113rs 105 \u00d7 105 mm.<br \/>\niesp\u0113ja piek\u0101rt pie sienas.<br \/>\nvadu zonde sensoram.<br \/>\n\u0101ra temperat\u016bra -40 \u00b0 C l\u012bdz +70 \u00b0 C, iz\u0161\u0137irtsp\u0113ja 0,1 \u00b0 C.<br \/>\n\u0101ra mitrums no 20% l\u012bdz 95% RH, iz\u0161\u0137irtsp\u0113ja 1%.<br \/>\nlaika prognoze.<br \/>\npulksteni kontrol\u0113 ar DCF sign\u0101lu.<br \/>\nmin. un max temperat\u016bra .<br \/>\ndatums .<br \/>\nspiediena tendence .<br \/>\nstacijas baro\u0161anas avots 3 \u00d7 1,5 V AA (nav iek\u013cauts).<br \/>\nbezvadu dizains.<br \/>\nkalend\u0101rs .<br \/>\niek\u0161\u0113j\u0101 temperat\u016bra -10 \u00b0 C l\u012bdz +50 \u00b0 C, iz\u0161\u0137irtsp\u0113ja 0,1 \u00b0 C.<br \/>\ntemperat\u016bras tendence .<br \/>\nLED displeja fona apgaismojums .<br \/>\naugstuma korekcija .<br \/>\n12\/24 laika form\u0101ts .<br \/>\nsensora baro\u0161anas avots 2 \u00d7 1,5 V AAA (nav iek\u013cauts).<br \/>\nmodin\u0101t\u0101js j\u0101, 2 \u00d7.<br \/>\niek\u0161\u0113jais mitrums no 1% l\u012bdz 99% RH, iz\u0161\u0137irtsp\u0113ja 1%.<br \/>\nlaika joslas .<br \/>\nelektronisk\u0101 zona fona apgaismojums .<br \/>\niesp\u0113ja iestat\u012bt temperat\u016bras m\u0113rvien\u012bbu \u00b0 C \/ \u00b0 F.<br \/>\np\u0101rraides frekvence 433 MHz.<br \/>\nsensora izm\u0113rs 21 \u00d7 60 \u00d7 100 mm.<br \/>\ngalven\u0101s vien\u012bbas izm\u0113rs 27 \u00d7 130 \u00d7 130 mm.<\/p>\n<p><\/p>","protected":false},"excerpt":{"rendered":"<p>sensora darb\u012bbas r\u0101diuss l\u012bdz 30 m. barometrs . displeja izm\u0113rs 105 \u00d7 105 mm. iesp\u0113ja piek\u0101rt pie sienas. vadu zonde sensoram. \u0101ra temperat\u016bra -40 \u00b0 C l\u012bdz +70 \u00b0 C, iz\u0161\u0137irtsp\u0113ja 0,1 \u00b0 C. \u0101ra mitrums no 20% l\u012bdz 95% RH, iz\u0161\u0137irtsp\u0113ja 1%. laika prognoze. pulksteni kontrol\u0113 ar DCF sign\u0101lu. min. un max temperat\u016bra . [&hellip;]<\/p>\n","protected":false},"featured_media":32004,"comment_status":"closed","ping_status":"closed","template":"","meta":{"inline_featured_image":false},"product_cat":[772,541],"product_tag":[],"yst_prominent_words":[],"class_list":{"0":"post-31968","1":"product","2":"type-product","3":"status-publish","4":"has-post-thumbnail","6":"product_cat-atlaides","7":"product_cat-termometri-meteostacijas","9":"first","10":"instock","11":"sale","12":"taxable","13":"shipping-taxable","14":"purchasable","15":"product-type-simple"},"jetpack_sharing_enabled":true,"_links":{"self":[{"href":"https:\/\/ddt.lv\/lv\/wp-json\/wp\/v2\/product\/31968"}],"collection":[{"href":"https:\/\/ddt.lv\/lv\/wp-json\/wp\/v2\/product"}],"about":[{"href":"https:\/\/ddt.lv\/lv\/wp-json\/wp\/v2\/types\/product"}],"replies":[{"embeddable":true,"href":"https:\/\/ddt.lv\/lv\/wp-json\/wp\/v2\/comments?post=31968"}],"wp:featuredmedia":[{"embeddable":true,"href":"https:\/\/ddt.lv\/lv\/wp-json\/wp\/v2\/media\/32004"}],"wp:attachment":[{"href":"https:\/\/ddt.lv\/lv\/wp-json\/wp\/v2\/media?parent=31968"}],"wp:term":[{"taxonomy":"product_cat","embeddable":true,"href":"https:\/\/ddt.lv\/lv\/wp-json\/wp\/v2\/product_cat?post=31968"},{"taxonomy":"product_tag","embeddable":true,"href":"https:\/\/ddt.lv\/lv\/wp-json\/wp\/v2\/product_tag?post=31968"},{"taxonomy":"yst_prominent_words","embeddable":true,"href":"https:\/\/ddt.lv\/lv\/wp-json\/wp\/v2\/yst_prominent_words?post=31968"}],"curies":[{"name":"wp","href":"https:\/\/api.w.org\/{rel}","templated":true}]}}