{"id":31967,"date":"2022-01-19T14:30:17","date_gmt":"2022-01-19T12:30:17","guid":{"rendered":"https:\/\/ddt.lv\/lv\/product\/wi-fi-vieda-bezvadu-meteostacija-profi-emos\/"},"modified":"2026-04-06T11:01:32","modified_gmt":"2026-04-06T08:01:32","slug":"wi-fi-vieda-bezvadu-meteostacija-profi-emos","status":"publish","type":"product","link":"https:\/\/ddt.lv\/lv\/product\/wi-fi-vieda-bezvadu-meteostacija-profi-emos\/","title":{"rendered":"WI-FI vied\u0101  bezvadu meteostacija PROFI EMOS"},"content":{"rendered":"<p>Pateicoties \u0161ai viedajai\/profesion\u0101lajai meteorolo\u0123iskajai stacijai, j\u016bs vienm\u0113r dro\u0161i zin\u0101t, k\u0101diem laikapst\u0101k\u013ciem sagatavoties, un nekas j\u016bs nep\u0101rsteigs. Vienm\u0113r ir pieejama jaun\u0101k\u0101 inform\u0101cija.<br \/>\nProfesion\u0101la vied\u0101 \/ wifi laika stacija, mobil\u0101 lietojumprogramma TUYA, \u0101ra sensors ar uzl\u0101d\u0113jamu akumulatoru un saules panelis uzl\u0101d\u0113\u0161anai.<\/p>\n<p>t\u012bkla adapteris j\u0101, 5 V DC \/ 1200 mA (iek\u013cauts).<br \/>\nsensora darb\u012bbas r\u0101diuss l\u012bdz 50 m.<br \/>\nbarometrs.<br \/>\ndispleja izm\u0113rs 163 \u00d7 120 mm.<br \/>\niesp\u0113ja piek\u0101rt pie sienas.<br \/>\n\u0101ra temperat\u016bra -40 \u00b0 C l\u012bdz +70 \u00b0 C, iz\u0161\u0137irtsp\u0113ja 0,1 \u00b0 C.<br \/>\n\u0101ra mitrums no 1% l\u012bdz 99% RH, iz\u0161\u0137irtsp\u0113ja 1%.<br \/>\nlaika prognoze .<br \/>\npulkste\u0146a kontrol\u0113ts wifi.<br \/>\nmin. un max temperat\u016bra .<br \/>\npast\u0101v\u012bgs fona apgaismojums .<br \/>\nm\u0113ness f\u0101ze.<br \/>\ndatums .<br \/>\nstacijas baro\u0161anas avots 3 \u00d7 1,5 V AAA (nav iek\u013cauts).<br \/>\nkalend\u0101rs .<br \/>\niek\u0161\u0113j\u0101 temperat\u016bra -10 \u00b0 C l\u012bdz +50 \u00b0 C, iz\u0161\u0137irtsp\u0113ja 0,1 \u00b0 C.<br \/>\nlietus m\u0113r\u012bt\u0101js.<br \/>\ntemperat\u016bras tendence .<br \/>\nLED displeja fona apgaismojums .<br \/>\naugstuma korekcija .<br \/>\nsensora padeve 1 \u00d7 3,7 V 4400 mAh Li-ion 21700T.<br \/>\nmodin\u0101t\u0101js.<br \/>\niek\u0161\u0113jais mitrums no 1% l\u012bdz 99% RH, iz\u0161\u0137irtsp\u0113ja 1%.<br \/>\nanemometrs .<br \/>\ntemperat\u016bras br\u012bdin\u0101jums.<br \/>\nlaika joslas .<br \/>\natk\u0101rtota uzbudin\u0101\u0161ana.<br \/>\nelektronisk\u0101 zona fona apgaismojums.<br \/>\niesp\u0113ja iestat\u012bt temperat\u016bras m\u0113rvien\u012bbu \u00b0 C \/ \u00b0 F.<br \/>\np\u0101rraides frekvence 868 MHz.<br \/>\nsensora izm\u0113rs 151 \u00d7 396 \u00d7 313 mm.<br \/>\ngalven\u0101s vien\u012bbas izm\u0113rs 30 \u00d7 215 \u00d7 173 mm.<\/p>","protected":false},"excerpt":{"rendered":"<p>Pateicoties \u0161ai viedajai\/profesion\u0101lajai meteorolo\u0123iskajai stacijai, j\u016bs vienm\u0113r dro\u0161i zin\u0101t, k\u0101diem laikapst\u0101k\u013ciem sagatavoties, un nekas j\u016bs nep\u0101rsteigs. Vienm\u0113r ir pieejama jaun\u0101k\u0101 inform\u0101cija. Profesion\u0101la vied\u0101 \/ wifi laika stacija, mobil\u0101 lietojumprogramma TUYA, \u0101ra sensors ar uzl\u0101d\u0113jamu akumulatoru un saules panelis uzl\u0101d\u0113\u0161anai. t\u012bkla adapteris j\u0101, 5 V DC \/ 1200 mA (iek\u013cauts). sensora darb\u012bbas r\u0101diuss l\u012bdz 50 m. [&hellip;]<\/p>\n","protected":false},"featured_media":31995,"comment_status":"closed","ping_status":"closed","template":"","meta":{"inline_featured_image":false},"product_cat":[772,541],"product_tag":[],"yst_prominent_words":[],"class_list":{"0":"post-31967","1":"product","2":"type-product","3":"status-publish","4":"has-post-thumbnail","6":"product_cat-atlaides","7":"product_cat-termometri-meteostacijas","9":"first","10":"outofstock","11":"sale","12":"taxable","13":"shipping-taxable","14":"purchasable","15":"product-type-simple"},"jetpack_sharing_enabled":true,"_links":{"self":[{"href":"https:\/\/ddt.lv\/lv\/wp-json\/wp\/v2\/product\/31967"}],"collection":[{"href":"https:\/\/ddt.lv\/lv\/wp-json\/wp\/v2\/product"}],"about":[{"href":"https:\/\/ddt.lv\/lv\/wp-json\/wp\/v2\/types\/product"}],"replies":[{"embeddable":true,"href":"https:\/\/ddt.lv\/lv\/wp-json\/wp\/v2\/comments?post=31967"}],"wp:featuredmedia":[{"embeddable":true,"href":"https:\/\/ddt.lv\/lv\/wp-json\/wp\/v2\/media\/31995"}],"wp:attachment":[{"href":"https:\/\/ddt.lv\/lv\/wp-json\/wp\/v2\/media?parent=31967"}],"wp:term":[{"taxonomy":"product_cat","embeddable":true,"href":"https:\/\/ddt.lv\/lv\/wp-json\/wp\/v2\/product_cat?post=31967"},{"taxonomy":"product_tag","embeddable":true,"href":"https:\/\/ddt.lv\/lv\/wp-json\/wp\/v2\/product_tag?post=31967"},{"taxonomy":"yst_prominent_words","embeddable":true,"href":"https:\/\/ddt.lv\/lv\/wp-json\/wp\/v2\/yst_prominent_words?post=31967"}],"curies":[{"name":"wp","href":"https:\/\/api.w.org\/{rel}","templated":true}]}}