{"id":31966,"date":"2022-01-19T14:30:17","date_gmt":"2022-01-19T12:30:17","guid":{"rendered":"https:\/\/ddt.lv\/lv\/product\/ramis-2xrj45-datu-ligzdas-antracits-emos\/"},"modified":"2026-04-14T15:55:33","modified_gmt":"2026-04-14T12:55:33","slug":"ramis-2xrj45-datu-ligzdas-antracits-emos","status":"publish","type":"product","link":"https:\/\/ddt.lv\/lv\/product\/ramis-2xrj45-datu-ligzdas-antracits-emos\/","title":{"rendered":"R\u0101mis 2xRJ45 datu ligzdas antrac\u012bts EMOS"},"content":{"rendered":"<p>datu ligzdas v\u0101ks 2 \u00d7 RJ45.<br \/>\nantrac\u012bta kr\u0101sa.<br \/>\nkastes mont\u0101\u017eas metode.<\/p>","protected":false},"excerpt":{"rendered":"<p>datu ligzdas v\u0101ks 2 \u00d7 RJ45. antrac\u012bta kr\u0101sa. kastes mont\u0101\u017eas metode.<\/p>\n","protected":false},"featured_media":32000,"comment_status":"closed","ping_status":"closed","template":"","meta":{"inline_featured_image":false},"product_cat":[1308],"product_tag":[],"yst_prominent_words":[],"class_list":{"0":"post-31966","1":"product","2":"type-product","3":"status-publish","4":"has-post-thumbnail","6":"product_cat-ramisi","8":"first","9":"instock","10":"taxable","11":"shipping-taxable","12":"purchasable","13":"product-type-simple"},"jetpack_sharing_enabled":true,"_links":{"self":[{"href":"https:\/\/ddt.lv\/lv\/wp-json\/wp\/v2\/product\/31966"}],"collection":[{"href":"https:\/\/ddt.lv\/lv\/wp-json\/wp\/v2\/product"}],"about":[{"href":"https:\/\/ddt.lv\/lv\/wp-json\/wp\/v2\/types\/product"}],"replies":[{"embeddable":true,"href":"https:\/\/ddt.lv\/lv\/wp-json\/wp\/v2\/comments?post=31966"}],"wp:featuredmedia":[{"embeddable":true,"href":"https:\/\/ddt.lv\/lv\/wp-json\/wp\/v2\/media\/32000"}],"wp:attachment":[{"href":"https:\/\/ddt.lv\/lv\/wp-json\/wp\/v2\/media?parent=31966"}],"wp:term":[{"taxonomy":"product_cat","embeddable":true,"href":"https:\/\/ddt.lv\/lv\/wp-json\/wp\/v2\/product_cat?post=31966"},{"taxonomy":"product_tag","embeddable":true,"href":"https:\/\/ddt.lv\/lv\/wp-json\/wp\/v2\/product_tag?post=31966"},{"taxonomy":"yst_prominent_words","embeddable":true,"href":"https:\/\/ddt.lv\/lv\/wp-json\/wp\/v2\/yst_prominent_words?post=31966"}],"curies":[{"name":"wp","href":"https:\/\/api.w.org\/{rel}","templated":true}]}}