{"id":31959,"date":"2022-01-19T12:40:24","date_gmt":"2022-01-19T10:40:24","guid":{"rendered":"https:\/\/ddt.lv\/lv\/product\/ls-led-600-10-2w-4000k-ip20-silver-gaismeklis-sylvania\/"},"modified":"2026-04-27T08:40:44","modified_gmt":"2026-04-27T05:40:44","slug":"ls-led-600-10-2w-4000k-ip20-silver-gaismeklis-sylvania","status":"publish","type":"product","link":"https:\/\/ddt.lv\/lv\/product\/ls-led-600-10-2w-4000k-ip20-silver-gaismeklis-sylvania\/","title":{"rendered":"LS LED 600 10.2W 4000K IP20 silver gaismeklis SYLVANIA"},"content":{"rendered":"<p>Tehnolo\u0123ija LED.<br \/>\nMont\u0101\u017ea Griestu virsmas mont\u0101\u017ea.<br \/>\nVisp\u0101r\u0113js pielietojums viesm\u012bl\u012bbas, dz\u012bvojamo un pat\u0113r\u0113t\u0101ju jom\u0101.<br \/>\nKr\u0101su temperat\u016bra (K) 4000.<br \/>\nGaismas kr\u0101sa Neitr\u0101li balta.<br \/>\nKop\u0113jais jaudas pat\u0113ri\u0146\u0161 (W) 10.2.<br \/>\nVad\u012bbas meh\u0101nisma tips Elektroniskais balasts.<br \/>\nVad\u012bbas meh\u0101nisma stiprin\u0101jums Integral.<br \/>\nKorpusa kr\u0101sa Sudraba.<br \/>\nIP reitings IP20.<br \/>\nProdukta nomin\u0101lais garums (mm) 628.<br \/>\nProdukta nomin\u0101lais platums (mm) 30.<br \/>\nProdukta nomin\u0101lais augstums (mm) 36.<br \/>\n<\/p>","protected":false},"excerpt":{"rendered":"<p>Tehnolo\u0123ija LED. Mont\u0101\u017ea Griestu virsmas mont\u0101\u017ea. Visp\u0101r\u0113js pielietojums viesm\u012bl\u012bbas, dz\u012bvojamo un pat\u0113r\u0113t\u0101ju jom\u0101. Kr\u0101su temperat\u016bra (K) 4000. Gaismas kr\u0101sa Neitr\u0101li balta. Kop\u0113jais jaudas pat\u0113ri\u0146\u0161 (W) 10.2. Vad\u012bbas meh\u0101nisma tips Elektroniskais balasts. Vad\u012bbas meh\u0101nisma stiprin\u0101jums Integral. Korpusa kr\u0101sa Sudraba. IP reitings IP20. Produkta nomin\u0101lais garums (mm) 628. Produkta nomin\u0101lais platums (mm) 30. Produkta nomin\u0101lais augstums (mm) [&hellip;]<\/p>\n","protected":false},"featured_media":31961,"comment_status":"closed","ping_status":"closed","template":"","meta":{"inline_featured_image":false},"product_cat":[772,903],"product_tag":[],"yst_prominent_words":[],"class_list":{"0":"post-31959","1":"product","2":"type-product","3":"status-publish","4":"has-post-thumbnail","6":"product_cat-atlaides","7":"product_cat-led-lineara-tipa-gaismekli","9":"first","10":"instock","11":"sale","12":"taxable","13":"shipping-taxable","14":"purchasable","15":"product-type-simple"},"jetpack_sharing_enabled":true,"_links":{"self":[{"href":"https:\/\/ddt.lv\/lv\/wp-json\/wp\/v2\/product\/31959"}],"collection":[{"href":"https:\/\/ddt.lv\/lv\/wp-json\/wp\/v2\/product"}],"about":[{"href":"https:\/\/ddt.lv\/lv\/wp-json\/wp\/v2\/types\/product"}],"replies":[{"embeddable":true,"href":"https:\/\/ddt.lv\/lv\/wp-json\/wp\/v2\/comments?post=31959"}],"wp:featuredmedia":[{"embeddable":true,"href":"https:\/\/ddt.lv\/lv\/wp-json\/wp\/v2\/media\/31961"}],"wp:attachment":[{"href":"https:\/\/ddt.lv\/lv\/wp-json\/wp\/v2\/media?parent=31959"}],"wp:term":[{"taxonomy":"product_cat","embeddable":true,"href":"https:\/\/ddt.lv\/lv\/wp-json\/wp\/v2\/product_cat?post=31959"},{"taxonomy":"product_tag","embeddable":true,"href":"https:\/\/ddt.lv\/lv\/wp-json\/wp\/v2\/product_tag?post=31959"},{"taxonomy":"yst_prominent_words","embeddable":true,"href":"https:\/\/ddt.lv\/lv\/wp-json\/wp\/v2\/yst_prominent_words?post=31959"}],"curies":[{"name":"wp","href":"https:\/\/api.w.org\/{rel}","templated":true}]}}