{"id":31957,"date":"2022-01-19T12:30:23","date_gmt":"2022-01-19T10:30:23","guid":{"rendered":"https:\/\/ddt.lv\/lv\/product\/f36w-t8-dzeltena-luminiscenta-spuldze-sylvania\/"},"modified":"2026-04-08T14:41:15","modified_gmt":"2026-04-08T11:41:15","slug":"f36w-t8-dzeltena-luminiscenta-spuldze-sylvania","status":"publish","type":"product","link":"https:\/\/ddt.lv\/lv\/product\/f36w-t8-dzeltena-luminiscenta-spuldze-sylvania\/","title":{"rendered":"F36W T8 dzeltena luminiscent\u0101 spuldze Sylvania"},"content":{"rendered":"<p>Tehnolo\u0123ija Fluoresc\u0113jo\u0161a.<br \/>\nLampas forma Cauru\u013cveida forma.<br \/>\nTips T8.<br \/>\nV\u0101ci\u0146\u0161\/b\u0101ze G13.<br \/>\nLampas apdare mat\u0113ta\/p\u0101rkl\u0101ta.<br \/>\nGaismas pl\u016bsma (lm) 1580.<br \/>\nGai\u0161a kr\u0101sa Dzeltena.<br \/>\nJauda (W) 36,00.<br \/>\nProdukta spriegums (V) 103.<br \/>\nAptum\u0161ojams J\u0101.<br \/>\nVid\u0113jais kalpo\u0161anas laiks (nomin\u0101ls) (h) 8000.<\/p>","protected":false},"excerpt":{"rendered":"<p>Tehnolo\u0123ija Fluoresc\u0113jo\u0161a. Lampas forma Cauru\u013cveida forma. Tips T8. V\u0101ci\u0146\u0161\/b\u0101ze G13. Lampas apdare mat\u0113ta\/p\u0101rkl\u0101ta. Gaismas pl\u016bsma (lm) 1580. Gai\u0161a kr\u0101sa Dzeltena. Jauda (W) 36,00. Produkta spriegums (V) 103. Aptum\u0161ojams J\u0101. Vid\u0113jais kalpo\u0161anas laiks (nomin\u0101ls) (h) 8000.<\/p>\n","protected":false},"featured_media":31962,"comment_status":"closed","ping_status":"closed","template":"","meta":{"inline_featured_image":false},"product_cat":[861],"product_tag":[],"yst_prominent_words":[],"class_list":{"0":"post-31957","1":"product","2":"type-product","3":"status-publish","4":"has-post-thumbnail","6":"product_cat-t8-spuldzes-luminiscentas-spuldzes-spuldzes","8":"first","9":"outofstock","10":"taxable","11":"shipping-taxable","12":"purchasable","13":"product-type-simple"},"jetpack_sharing_enabled":true,"_links":{"self":[{"href":"https:\/\/ddt.lv\/lv\/wp-json\/wp\/v2\/product\/31957"}],"collection":[{"href":"https:\/\/ddt.lv\/lv\/wp-json\/wp\/v2\/product"}],"about":[{"href":"https:\/\/ddt.lv\/lv\/wp-json\/wp\/v2\/types\/product"}],"replies":[{"embeddable":true,"href":"https:\/\/ddt.lv\/lv\/wp-json\/wp\/v2\/comments?post=31957"}],"wp:featuredmedia":[{"embeddable":true,"href":"https:\/\/ddt.lv\/lv\/wp-json\/wp\/v2\/media\/31962"}],"wp:attachment":[{"href":"https:\/\/ddt.lv\/lv\/wp-json\/wp\/v2\/media?parent=31957"}],"wp:term":[{"taxonomy":"product_cat","embeddable":true,"href":"https:\/\/ddt.lv\/lv\/wp-json\/wp\/v2\/product_cat?post=31957"},{"taxonomy":"product_tag","embeddable":true,"href":"https:\/\/ddt.lv\/lv\/wp-json\/wp\/v2\/product_tag?post=31957"},{"taxonomy":"yst_prominent_words","embeddable":true,"href":"https:\/\/ddt.lv\/lv\/wp-json\/wp\/v2\/yst_prominent_words?post=31957"}],"curies":[{"name":"wp","href":"https:\/\/api.w.org\/{rel}","templated":true}]}}