{"id":31922,"date":"2022-01-18T12:40:24","date_gmt":"2022-01-18T10:40:24","guid":{"rendered":"https:\/\/ddt.lv\/lv\/product\/sienas-pulkstenis-tomorrow-koka-melns-fons-35cm-platinet\/"},"modified":"2026-04-22T08:30:48","modified_gmt":"2026-04-22T05:30:48","slug":"sienas-pulkstenis-tomorrow-koka-melns-fons-35cm-platinet","status":"publish","type":"product","link":"https:\/\/ddt.lv\/lv\/product\/sienas-pulkstenis-tomorrow-koka-melns-fons-35cm-platinet\/","title":{"rendered":"Sienas pulkstenis TOMORROW koka, melns fons 35cm Platinet"},"content":{"rendered":"<p>Vienk\u0101r\u0161s, ta\u010du spilgts un unik\u0101ls sienas pulkstenis. Tas ir apg\u0101d\u0101ts ar lieliem cipariem, kas ir skaidri saredzami pat no att\u0101luma. Pulkstenis ir izgatavots no koka un plastmasas, un t\u0101 izm\u0113rs ir 35 x 35 x 5 cm. Darbojas ar vienu AA tipa bateriju.<br \/>\n<\/p>","protected":false},"excerpt":{"rendered":"<p>Vienk\u0101r\u0161s, ta\u010du spilgts un unik\u0101ls sienas pulkstenis. Tas ir apg\u0101d\u0101ts ar lieliem cipariem, kas ir skaidri saredzami pat no att\u0101luma. Pulkstenis ir izgatavots no koka un plastmasas, un t\u0101 izm\u0113rs ir 35 x 35 x 5 cm. Darbojas ar vienu AA tipa bateriju.<\/p>\n","protected":false},"featured_media":31928,"comment_status":"closed","ping_status":"closed","template":"","meta":{"inline_featured_image":false},"product_cat":[1426],"product_tag":[],"yst_prominent_words":[],"class_list":{"0":"post-31922","1":"product","2":"type-product","3":"status-publish","4":"has-post-thumbnail","6":"product_cat-pulksteni","8":"first","9":"outofstock","10":"taxable","11":"shipping-taxable","12":"purchasable","13":"product-type-simple"},"jetpack_sharing_enabled":true,"_links":{"self":[{"href":"https:\/\/ddt.lv\/lv\/wp-json\/wp\/v2\/product\/31922"}],"collection":[{"href":"https:\/\/ddt.lv\/lv\/wp-json\/wp\/v2\/product"}],"about":[{"href":"https:\/\/ddt.lv\/lv\/wp-json\/wp\/v2\/types\/product"}],"replies":[{"embeddable":true,"href":"https:\/\/ddt.lv\/lv\/wp-json\/wp\/v2\/comments?post=31922"}],"wp:featuredmedia":[{"embeddable":true,"href":"https:\/\/ddt.lv\/lv\/wp-json\/wp\/v2\/media\/31928"}],"wp:attachment":[{"href":"https:\/\/ddt.lv\/lv\/wp-json\/wp\/v2\/media?parent=31922"}],"wp:term":[{"taxonomy":"product_cat","embeddable":true,"href":"https:\/\/ddt.lv\/lv\/wp-json\/wp\/v2\/product_cat?post=31922"},{"taxonomy":"product_tag","embeddable":true,"href":"https:\/\/ddt.lv\/lv\/wp-json\/wp\/v2\/product_tag?post=31922"},{"taxonomy":"yst_prominent_words","embeddable":true,"href":"https:\/\/ddt.lv\/lv\/wp-json\/wp\/v2\/yst_prominent_words?post=31922"}],"curies":[{"name":"wp","href":"https:\/\/api.w.org\/{rel}","templated":true}]}}