{"id":31919,"date":"2022-01-18T12:30:28","date_gmt":"2022-01-18T10:30:28","guid":{"rendered":"https:\/\/ddt.lv\/lv\/product\/sienas-pulkstenis-morning-koka-balts-fons-23cm-platinet\/"},"modified":"2026-04-01T00:10:49","modified_gmt":"2026-03-31T21:10:49","slug":"sienas-pulkstenis-morning-koka-balts-fons-23cm-platinet","status":"publish","type":"product","link":"https:\/\/ddt.lv\/lv\/product\/sienas-pulkstenis-morning-koka-balts-fons-23cm-platinet\/","title":{"rendered":"Sienas pulkstenis MORNING koka, balts fons 23cm Platinet"},"content":{"rendered":"<p>Vienk\u0101r\u0161s un m\u016bsdien\u012bgs koka sienas pulkstenis ar za\u013cas kr\u0101sas elementiem uz balta fona. Pulkste\u0146a dizain\u0101 izmantots gan koks, gan plastmasa, un t\u0101 izm\u0113rs ir 23 x 23 x 5 cm. Darbojas ar vienu AA tipa bateriju.<\/p>","protected":false},"excerpt":{"rendered":"<p>Vienk\u0101r\u0161s un m\u016bsdien\u012bgs koka sienas pulkstenis ar za\u013cas kr\u0101sas elementiem uz balta fona. Pulkste\u0146a dizain\u0101 izmantots gan koks, gan plastmasa, un t\u0101 izm\u0113rs ir 23 x 23 x 5 cm. Darbojas ar vienu AA tipa bateriju.<\/p>\n","protected":false},"featured_media":31931,"comment_status":"closed","ping_status":"closed","template":"","meta":{"inline_featured_image":false},"product_cat":[1426],"product_tag":[],"yst_prominent_words":[],"class_list":{"0":"post-31919","1":"product","2":"type-product","3":"status-publish","4":"has-post-thumbnail","6":"product_cat-pulksteni","8":"first","9":"outofstock","10":"taxable","11":"shipping-taxable","12":"purchasable","13":"product-type-simple"},"jetpack_sharing_enabled":true,"_links":{"self":[{"href":"https:\/\/ddt.lv\/lv\/wp-json\/wp\/v2\/product\/31919"}],"collection":[{"href":"https:\/\/ddt.lv\/lv\/wp-json\/wp\/v2\/product"}],"about":[{"href":"https:\/\/ddt.lv\/lv\/wp-json\/wp\/v2\/types\/product"}],"replies":[{"embeddable":true,"href":"https:\/\/ddt.lv\/lv\/wp-json\/wp\/v2\/comments?post=31919"}],"wp:featuredmedia":[{"embeddable":true,"href":"https:\/\/ddt.lv\/lv\/wp-json\/wp\/v2\/media\/31931"}],"wp:attachment":[{"href":"https:\/\/ddt.lv\/lv\/wp-json\/wp\/v2\/media?parent=31919"}],"wp:term":[{"taxonomy":"product_cat","embeddable":true,"href":"https:\/\/ddt.lv\/lv\/wp-json\/wp\/v2\/product_cat?post=31919"},{"taxonomy":"product_tag","embeddable":true,"href":"https:\/\/ddt.lv\/lv\/wp-json\/wp\/v2\/product_tag?post=31919"},{"taxonomy":"yst_prominent_words","embeddable":true,"href":"https:\/\/ddt.lv\/lv\/wp-json\/wp\/v2\/yst_prominent_words?post=31919"}],"curies":[{"name":"wp","href":"https:\/\/api.w.org\/{rel}","templated":true}]}}