{"id":31914,"date":"2022-01-18T12:30:26","date_gmt":"2022-01-18T10:30:26","guid":{"rendered":"https:\/\/ddt.lv\/lv\/product\/pulkstenis-modinatajs-plain-balts-9x9cm-kvadrata-1xaa-platinet\/"},"modified":"2026-04-22T08:32:26","modified_gmt":"2026-04-22T05:32:26","slug":"pulkstenis-modinatajs-plain-balts-9x9cm-kvadrata-1xaa-platinet","status":"publish","type":"product","link":"https:\/\/ddt.lv\/lv\/product\/pulkstenis-modinatajs-plain-balts-9x9cm-kvadrata-1xaa-platinet\/","title":{"rendered":"Pulkstenis\/modin\u0101t\u0101js PLAIN balts 9x9cm kvadr\u0101ta (1xAA) Platinet"},"content":{"rendered":"<p>Uzticams modin\u0101t\u0101jpulkstenis un moderns interjera elements ietverts vien\u0101 pievilc\u012bg\u0101 minim\u0101listiska dizaina korpus\u0101. Izm\u0113rs: 8,7 \u00d7 8,7 \u00d7 4 cmBaro\u0161ana: 1 \u00d7 AA tipa baterija (iek\u013cauta komplekt\u0101)<\/p>","protected":false},"excerpt":{"rendered":"<p>Uzticams modin\u0101t\u0101jpulkstenis un moderns interjera elements ietverts vien\u0101 pievilc\u012bg\u0101 minim\u0101listiska dizaina korpus\u0101. Izm\u0113rs: 8,7 \u00d7 8,7 \u00d7 4 cmBaro\u0161ana: 1 \u00d7 AA tipa baterija (iek\u013cauta komplekt\u0101)<\/p>\n","protected":false},"featured_media":31941,"comment_status":"closed","ping_status":"closed","template":"","meta":{"inline_featured_image":false},"product_cat":[1426],"product_tag":[],"yst_prominent_words":[],"class_list":{"0":"post-31914","1":"product","2":"type-product","3":"status-publish","4":"has-post-thumbnail","6":"product_cat-pulksteni","8":"first","9":"outofstock","10":"taxable","11":"shipping-taxable","12":"purchasable","13":"product-type-simple"},"jetpack_sharing_enabled":true,"_links":{"self":[{"href":"https:\/\/ddt.lv\/lv\/wp-json\/wp\/v2\/product\/31914"}],"collection":[{"href":"https:\/\/ddt.lv\/lv\/wp-json\/wp\/v2\/product"}],"about":[{"href":"https:\/\/ddt.lv\/lv\/wp-json\/wp\/v2\/types\/product"}],"replies":[{"embeddable":true,"href":"https:\/\/ddt.lv\/lv\/wp-json\/wp\/v2\/comments?post=31914"}],"wp:featuredmedia":[{"embeddable":true,"href":"https:\/\/ddt.lv\/lv\/wp-json\/wp\/v2\/media\/31941"}],"wp:attachment":[{"href":"https:\/\/ddt.lv\/lv\/wp-json\/wp\/v2\/media?parent=31914"}],"wp:term":[{"taxonomy":"product_cat","embeddable":true,"href":"https:\/\/ddt.lv\/lv\/wp-json\/wp\/v2\/product_cat?post=31914"},{"taxonomy":"product_tag","embeddable":true,"href":"https:\/\/ddt.lv\/lv\/wp-json\/wp\/v2\/product_tag?post=31914"},{"taxonomy":"yst_prominent_words","embeddable":true,"href":"https:\/\/ddt.lv\/lv\/wp-json\/wp\/v2\/yst_prominent_words?post=31914"}],"curies":[{"name":"wp","href":"https:\/\/api.w.org\/{rel}","templated":true}]}}