{"id":31913,"date":"2022-01-18T12:30:26","date_gmt":"2022-01-18T10:30:26","guid":{"rendered":"https:\/\/ddt.lv\/lv\/product\/pulkstenis-modinatajs-march-sudraba-11-3x6-6x14-9cm-1xaa-platinet\/"},"modified":"2026-04-08T14:32:27","modified_gmt":"2026-04-08T11:32:27","slug":"pulkstenis-modinatajs-march-sudraba-11-3x6-6x14-9cm-1xaa-platinet","status":"publish","type":"product","link":"https:\/\/ddt.lv\/lv\/product\/pulkstenis-modinatajs-march-sudraba-11-3x6-6x14-9cm-1xaa-platinet\/","title":{"rendered":"Pulkstenis\/modin\u0101t\u0101js MARCH sudraba 11.3&#215;6.6&#215;14.9cm  (1xAA) Platinet"},"content":{"rendered":"<p>Uzticams modin\u0101t\u0101js un stil\u012bgs dizaina elements vien\u0101 skaist\u0101 minim\u0101listisk\u0101 korpus\u0101.<\/p>\n<p><\/p>","protected":false},"excerpt":{"rendered":"<p>Uzticams modin\u0101t\u0101js un stil\u012bgs dizaina elements vien\u0101 skaist\u0101 minim\u0101listisk\u0101 korpus\u0101.<\/p>\n","protected":false},"featured_media":31943,"comment_status":"closed","ping_status":"closed","template":"","meta":{"inline_featured_image":false},"product_cat":[1426],"product_tag":[],"yst_prominent_words":[],"class_list":{"0":"post-31913","1":"product","2":"type-product","3":"status-publish","4":"has-post-thumbnail","6":"product_cat-pulksteni","8":"first","9":"outofstock","10":"taxable","11":"shipping-taxable","12":"purchasable","13":"product-type-simple"},"jetpack_sharing_enabled":true,"_links":{"self":[{"href":"https:\/\/ddt.lv\/lv\/wp-json\/wp\/v2\/product\/31913"}],"collection":[{"href":"https:\/\/ddt.lv\/lv\/wp-json\/wp\/v2\/product"}],"about":[{"href":"https:\/\/ddt.lv\/lv\/wp-json\/wp\/v2\/types\/product"}],"replies":[{"embeddable":true,"href":"https:\/\/ddt.lv\/lv\/wp-json\/wp\/v2\/comments?post=31913"}],"wp:featuredmedia":[{"embeddable":true,"href":"https:\/\/ddt.lv\/lv\/wp-json\/wp\/v2\/media\/31943"}],"wp:attachment":[{"href":"https:\/\/ddt.lv\/lv\/wp-json\/wp\/v2\/media?parent=31913"}],"wp:term":[{"taxonomy":"product_cat","embeddable":true,"href":"https:\/\/ddt.lv\/lv\/wp-json\/wp\/v2\/product_cat?post=31913"},{"taxonomy":"product_tag","embeddable":true,"href":"https:\/\/ddt.lv\/lv\/wp-json\/wp\/v2\/product_tag?post=31913"},{"taxonomy":"yst_prominent_words","embeddable":true,"href":"https:\/\/ddt.lv\/lv\/wp-json\/wp\/v2\/yst_prominent_words?post=31913"}],"curies":[{"name":"wp","href":"https:\/\/api.w.org\/{rel}","templated":true}]}}