{"id":31908,"date":"2022-01-18T12:30:24","date_gmt":"2022-01-18T10:30:24","guid":{"rendered":"https:\/\/ddt.lv\/lv\/product\/pulkstenis-sienas-rainbow-melns-27-3cm-1xaa-platinet\/"},"modified":"2026-04-13T09:57:16","modified_gmt":"2026-04-13T06:57:16","slug":"pulkstenis-sienas-rainbow-melns-27-3cm-1xaa-platinet","status":"publish","type":"product","link":"https:\/\/ddt.lv\/lv\/product\/pulkstenis-sienas-rainbow-melns-27-3cm-1xaa-platinet\/","title":{"rendered":"Pulkstenis sienas RAINBOW melns 27.3cm (1xAA) PLATINET"},"content":{"rendered":"<p>RAINBOW sienas pulkstenis ir univers\u0101la konstrukcija, kas lieliski piem\u0113rota k\u0101 interjera dizaina elements modern\u0101, industri\u0101l\u0101 un Skandin\u0101vijas stil\u0101. Pulkstenis ir izgatavots no augst\u0101k\u0101s kvalit\u0101tes materi\u0101liem, pateicoties kuram tas izskat\u0101s elegants un iztur\u012bgs, pateicoties kuram tas daudzus gadus var darboties bez k\u013c\u016bm\u0113m. TEHNISK\u0100S SPECIFIK\u0100CIJAS Baro\u0161anas avots: 1x AA (iek\u013cauts komplekt\u0101)ABS materi\u0101ls.Diametrs 27,3 cm.P\u0101rl\u0113ciena meh\u0101nisms.<\/p>","protected":false},"excerpt":{"rendered":"<p>RAINBOW sienas pulkstenis ir univers\u0101la konstrukcija, kas lieliski piem\u0113rota k\u0101 interjera dizaina elements modern\u0101, industri\u0101l\u0101 un Skandin\u0101vijas stil\u0101. Pulkstenis ir izgatavots no augst\u0101k\u0101s kvalit\u0101tes materi\u0101liem, pateicoties kuram tas izskat\u0101s elegants un iztur\u012bgs, pateicoties kuram tas daudzus gadus var darboties bez k\u013c\u016bm\u0113m. TEHNISK\u0100S SPECIFIK\u0100CIJAS Baro\u0161anas avots: 1x AA (iek\u013cauts komplekt\u0101)ABS materi\u0101ls.Diametrs 27,3 cm.P\u0101rl\u0113ciena meh\u0101nisms.<\/p>\n","protected":false},"featured_media":31951,"comment_status":"closed","ping_status":"closed","template":"","meta":{"inline_featured_image":false},"product_cat":[1426],"product_tag":[],"yst_prominent_words":[],"class_list":{"0":"post-31908","1":"product","2":"type-product","3":"status-publish","4":"has-post-thumbnail","6":"product_cat-pulksteni","8":"first","9":"outofstock","10":"taxable","11":"shipping-taxable","12":"purchasable","13":"product-type-simple"},"jetpack_sharing_enabled":true,"_links":{"self":[{"href":"https:\/\/ddt.lv\/lv\/wp-json\/wp\/v2\/product\/31908"}],"collection":[{"href":"https:\/\/ddt.lv\/lv\/wp-json\/wp\/v2\/product"}],"about":[{"href":"https:\/\/ddt.lv\/lv\/wp-json\/wp\/v2\/types\/product"}],"replies":[{"embeddable":true,"href":"https:\/\/ddt.lv\/lv\/wp-json\/wp\/v2\/comments?post=31908"}],"wp:featuredmedia":[{"embeddable":true,"href":"https:\/\/ddt.lv\/lv\/wp-json\/wp\/v2\/media\/31951"}],"wp:attachment":[{"href":"https:\/\/ddt.lv\/lv\/wp-json\/wp\/v2\/media?parent=31908"}],"wp:term":[{"taxonomy":"product_cat","embeddable":true,"href":"https:\/\/ddt.lv\/lv\/wp-json\/wp\/v2\/product_cat?post=31908"},{"taxonomy":"product_tag","embeddable":true,"href":"https:\/\/ddt.lv\/lv\/wp-json\/wp\/v2\/product_tag?post=31908"},{"taxonomy":"yst_prominent_words","embeddable":true,"href":"https:\/\/ddt.lv\/lv\/wp-json\/wp\/v2\/yst_prominent_words?post=31908"}],"curies":[{"name":"wp","href":"https:\/\/api.w.org\/{rel}","templated":true}]}}