{"id":31869,"date":"2022-01-17T15:40:30","date_gmt":"2022-01-17T13:40:30","guid":{"rendered":"https:\/\/ddt.lv\/lv\/product\/vadu-savienotajs-t-veida-3x0-75-2-5mm-ip68-emos\/"},"modified":"2026-04-27T08:37:28","modified_gmt":"2026-04-27T05:37:28","slug":"vadu-savienotajs-t-veida-3x0-75-2-5mm-ip68-emos","status":"publish","type":"product","link":"https:\/\/ddt.lv\/lv\/product\/vadu-savienotajs-t-veida-3x0-75-2-5mm-ip68-emos\/","title":{"rendered":"Vadu savienot\u0101js T veida 3&#215;0.75-2.5mm IP68 16A 450V EMOS"},"content":{"rendered":"<p>IP68. darba temperat\u016bras diapazons -40\u00b0C l\u012bdz +85\u00b0C. melna kr\u0101sa. spriegums 450 V. korpusa materi\u0101ls plastmasa (PA66). frekvence 50\/60 Hz. str\u0101va 16 A. aizsardz\u012bbas pak\u0101pe pret meh\u0101niskiem triecieniem IK08.<\/p>","protected":false},"excerpt":{"rendered":"<p>IP68. darba temperat\u016bras diapazons -40\u00b0C l\u012bdz +85\u00b0C. melna kr\u0101sa. spriegums 450 V. korpusa materi\u0101ls plastmasa (PA66). frekvence 50\/60 Hz. str\u0101va 16 A. aizsardz\u012bbas pak\u0101pe pret meh\u0101niskiem triecieniem IK08.<\/p>\n","protected":false},"featured_media":31871,"comment_status":"closed","ping_status":"closed","template":"","meta":{"inline_featured_image":false},"product_cat":[1419,772],"product_tag":[],"yst_prominent_words":[],"class_list":{"0":"post-31869","1":"product","2":"type-product","3":"status-publish","4":"has-post-thumbnail","6":"product_cat-savienotajklemmes","7":"product_cat-atlaides","9":"first","10":"instock","11":"sale","12":"taxable","13":"shipping-taxable","14":"purchasable","15":"product-type-simple"},"jetpack_sharing_enabled":true,"_links":{"self":[{"href":"https:\/\/ddt.lv\/lv\/wp-json\/wp\/v2\/product\/31869"}],"collection":[{"href":"https:\/\/ddt.lv\/lv\/wp-json\/wp\/v2\/product"}],"about":[{"href":"https:\/\/ddt.lv\/lv\/wp-json\/wp\/v2\/types\/product"}],"replies":[{"embeddable":true,"href":"https:\/\/ddt.lv\/lv\/wp-json\/wp\/v2\/comments?post=31869"}],"wp:featuredmedia":[{"embeddable":true,"href":"https:\/\/ddt.lv\/lv\/wp-json\/wp\/v2\/media\/31871"}],"wp:attachment":[{"href":"https:\/\/ddt.lv\/lv\/wp-json\/wp\/v2\/media?parent=31869"}],"wp:term":[{"taxonomy":"product_cat","embeddable":true,"href":"https:\/\/ddt.lv\/lv\/wp-json\/wp\/v2\/product_cat?post=31869"},{"taxonomy":"product_tag","embeddable":true,"href":"https:\/\/ddt.lv\/lv\/wp-json\/wp\/v2\/product_tag?post=31869"},{"taxonomy":"yst_prominent_words","embeddable":true,"href":"https:\/\/ddt.lv\/lv\/wp-json\/wp\/v2\/yst_prominent_words?post=31869"}],"curies":[{"name":"wp","href":"https:\/\/api.w.org\/{rel}","templated":true}]}}