{"id":31867,"date":"2022-01-17T15:40:28","date_gmt":"2022-01-17T13:40:28","guid":{"rendered":"https:\/\/ddt.lv\/lv\/product\/virtenes-pagarinajums-terasem-10spuldzem-e27-230v-075kw-ip44-7-35m-bez-piesleguma-tiklam-emos\/"},"modified":"2026-04-08T14:45:41","modified_gmt":"2026-04-08T11:45:41","slug":"virtenes-pagarinajums-terasem-10spuldzem-e27-230v-075kw-ip44-7-35m-bez-piesleguma-tiklam-emos","status":"publish","type":"product","link":"https:\/\/ddt.lv\/lv\/product\/virtenes-pagarinajums-terasem-10spuldzem-e27-230v-075kw-ip44-7-35m-bez-piesleguma-tiklam-emos\/","title":{"rendered":"Virtenes pagarin\u0101jums Teras\u0113m  10spuldz\u0113m E27 230V 0,75kW IP44 7.35m bez piesl\u0113guma t\u012bklam EMOS"},"content":{"rendered":"<p>7,35 m.<br \/>\nizmanto\u0161anai \u0101rpus telp\u0101m un iek\u0161telp\u0101s.<br \/>\napgaismojuma avots E27.<br \/>\nstieples kr\u0101sa melna.<br \/>\nstr\u0101vas pat\u0113ri\u0146\u0161 750 W maks.<br \/>\nieejas spriegums 230 V AC.<br \/>\nIP44 aizsardz\u012bba.<br \/>\nkalpo\u0161anas laiks 10 000 stundas.<br \/>\ngumijas materi\u0101ls.<\/p>\n<p><\/p>","protected":false},"excerpt":{"rendered":"<p>7,35 m. izmanto\u0161anai \u0101rpus telp\u0101m un iek\u0161telp\u0101s. apgaismojuma avots E27. stieples kr\u0101sa melna. str\u0101vas pat\u0113ri\u0146\u0161 750 W maks. ieejas spriegums 230 V AC. IP44 aizsardz\u012bba. kalpo\u0161anas laiks 10 000 stundas. gumijas materi\u0101ls.<\/p>\n","protected":false},"featured_media":31883,"comment_status":"closed","ping_status":"closed","template":"","meta":{"inline_featured_image":false},"product_cat":[1587,772,912],"product_tag":[],"yst_prominent_words":[],"class_list":{"0":"post-31867","1":"product","2":"type-product","3":"status-publish","4":"has-post-thumbnail","6":"product_cat-apgaismojums-virtenes","7":"product_cat-atlaides","8":"product_cat-ara-virtenes","10":"first","11":"outofstock","12":"sale","13":"taxable","14":"shipping-taxable","15":"purchasable","16":"product-type-simple"},"jetpack_sharing_enabled":true,"_links":{"self":[{"href":"https:\/\/ddt.lv\/lv\/wp-json\/wp\/v2\/product\/31867"}],"collection":[{"href":"https:\/\/ddt.lv\/lv\/wp-json\/wp\/v2\/product"}],"about":[{"href":"https:\/\/ddt.lv\/lv\/wp-json\/wp\/v2\/types\/product"}],"replies":[{"embeddable":true,"href":"https:\/\/ddt.lv\/lv\/wp-json\/wp\/v2\/comments?post=31867"}],"wp:featuredmedia":[{"embeddable":true,"href":"https:\/\/ddt.lv\/lv\/wp-json\/wp\/v2\/media\/31883"}],"wp:attachment":[{"href":"https:\/\/ddt.lv\/lv\/wp-json\/wp\/v2\/media?parent=31867"}],"wp:term":[{"taxonomy":"product_cat","embeddable":true,"href":"https:\/\/ddt.lv\/lv\/wp-json\/wp\/v2\/product_cat?post=31867"},{"taxonomy":"product_tag","embeddable":true,"href":"https:\/\/ddt.lv\/lv\/wp-json\/wp\/v2\/product_tag?post=31867"},{"taxonomy":"yst_prominent_words","embeddable":true,"href":"https:\/\/ddt.lv\/lv\/wp-json\/wp\/v2\/yst_prominent_words?post=31867"}],"curies":[{"name":"wp","href":"https:\/\/api.w.org\/{rel}","templated":true}]}}