{"id":31866,"date":"2022-01-17T15:40:28","date_gmt":"2022-01-17T13:40:28","guid":{"rendered":"https:\/\/ddt.lv\/lv\/product\/tv-r-sat-kontaktligzdas-ramis-balts-emos\/"},"modified":"2026-04-14T15:55:29","modified_gmt":"2026-04-14T12:55:29","slug":"tv-r-sat-kontaktligzdas-ramis-balts-emos","status":"publish","type":"product","link":"https:\/\/ddt.lv\/lv\/product\/tv-r-sat-kontaktligzdas-ramis-balts-emos\/","title":{"rendered":"TV R SAT kontaktligzdas r\u0101mis balts EMOS"},"content":{"rendered":"<p>TV, radio un satel\u012bta ligzdas v\u0101ks. Komplekt\u0101 iek\u013cauta skr\u016bve v\u0101ka nostiprin\u0101\u0161anai pie abonenta kontaktligzdas.<\/p>","protected":false},"excerpt":{"rendered":"<p>TV, radio un satel\u012bta ligzdas v\u0101ks. Komplekt\u0101 iek\u013cauta skr\u016bve v\u0101ka nostiprin\u0101\u0161anai pie abonenta kontaktligzdas.<\/p>\n","protected":false},"featured_media":31881,"comment_status":"closed","ping_status":"closed","template":"","meta":{"inline_featured_image":false},"product_cat":[1308],"product_tag":[],"yst_prominent_words":[],"class_list":{"0":"post-31866","1":"product","2":"type-product","3":"status-publish","4":"has-post-thumbnail","6":"product_cat-ramisi","8":"first","9":"instock","10":"taxable","11":"shipping-taxable","12":"purchasable","13":"product-type-simple"},"jetpack_sharing_enabled":true,"_links":{"self":[{"href":"https:\/\/ddt.lv\/lv\/wp-json\/wp\/v2\/product\/31866"}],"collection":[{"href":"https:\/\/ddt.lv\/lv\/wp-json\/wp\/v2\/product"}],"about":[{"href":"https:\/\/ddt.lv\/lv\/wp-json\/wp\/v2\/types\/product"}],"replies":[{"embeddable":true,"href":"https:\/\/ddt.lv\/lv\/wp-json\/wp\/v2\/comments?post=31866"}],"wp:featuredmedia":[{"embeddable":true,"href":"https:\/\/ddt.lv\/lv\/wp-json\/wp\/v2\/media\/31881"}],"wp:attachment":[{"href":"https:\/\/ddt.lv\/lv\/wp-json\/wp\/v2\/media?parent=31866"}],"wp:term":[{"taxonomy":"product_cat","embeddable":true,"href":"https:\/\/ddt.lv\/lv\/wp-json\/wp\/v2\/product_cat?post=31866"},{"taxonomy":"product_tag","embeddable":true,"href":"https:\/\/ddt.lv\/lv\/wp-json\/wp\/v2\/product_tag?post=31866"},{"taxonomy":"yst_prominent_words","embeddable":true,"href":"https:\/\/ddt.lv\/lv\/wp-json\/wp\/v2\/yst_prominent_words?post=31866"}],"curies":[{"name":"wp","href":"https:\/\/api.w.org\/{rel}","templated":true}]}}