{"id":31864,"date":"2022-01-17T15:40:26","date_gmt":"2022-01-17T13:40:26","guid":{"rendered":"https:\/\/ddt.lv\/lv\/product\/meteostacija-radiopulkstenis-kalendarsbezvadu2xaa-2xaaaemos\/"},"modified":"2026-04-13T09:50:55","modified_gmt":"2026-04-13T06:50:55","slug":"meteostacija-radiopulkstenis-kalendarsbezvadu2xaa-2xaaaemos","status":"publish","type":"product","link":"https:\/\/ddt.lv\/lv\/product\/meteostacija-radiopulkstenis-kalendarsbezvadu2xaa-2xaaaemos\/","title":{"rendered":"Meteostacija\/radiopulkstenis\/kalend\u0101rs,bezvadu(2xAA\/2xAAA)EMOS"},"content":{"rendered":"<p>sensora darb\u012bbas r\u0101diuss l\u012bdz 30 m.<br \/>\nbarometrs j\u0101.<br \/>\ndispleja izm\u0113rs 123 \u00d7 78 mm.<br \/>\niesp\u0113ja piek\u0101rt pie sienas .<br \/>\nstieples zonde l\u012bdz sensoram 1 m.<br \/>\n\u0101ra temperat\u016bra -50 \u00b0 C l\u012bdz +70 \u00b0 C, iz\u0161\u0137irtsp\u0113ja 0,1 \u00b0 C.<br \/>\n\u0101ra mitrums no 20% l\u012bdz 95% RH, iz\u0161\u0137irtsp\u0113ja 1%.<br \/>\nlaika prognoze .<br \/>\npulksteni kontrol\u0113 ar DCF sign\u0101lu.<br \/>\nmin. un max temperat\u016bra .<br \/>\nm\u0113ness f\u0101ze .<br \/>\ndatums .<br \/>\nspiediena tendence .<br \/>\nstacijas baro\u0161anas avots 2 \u00d7 1,5 V AA (nav iek\u013cauts).<br \/>\nbezvadu dizains.<br \/>\nkalend\u0101rs .<br \/>\niek\u0161\u0113j\u0101 temperat\u016bra no 0 \u00b0 C l\u012bdz +50 \u00b0 C, iz\u0161\u0137irtsp\u0113ja 0,1 \u00b0 C.<br \/>\ntemperat\u016bras tendence .<br \/>\nLED displeja fona apgaismojums .<br \/>\naugstuma korekcija .<br \/>\n12\/24 laika form\u0101ts .<br \/>\nsensora baro\u0161anas avots 2 \u00d7 1,5 V AAA (nav iek\u013cauts).<br \/>\nmodin\u0101t\u0101js .<br \/>\niek\u0161\u0113jais mitrums no 20% l\u012bdz 95% RH, iz\u0161\u0137irtsp\u0113ja 1%.<br \/>\ntemperat\u016bras br\u012bdin\u0101jums .<br \/>\nlaika joslas .<br \/>\natk\u0101rtota modin\u0101t\u0101js.<br \/>\niesp\u0113ja iestat\u012bt temperat\u016bras m\u0113rvien\u012bbu \u00b0 C \/ \u00b0 F.<br \/>\np\u0101rraides frekvence 433 MHz.<br \/>\nsensora izm\u0113rs 21 \u00d7 60 \u00d7 100 mm.<br \/>\ngalven\u0101s vien\u012bbas izm\u0113rs 33 \u00d7 190 \u00d7 133 mm.<\/p>\n<p><\/p>","protected":false},"excerpt":{"rendered":"<p>sensora darb\u012bbas r\u0101diuss l\u012bdz 30 m. barometrs j\u0101. displeja izm\u0113rs 123 \u00d7 78 mm. iesp\u0113ja piek\u0101rt pie sienas . stieples zonde l\u012bdz sensoram 1 m. \u0101ra temperat\u016bra -50 \u00b0 C l\u012bdz +70 \u00b0 C, iz\u0161\u0137irtsp\u0113ja 0,1 \u00b0 C. \u0101ra mitrums no 20% l\u012bdz 95% RH, iz\u0161\u0137irtsp\u0113ja 1%. laika prognoze . pulksteni kontrol\u0113 ar DCF sign\u0101lu. [&hellip;]<\/p>\n","protected":false},"featured_media":31895,"comment_status":"closed","ping_status":"closed","template":"","meta":{"inline_featured_image":false},"product_cat":[541],"product_tag":[],"yst_prominent_words":[],"class_list":{"0":"post-31864","1":"product","2":"type-product","3":"status-publish","4":"has-post-thumbnail","6":"product_cat-termometri-meteostacijas","8":"first","9":"instock","10":"taxable","11":"shipping-taxable","12":"purchasable","13":"product-type-simple"},"jetpack_sharing_enabled":true,"_links":{"self":[{"href":"https:\/\/ddt.lv\/lv\/wp-json\/wp\/v2\/product\/31864"}],"collection":[{"href":"https:\/\/ddt.lv\/lv\/wp-json\/wp\/v2\/product"}],"about":[{"href":"https:\/\/ddt.lv\/lv\/wp-json\/wp\/v2\/types\/product"}],"replies":[{"embeddable":true,"href":"https:\/\/ddt.lv\/lv\/wp-json\/wp\/v2\/comments?post=31864"}],"wp:featuredmedia":[{"embeddable":true,"href":"https:\/\/ddt.lv\/lv\/wp-json\/wp\/v2\/media\/31895"}],"wp:attachment":[{"href":"https:\/\/ddt.lv\/lv\/wp-json\/wp\/v2\/media?parent=31864"}],"wp:term":[{"taxonomy":"product_cat","embeddable":true,"href":"https:\/\/ddt.lv\/lv\/wp-json\/wp\/v2\/product_cat?post=31864"},{"taxonomy":"product_tag","embeddable":true,"href":"https:\/\/ddt.lv\/lv\/wp-json\/wp\/v2\/product_tag?post=31864"},{"taxonomy":"yst_prominent_words","embeddable":true,"href":"https:\/\/ddt.lv\/lv\/wp-json\/wp\/v2\/yst_prominent_words?post=31864"}],"curies":[{"name":"wp","href":"https:\/\/api.w.org\/{rel}","templated":true}]}}