{"id":31862,"date":"2022-01-17T15:40:24","date_gmt":"2022-01-17T13:40:24","guid":{"rendered":"https:\/\/ddt.lv\/lv\/product\/led-candle-e14-6w-230v-470lm-6500k-spuldze-emos\/"},"modified":"2026-04-13T10:01:18","modified_gmt":"2026-04-13T07:01:18","slug":"led-candle-e14-6w-230v-470lm-6500k-spuldze-emos","status":"publish","type":"product","link":"https:\/\/ddt.lv\/lv\/product\/led-candle-e14-6w-230v-470lm-6500k-spuldze-emos\/","title":{"rendered":"LED Candle E14 6W 230V 470lm 6500K spuldze EMOS"},"content":{"rendered":"<p>E14.<br \/>\ngaismas kr\u0101sa auksti balta.<br \/>\n40 W spuldzes nomai\u0146a<br \/>\nener\u0123ijas pat\u0113ri\u0146\u0161 5 W.<br \/>\ngaismas pl\u016bsma 470 lm.<br \/>\nSveces forma.<br \/>\nhromatiskuma temperat\u016bra 6 500 K.<br \/>\nspriegums 230 V ~ \/ 50 Hz.<br \/>\nstara le\u0146\u0137is 250\u00b0.<br \/>\nkr\u0101su render\u0113\u0161anas indekss (CRI) 80.<br \/>\nener\u0123ijas klase (no 1.9.2021.) F.<br \/>\nkalpo\u0161anas laiks 30 000 stundas.<br \/>\nLED tehnolo\u0123ija.<br \/>\np\u0101rsl\u0113g\u0161anas ciklu skaits 25 000.<\/p>","protected":false},"excerpt":{"rendered":"<p>E14. gaismas kr\u0101sa auksti balta. 40 W spuldzes nomai\u0146a ener\u0123ijas pat\u0113ri\u0146\u0161 5 W. gaismas pl\u016bsma 470 lm. Sveces forma. hromatiskuma temperat\u016bra 6 500 K. spriegums 230 V ~ \/ 50 Hz. stara le\u0146\u0137is 250\u00b0. kr\u0101su render\u0113\u0161anas indekss (CRI) 80. ener\u0123ijas klase (no 1.9.2021.) F. kalpo\u0161anas laiks 30 000 stundas. LED tehnolo\u0123ija. p\u0101rsl\u0113g\u0161anas ciklu skaits 25 [&hellip;]<\/p>\n","protected":false},"featured_media":31903,"comment_status":"closed","ping_status":"closed","template":"","meta":{"inline_featured_image":false},"product_cat":[851],"product_tag":[],"yst_prominent_words":[],"class_list":{"0":"post-31862","1":"product","2":"type-product","3":"status-publish","4":"has-post-thumbnail","6":"product_cat-e14-spuldzes","8":"first","9":"outofstock","10":"taxable","11":"shipping-taxable","12":"purchasable","13":"product-type-simple"},"jetpack_sharing_enabled":true,"_links":{"self":[{"href":"https:\/\/ddt.lv\/lv\/wp-json\/wp\/v2\/product\/31862"}],"collection":[{"href":"https:\/\/ddt.lv\/lv\/wp-json\/wp\/v2\/product"}],"about":[{"href":"https:\/\/ddt.lv\/lv\/wp-json\/wp\/v2\/types\/product"}],"replies":[{"embeddable":true,"href":"https:\/\/ddt.lv\/lv\/wp-json\/wp\/v2\/comments?post=31862"}],"wp:featuredmedia":[{"embeddable":true,"href":"https:\/\/ddt.lv\/lv\/wp-json\/wp\/v2\/media\/31903"}],"wp:attachment":[{"href":"https:\/\/ddt.lv\/lv\/wp-json\/wp\/v2\/media?parent=31862"}],"wp:term":[{"taxonomy":"product_cat","embeddable":true,"href":"https:\/\/ddt.lv\/lv\/wp-json\/wp\/v2\/product_cat?post=31862"},{"taxonomy":"product_tag","embeddable":true,"href":"https:\/\/ddt.lv\/lv\/wp-json\/wp\/v2\/product_tag?post=31862"},{"taxonomy":"yst_prominent_words","embeddable":true,"href":"https:\/\/ddt.lv\/lv\/wp-json\/wp\/v2\/yst_prominent_words?post=31862"}],"curies":[{"name":"wp","href":"https:\/\/api.w.org\/{rel}","templated":true}]}}