{"id":31812,"date":"2022-01-13T15:30:30","date_gmt":"2022-01-13T13:30:30","guid":{"rendered":"https:\/\/ddt.lv\/lv\/product\/f18w-840-t8-g13-1350lm-luminiscenta-spuldze-osram\/"},"modified":"2026-04-08T14:40:45","modified_gmt":"2026-04-08T11:40:45","slug":"f18w-840-t8-g13-1350lm-luminiscenta-spuldze-osram","status":"publish","type":"product","link":"https:\/\/ddt.lv\/lv\/product\/f18w-840-t8-g13-1350lm-luminiscenta-spuldze-osram\/","title":{"rendered":"F18W\/840 T8 G13 1350lm luminiscent\u0101 spuldze OSRAM"},"content":{"rendered":"<p>Nomin\u0101lais spriegums 57.0V.<br \/>\nNomin\u0101l\u0101 jauda 18,00 W.<br \/>\nKr\u0101su atveido\u0161anas indekss Ra =80.<br \/>\nGaismas pl\u016bsma pie 25\u00b0C 1350 lm.<br \/>\nGai\u0161\u0101 kr\u0101sa 840.<br \/>\nKr\u0101su temperat\u016bra 4000K.<br \/>\n<\/p>","protected":false},"excerpt":{"rendered":"<p>Nomin\u0101lais spriegums 57.0V. Nomin\u0101l\u0101 jauda 18,00 W. Kr\u0101su atveido\u0161anas indekss Ra =80. Gaismas pl\u016bsma pie 25\u00b0C 1350 lm. Gai\u0161\u0101 kr\u0101sa 840. Kr\u0101su temperat\u016bra 4000K.<\/p>\n","protected":false},"featured_media":31822,"comment_status":"closed","ping_status":"closed","template":"","meta":{"inline_featured_image":false},"product_cat":[861],"product_tag":[],"yst_prominent_words":[],"class_list":{"0":"post-31812","1":"product","2":"type-product","3":"status-publish","4":"has-post-thumbnail","6":"product_cat-t8-spuldzes-luminiscentas-spuldzes-spuldzes","8":"first","9":"instock","10":"taxable","11":"shipping-taxable","12":"purchasable","13":"product-type-simple"},"jetpack_sharing_enabled":true,"_links":{"self":[{"href":"https:\/\/ddt.lv\/lv\/wp-json\/wp\/v2\/product\/31812"}],"collection":[{"href":"https:\/\/ddt.lv\/lv\/wp-json\/wp\/v2\/product"}],"about":[{"href":"https:\/\/ddt.lv\/lv\/wp-json\/wp\/v2\/types\/product"}],"replies":[{"embeddable":true,"href":"https:\/\/ddt.lv\/lv\/wp-json\/wp\/v2\/comments?post=31812"}],"wp:featuredmedia":[{"embeddable":true,"href":"https:\/\/ddt.lv\/lv\/wp-json\/wp\/v2\/media\/31822"}],"wp:attachment":[{"href":"https:\/\/ddt.lv\/lv\/wp-json\/wp\/v2\/media?parent=31812"}],"wp:term":[{"taxonomy":"product_cat","embeddable":true,"href":"https:\/\/ddt.lv\/lv\/wp-json\/wp\/v2\/product_cat?post=31812"},{"taxonomy":"product_tag","embeddable":true,"href":"https:\/\/ddt.lv\/lv\/wp-json\/wp\/v2\/product_tag?post=31812"},{"taxonomy":"yst_prominent_words","embeddable":true,"href":"https:\/\/ddt.lv\/lv\/wp-json\/wp\/v2\/yst_prominent_words?post=31812"}],"curies":[{"name":"wp","href":"https:\/\/api.w.org\/{rel}","templated":true}]}}