{"id":31811,"date":"2022-01-13T15:30:29","date_gmt":"2022-01-13T13:30:29","guid":{"rendered":"https:\/\/ddt.lv\/lv\/product\/om-f28w-830-t5-he-master-luminiscenta-spuldze-philips\/"},"modified":"2026-04-01T00:06:30","modified_gmt":"2026-03-31T21:06:30","slug":"om-f28w-830-t5-he-master-luminiscenta-spuldze-philips","status":"publish","type":"product","link":"https:\/\/ddt.lv\/lv\/product\/om-f28w-830-t5-he-master-luminiscenta-spuldze-philips\/","title":{"rendered":"OM F28W\/830 T5 HE MASTER luminiscent\u0101 spuldze PHILIPS"},"content":{"rendered":"<p>1149 mm 28 w T5 dienasgaismas lampa 830. kr\u0101s\u0101 \u2014 silti balta. vid\u0113jais kalpo\u0161anas laiks ir 30 000 stundu un A klases energoefektivit\u0101tes nov\u0113rt\u0113jums. T5 caurules ir piem\u0113rotas visiem veikaliem, noliktav\u0101m, r\u016bpn\u012bc\u0101m un citiem lieliem r\u016bpniec\u012bbas objektiem, k\u0101 ar\u012b sabiedrisk\u0101m \u0113k\u0101m un telp\u0101m.<\/p>\n<p><\/p>","protected":false},"excerpt":{"rendered":"<p>1149 mm 28 w T5 dienasgaismas lampa 830. kr\u0101s\u0101 \u2014 silti balta. vid\u0113jais kalpo\u0161anas laiks ir 30 000 stundu un A klases energoefektivit\u0101tes nov\u0113rt\u0113jums. T5 caurules ir piem\u0113rotas visiem veikaliem, noliktav\u0101m, r\u016bpn\u012bc\u0101m un citiem lieliem r\u016bpniec\u012bbas objektiem, k\u0101 ar\u012b sabiedrisk\u0101m \u0113k\u0101m un telp\u0101m.<\/p>\n","protected":false},"featured_media":31824,"comment_status":"closed","ping_status":"closed","template":"","meta":{"inline_featured_image":false},"product_cat":[860],"product_tag":[],"yst_prominent_words":[],"class_list":{"0":"post-31811","1":"product","2":"type-product","3":"status-publish","4":"has-post-thumbnail","6":"product_cat-t5-spuldzes-luminiscentas-spuldzes-spuldzes","8":"first","9":"instock","10":"taxable","11":"shipping-taxable","12":"purchasable","13":"product-type-simple"},"jetpack_sharing_enabled":true,"_links":{"self":[{"href":"https:\/\/ddt.lv\/lv\/wp-json\/wp\/v2\/product\/31811"}],"collection":[{"href":"https:\/\/ddt.lv\/lv\/wp-json\/wp\/v2\/product"}],"about":[{"href":"https:\/\/ddt.lv\/lv\/wp-json\/wp\/v2\/types\/product"}],"replies":[{"embeddable":true,"href":"https:\/\/ddt.lv\/lv\/wp-json\/wp\/v2\/comments?post=31811"}],"wp:featuredmedia":[{"embeddable":true,"href":"https:\/\/ddt.lv\/lv\/wp-json\/wp\/v2\/media\/31824"}],"wp:attachment":[{"href":"https:\/\/ddt.lv\/lv\/wp-json\/wp\/v2\/media?parent=31811"}],"wp:term":[{"taxonomy":"product_cat","embeddable":true,"href":"https:\/\/ddt.lv\/lv\/wp-json\/wp\/v2\/product_cat?post=31811"},{"taxonomy":"product_tag","embeddable":true,"href":"https:\/\/ddt.lv\/lv\/wp-json\/wp\/v2\/product_tag?post=31811"},{"taxonomy":"yst_prominent_words","embeddable":true,"href":"https:\/\/ddt.lv\/lv\/wp-json\/wp\/v2\/yst_prominent_words?post=31811"}],"curies":[{"name":"wp","href":"https:\/\/api.w.org\/{rel}","templated":true}]}}