{"id":31810,"date":"2022-01-13T15:30:28","date_gmt":"2022-01-13T13:30:28","guid":{"rendered":"https:\/\/ddt.lv\/lv\/product\/f36w-830-t8-g13-luminisceta-spuldze-polamp\/"},"modified":"2026-04-08T14:26:47","modified_gmt":"2026-04-08T11:26:47","slug":"f36w-830-t8-g13-luminisceta-spuldze-polamp","status":"publish","type":"product","link":"https:\/\/ddt.lv\/lv\/product\/f36w-830-t8-g13-luminisceta-spuldze-polamp\/","title":{"rendered":"F36W\/830 T8 G13 luminisc\u0113t\u0101 spuldze Polamp"},"content":{"rendered":"<p>Tehnolo\u0123ija Fluoresc\u0113jo\u0161a.<br \/>\nJauda 36W.<br \/>\nKr\u0101su temperat\u016bra (Kelvins) 3000K &#8211; Silti balta.<br \/>\nKr\u0101su atveide (Ra) 80-89.<br \/>\nGaismas jauda (l\u016bmeni) 3350.<br \/>\nStara le\u0146\u0137is (gr\u0101di) 360.<br \/>\nNepiecie\u0161ams balasts J\u0101.<br \/>\nGarums 120cm.<\/p>","protected":false},"excerpt":{"rendered":"<p>Tehnolo\u0123ija Fluoresc\u0113jo\u0161a. Jauda 36W. Kr\u0101su temperat\u016bra (Kelvins) 3000K &#8211; Silti balta. Kr\u0101su atveide (Ra) 80-89. Gaismas jauda (l\u016bmeni) 3350. Stara le\u0146\u0137is (gr\u0101di) 360. Nepiecie\u0161ams balasts J\u0101. Garums 120cm.<\/p>\n","protected":false},"featured_media":31822,"comment_status":"closed","ping_status":"closed","template":"","meta":{"inline_featured_image":false},"product_cat":[861],"product_tag":[],"yst_prominent_words":[],"class_list":{"0":"post-31810","1":"product","2":"type-product","3":"status-publish","4":"has-post-thumbnail","6":"product_cat-t8-spuldzes-luminiscentas-spuldzes-spuldzes","8":"first","9":"instock","10":"taxable","11":"shipping-taxable","12":"purchasable","13":"product-type-simple"},"jetpack_sharing_enabled":true,"_links":{"self":[{"href":"https:\/\/ddt.lv\/lv\/wp-json\/wp\/v2\/product\/31810"}],"collection":[{"href":"https:\/\/ddt.lv\/lv\/wp-json\/wp\/v2\/product"}],"about":[{"href":"https:\/\/ddt.lv\/lv\/wp-json\/wp\/v2\/types\/product"}],"replies":[{"embeddable":true,"href":"https:\/\/ddt.lv\/lv\/wp-json\/wp\/v2\/comments?post=31810"}],"wp:featuredmedia":[{"embeddable":true,"href":"https:\/\/ddt.lv\/lv\/wp-json\/wp\/v2\/media\/31822"}],"wp:attachment":[{"href":"https:\/\/ddt.lv\/lv\/wp-json\/wp\/v2\/media?parent=31810"}],"wp:term":[{"taxonomy":"product_cat","embeddable":true,"href":"https:\/\/ddt.lv\/lv\/wp-json\/wp\/v2\/product_cat?post=31810"},{"taxonomy":"product_tag","embeddable":true,"href":"https:\/\/ddt.lv\/lv\/wp-json\/wp\/v2\/product_tag?post=31810"},{"taxonomy":"yst_prominent_words","embeddable":true,"href":"https:\/\/ddt.lv\/lv\/wp-json\/wp\/v2\/yst_prominent_words?post=31810"}],"curies":[{"name":"wp","href":"https:\/\/api.w.org\/{rel}","templated":true}]}}