{"id":31809,"date":"2022-01-13T15:30:27","date_gmt":"2022-01-13T13:30:27","guid":{"rendered":"https:\/\/ddt.lv\/lv\/product\/eco-ball-e27-42w-230v-bl2-halogenspuldze-sylvania\/"},"modified":"2026-04-17T10:35:20","modified_gmt":"2026-04-17T07:35:20","slug":"eco-ball-e27-42w-230v-bl2-halogenspuldze-sylvania","status":"publish","type":"product","link":"https:\/\/ddt.lv\/lv\/product\/eco-ball-e27-42w-230v-bl2-halogenspuldze-sylvania\/","title":{"rendered":"ECO Ball E27 42W 230V BL2 halog\u0113nspuldze SYLVANIA"},"content":{"rendered":"<p>Halog\u0113ns.<br \/>\nTipa Classic Eco Ball.<br \/>\nV\u0101ci\u0146\u0161\/b\u0101ze E27.<br \/>\nVisp\u0101r\u0113js pielietojums Viesm\u012bl\u012bba, muzeji un galerijas, dz\u012bvojamie un pat\u0113r\u0113t\u0101ji, mazumtirdzniec\u012bba.<br \/>\nGaismas pl\u016bsma (lm) 625.<br \/>\nKr\u0101su temperat\u016bra (K) 2800.<br \/>\nGaismas kr\u0101sa Homelight.<br \/>\nCRI (Ra) 100.<br \/>\nJauda (W) 42.<br \/>\nVid\u0113jais kalpo\u0161anas laiks (nomin\u0101ls) (h) 2000.<\/p>","protected":false},"excerpt":{"rendered":"<p>Halog\u0113ns. Tipa Classic Eco Ball. V\u0101ci\u0146\u0161\/b\u0101ze E27. Visp\u0101r\u0113js pielietojums Viesm\u012bl\u012bba, muzeji un galerijas, dz\u012bvojamie un pat\u0113r\u0113t\u0101ji, mazumtirdzniec\u012bba. Gaismas pl\u016bsma (lm) 625. Kr\u0101su temperat\u016bra (K) 2800. Gaismas kr\u0101sa Homelight. CRI (Ra) 100. Jauda (W) 42. Vid\u0113jais kalpo\u0161anas laiks (nomin\u0101ls) (h) 2000.<\/p>\n","protected":false},"featured_media":31827,"comment_status":"closed","ping_status":"closed","template":"","meta":{"inline_featured_image":false},"product_cat":[772,1365],"product_tag":[],"yst_prominent_words":[],"class_list":{"0":"post-31809","1":"product","2":"type-product","3":"status-publish","4":"has-post-thumbnail","6":"product_cat-atlaides","7":"product_cat-eco-halogen-spuldzes","9":"first","10":"instock","11":"sale","12":"taxable","13":"shipping-taxable","14":"purchasable","15":"product-type-simple"},"jetpack_sharing_enabled":true,"_links":{"self":[{"href":"https:\/\/ddt.lv\/lv\/wp-json\/wp\/v2\/product\/31809"}],"collection":[{"href":"https:\/\/ddt.lv\/lv\/wp-json\/wp\/v2\/product"}],"about":[{"href":"https:\/\/ddt.lv\/lv\/wp-json\/wp\/v2\/types\/product"}],"replies":[{"embeddable":true,"href":"https:\/\/ddt.lv\/lv\/wp-json\/wp\/v2\/comments?post=31809"}],"wp:featuredmedia":[{"embeddable":true,"href":"https:\/\/ddt.lv\/lv\/wp-json\/wp\/v2\/media\/31827"}],"wp:attachment":[{"href":"https:\/\/ddt.lv\/lv\/wp-json\/wp\/v2\/media?parent=31809"}],"wp:term":[{"taxonomy":"product_cat","embeddable":true,"href":"https:\/\/ddt.lv\/lv\/wp-json\/wp\/v2\/product_cat?post=31809"},{"taxonomy":"product_tag","embeddable":true,"href":"https:\/\/ddt.lv\/lv\/wp-json\/wp\/v2\/product_tag?post=31809"},{"taxonomy":"yst_prominent_words","embeddable":true,"href":"https:\/\/ddt.lv\/lv\/wp-json\/wp\/v2\/yst_prominent_words?post=31809"}],"curies":[{"name":"wp","href":"https:\/\/api.w.org\/{rel}","templated":true}]}}