{"id":31808,"date":"2022-01-13T15:30:26","date_gmt":"2022-01-13T13:30:26","guid":{"rendered":"https:\/\/ddt.lv\/lv\/product\/g4-18w-12v-180lm-3000k-360-2000h-eco-halogenspuldze-avide\/"},"modified":"2026-04-01T00:16:53","modified_gmt":"2026-03-31T21:16:53","slug":"g4-18w-12v-180lm-3000k-360-2000h-eco-halogenspuldze-avide","status":"publish","type":"product","link":"https:\/\/ddt.lv\/lv\/product\/g4-18w-12v-180lm-3000k-360-2000h-eco-halogenspuldze-avide\/","title":{"rendered":"G4 18W 12V 180lm 3000K 360&#8217; 2000h ECO halogenspuldze AVIDE"},"content":{"rendered":"<p>G4.<br \/>\nDarba temperat\u016bra: -20 &#8211; +40 \u00b0C.<br \/>\nJauda: 18W.<br \/>\nSpriegums: DC12V.<br \/>\nStara le\u0146\u0137is: 360\u00b0.<br \/>\nAptum\u0161ojam\u012bba: J\u0101.<br \/>\nCRI: 100.<br \/>\nLumena jauda: 180lm.<br \/>\nKr\u0101su temperat\u016bra: 3000K.<br \/>\nKalpo\u0161anas laiks: 2000h.<br \/>\nEner\u0123ijas klase: C.<br \/>\nIP standarts: IP20.<\/p>","protected":false},"excerpt":{"rendered":"<p>G4. Darba temperat\u016bra: -20 &#8211; +40 \u00b0C. Jauda: 18W. Spriegums: DC12V. Stara le\u0146\u0137is: 360\u00b0. Aptum\u0161ojam\u012bba: J\u0101. CRI: 100. Lumena jauda: 180lm. Kr\u0101su temperat\u016bra: 3000K. Kalpo\u0161anas laiks: 2000h. Ener\u0123ijas klase: C. IP standarts: IP20.<\/p>\n","protected":false},"featured_media":31829,"comment_status":"closed","ping_status":"closed","template":"","meta":{"inline_featured_image":false},"product_cat":[1365],"product_tag":[],"yst_prominent_words":[],"class_list":{"0":"post-31808","1":"product","2":"type-product","3":"status-publish","4":"has-post-thumbnail","6":"product_cat-eco-halogen-spuldzes","8":"first","9":"instock","10":"taxable","11":"shipping-taxable","12":"purchasable","13":"product-type-simple"},"jetpack_sharing_enabled":true,"_links":{"self":[{"href":"https:\/\/ddt.lv\/lv\/wp-json\/wp\/v2\/product\/31808"}],"collection":[{"href":"https:\/\/ddt.lv\/lv\/wp-json\/wp\/v2\/product"}],"about":[{"href":"https:\/\/ddt.lv\/lv\/wp-json\/wp\/v2\/types\/product"}],"replies":[{"embeddable":true,"href":"https:\/\/ddt.lv\/lv\/wp-json\/wp\/v2\/comments?post=31808"}],"wp:featuredmedia":[{"embeddable":true,"href":"https:\/\/ddt.lv\/lv\/wp-json\/wp\/v2\/media\/31829"}],"wp:attachment":[{"href":"https:\/\/ddt.lv\/lv\/wp-json\/wp\/v2\/media?parent=31808"}],"wp:term":[{"taxonomy":"product_cat","embeddable":true,"href":"https:\/\/ddt.lv\/lv\/wp-json\/wp\/v2\/product_cat?post=31808"},{"taxonomy":"product_tag","embeddable":true,"href":"https:\/\/ddt.lv\/lv\/wp-json\/wp\/v2\/product_tag?post=31808"},{"taxonomy":"yst_prominent_words","embeddable":true,"href":"https:\/\/ddt.lv\/lv\/wp-json\/wp\/v2\/yst_prominent_words?post=31808"}],"curies":[{"name":"wp","href":"https:\/\/api.w.org\/{rel}","templated":true}]}}