{"id":31806,"date":"2022-01-13T15:30:23","date_gmt":"2022-01-13T13:30:23","guid":{"rendered":"https:\/\/ddt.lv\/lv\/product\/f32w-830-t8-eco-2600lm-luminiscenta-spuldze-sylvania\/"},"modified":"2026-04-08T14:36:22","modified_gmt":"2026-04-08T11:36:22","slug":"f32w-830-t8-eco-2600lm-luminiscenta-spuldze-sylvania","status":"publish","type":"product","link":"https:\/\/ddt.lv\/lv\/product\/f32w-830-t8-eco-2600lm-luminiscenta-spuldze-sylvania\/","title":{"rendered":"F32W\/830 T8 ECO 2600lm luminiscent\u0101 spuldze Sylvania"},"content":{"rendered":"<p>Fluoresc\u0113jo\u0161a.<br \/>\nTips T8 Luxline ECO.<br \/>\nV\u0101ci\u0146\u0161\/b\u0101ze G13.<br \/>\nVisp\u0101r\u0113ja pielietojuma izgl\u012bt\u012bba, viesm\u012bl\u012bba, lo\u0123istika un r\u016bpniec\u012bba, muzeji un galerijas, biroji, dz\u012bvojam\u0101s telpas un pat\u0113r\u0113t\u0101ji, mazumtirdzniec\u012bba.<br \/>\nGaismas pl\u016bsma (lm) 2600.<br \/>\nKr\u0101su temperat\u016bra (K) 3000.<br \/>\nGaismas kr\u0101sa Silti balta.<br \/>\nCRI (Ra) 85.<br \/>\nJauda (W) 32.<br \/>\nProdukta spriegums (V) 91.<br \/>\nAptum\u0161ojams J\u0101.<br \/>\nVid\u0113jais kalpo\u0161anas laiks (nomin\u0101ls) (h) 15 000.<\/p>","protected":false},"excerpt":{"rendered":"<p>Fluoresc\u0113jo\u0161a. Tips T8 Luxline ECO. V\u0101ci\u0146\u0161\/b\u0101ze G13. Visp\u0101r\u0113ja pielietojuma izgl\u012bt\u012bba, viesm\u012bl\u012bba, lo\u0123istika un r\u016bpniec\u012bba, muzeji un galerijas, biroji, dz\u012bvojam\u0101s telpas un pat\u0113r\u0113t\u0101ji, mazumtirdzniec\u012bba. Gaismas pl\u016bsma (lm) 2600. Kr\u0101su temperat\u016bra (K) 3000. Gaismas kr\u0101sa Silti balta. CRI (Ra) 85. Jauda (W) 32. Produkta spriegums (V) 91. Aptum\u0161ojams J\u0101. Vid\u0113jais kalpo\u0161anas laiks (nomin\u0101ls) (h) 15 000.<\/p>\n","protected":false},"featured_media":31835,"comment_status":"closed","ping_status":"closed","template":"","meta":{"inline_featured_image":false},"product_cat":[861],"product_tag":[],"yst_prominent_words":[],"class_list":{"0":"post-31806","1":"product","2":"type-product","3":"status-publish","4":"has-post-thumbnail","6":"product_cat-t8-spuldzes-luminiscentas-spuldzes-spuldzes","8":"first","9":"instock","10":"taxable","11":"shipping-taxable","12":"purchasable","13":"product-type-simple"},"jetpack_sharing_enabled":true,"_links":{"self":[{"href":"https:\/\/ddt.lv\/lv\/wp-json\/wp\/v2\/product\/31806"}],"collection":[{"href":"https:\/\/ddt.lv\/lv\/wp-json\/wp\/v2\/product"}],"about":[{"href":"https:\/\/ddt.lv\/lv\/wp-json\/wp\/v2\/types\/product"}],"replies":[{"embeddable":true,"href":"https:\/\/ddt.lv\/lv\/wp-json\/wp\/v2\/comments?post=31806"}],"wp:featuredmedia":[{"embeddable":true,"href":"https:\/\/ddt.lv\/lv\/wp-json\/wp\/v2\/media\/31835"}],"wp:attachment":[{"href":"https:\/\/ddt.lv\/lv\/wp-json\/wp\/v2\/media?parent=31806"}],"wp:term":[{"taxonomy":"product_cat","embeddable":true,"href":"https:\/\/ddt.lv\/lv\/wp-json\/wp\/v2\/product_cat?post=31806"},{"taxonomy":"product_tag","embeddable":true,"href":"https:\/\/ddt.lv\/lv\/wp-json\/wp\/v2\/product_tag?post=31806"},{"taxonomy":"yst_prominent_words","embeddable":true,"href":"https:\/\/ddt.lv\/lv\/wp-json\/wp\/v2\/yst_prominent_words?post=31806"}],"curies":[{"name":"wp","href":"https:\/\/api.w.org\/{rel}","templated":true}]}}