{"id":31804,"date":"2022-01-13T15:30:21","date_gmt":"2022-01-13T13:30:21","guid":{"rendered":"https:\/\/ddt.lv\/lv\/product\/candle-vintage-e27-40w-200lm-2100k-240v-spuldze-sylvania\/"},"modified":"2026-04-08T14:36:48","modified_gmt":"2026-04-08T11:36:48","slug":"candle-vintage-e27-40w-200lm-2100k-240v-spuldze-sylvania","status":"publish","type":"product","link":"https:\/\/ddt.lv\/lv\/product\/candle-vintage-e27-40w-200lm-2100k-240v-spuldze-sylvania\/","title":{"rendered":"CANDLE VINTAGE E27 40W 200lm 2100K 240V spuldze SYLVANIA"},"content":{"rendered":"<p>M\u016bsdien\u012bga renesanses stila dekorat\u012bv\u0101 lampa ar iegarenu kv\u0113ldiegu un speci\u0101lu p\u0101rkl\u0101jumu, lai rad\u012btu piem\u0113rotu vidi \u012bpa\u0161iem pielietojumiem.<br \/>\nV\u0101ci\u0146\u0161\/b\u0101ze E27.<br \/>\nVisp\u0101r\u0113js pielietojums viesm\u012bl\u012bbas, mazumtirdzniec\u012bbas, dz\u012bvojamo un pat\u0113r\u0113t\u0101ju.<br \/>\nGaismas pl\u016bsma (lm) 200.<br \/>\nKr\u0101su temperat\u016bra (K) 2100.<br \/>\nGaismas kr\u0101sas Sve\u010du gaisma.<br \/>\nCRI (Ra) 100.<br \/>\nJauda (W) 40.<br \/>\nVid\u0113jais kalpo\u0161anas laiks (nomin\u0101ls) (h) 2000.<\/p>","protected":false},"excerpt":{"rendered":"<p>M\u016bsdien\u012bga renesanses stila dekorat\u012bv\u0101 lampa ar iegarenu kv\u0113ldiegu un speci\u0101lu p\u0101rkl\u0101jumu, lai rad\u012btu piem\u0113rotu vidi \u012bpa\u0161iem pielietojumiem. V\u0101ci\u0146\u0161\/b\u0101ze E27. Visp\u0101r\u0113js pielietojums viesm\u012bl\u012bbas, mazumtirdzniec\u012bbas, dz\u012bvojamo un pat\u0113r\u0113t\u0101ju. Gaismas pl\u016bsma (lm) 200. Kr\u0101su temperat\u016bra (K) 2100. Gaismas kr\u0101sas Sve\u010du gaisma. CRI (Ra) 100. Jauda (W) 40. Vid\u0113jais kalpo\u0161anas laiks (nomin\u0101ls) (h) 2000.<\/p>\n","protected":false},"featured_media":31839,"comment_status":"closed","ping_status":"closed","template":"","meta":{"inline_featured_image":false},"product_cat":[856],"product_tag":[],"yst_prominent_words":[],"class_list":{"0":"post-31804","1":"product","2":"type-product","3":"status-publish","4":"has-post-thumbnail","6":"product_cat-spec-pielietojuma-kvelspuldzes-spuldzes","8":"first","9":"instock","10":"taxable","11":"shipping-taxable","12":"purchasable","13":"product-type-simple"},"jetpack_sharing_enabled":true,"_links":{"self":[{"href":"https:\/\/ddt.lv\/lv\/wp-json\/wp\/v2\/product\/31804"}],"collection":[{"href":"https:\/\/ddt.lv\/lv\/wp-json\/wp\/v2\/product"}],"about":[{"href":"https:\/\/ddt.lv\/lv\/wp-json\/wp\/v2\/types\/product"}],"replies":[{"embeddable":true,"href":"https:\/\/ddt.lv\/lv\/wp-json\/wp\/v2\/comments?post=31804"}],"wp:featuredmedia":[{"embeddable":true,"href":"https:\/\/ddt.lv\/lv\/wp-json\/wp\/v2\/media\/31839"}],"wp:attachment":[{"href":"https:\/\/ddt.lv\/lv\/wp-json\/wp\/v2\/media?parent=31804"}],"wp:term":[{"taxonomy":"product_cat","embeddable":true,"href":"https:\/\/ddt.lv\/lv\/wp-json\/wp\/v2\/product_cat?post=31804"},{"taxonomy":"product_tag","embeddable":true,"href":"https:\/\/ddt.lv\/lv\/wp-json\/wp\/v2\/product_tag?post=31804"},{"taxonomy":"yst_prominent_words","embeddable":true,"href":"https:\/\/ddt.lv\/lv\/wp-json\/wp\/v2\/yst_prominent_words?post=31804"}],"curies":[{"name":"wp","href":"https:\/\/api.w.org\/{rel}","templated":true}]}}