{"id":31803,"date":"2022-01-13T15:30:20","date_gmt":"2022-01-13T13:30:20","guid":{"rendered":"https:\/\/ddt.lv\/lv\/product\/led-ball-e14-5w-240v-470lm-3000k-160-spuldze-inesa\/"},"modified":"2026-04-01T00:11:42","modified_gmt":"2026-03-31T21:11:42","slug":"led-ball-e14-5w-240v-470lm-3000k-160-spuldze-inesa","status":"publish","type":"product","link":"https:\/\/ddt.lv\/lv\/product\/led-ball-e14-5w-240v-470lm-3000k-160-spuldze-inesa\/","title":{"rendered":"LED BALL E14 5W 240V 470lm 3000K 160&#8242;  spuldze INESA"},"content":{"rendered":"<p>Nomin\u0101l\u0101 jauda 5,0 W.<br \/>\nNomin\u0101lais spriegums 220-240V.<br \/>\nDarba frekvence 50\/60 Hz.<br \/>\nL\u012bdzv\u0113rt\u012bgas kv\u0113lspuldzes jauda 40W.<br \/>\nNomin\u0101l\u0101 gaismas pl\u016bsma 470 Lm.<br \/>\nNomin\u0101lais stara le\u0146\u0137is (pusp\u012b\u0137a v\u0113rt\u012bba) 160 \u00b0.<br \/>\nKorel\u0113t\u0101 kr\u0101su temperat\u016bra 3000K.<br \/>\nKr\u0101su temperat\u016bras apz\u012bm\u0113jums Silti balts.<br \/>\nKr\u0101su atveido\u0161anas indekss (Ra) 80 Ra.<br \/>\nKop\u0113jais diametrs 45 mm.<br \/>\nKop\u0113jais augstums 80 mm.<br \/>\nLampas forma Globe.<br \/>\nNomin\u0101lais kalpo\u0161anas laiks 15000 h.<\/p>","protected":false},"excerpt":{"rendered":"<p>&nbsp;<\/p>\n<p>&nbsp;<\/p>\n<p>&nbsp;<\/p>\n<p>&nbsp;<\/p>\n<p>&nbsp;<\/p>\n","protected":false},"featured_media":31841,"comment_status":"closed","ping_status":"closed","template":"","meta":{"inline_featured_image":false},"product_cat":[851],"product_tag":[],"yst_prominent_words":[],"class_list":{"0":"post-31803","1":"product","2":"type-product","3":"status-publish","4":"has-post-thumbnail","6":"product_cat-e14-spuldzes","8":"first","9":"instock","10":"taxable","11":"shipping-taxable","12":"purchasable","13":"product-type-simple"},"jetpack_sharing_enabled":true,"_links":{"self":[{"href":"https:\/\/ddt.lv\/lv\/wp-json\/wp\/v2\/product\/31803"}],"collection":[{"href":"https:\/\/ddt.lv\/lv\/wp-json\/wp\/v2\/product"}],"about":[{"href":"https:\/\/ddt.lv\/lv\/wp-json\/wp\/v2\/types\/product"}],"replies":[{"embeddable":true,"href":"https:\/\/ddt.lv\/lv\/wp-json\/wp\/v2\/comments?post=31803"}],"wp:featuredmedia":[{"embeddable":true,"href":"https:\/\/ddt.lv\/lv\/wp-json\/wp\/v2\/media\/31841"}],"wp:attachment":[{"href":"https:\/\/ddt.lv\/lv\/wp-json\/wp\/v2\/media?parent=31803"}],"wp:term":[{"taxonomy":"product_cat","embeddable":true,"href":"https:\/\/ddt.lv\/lv\/wp-json\/wp\/v2\/product_cat?post=31803"},{"taxonomy":"product_tag","embeddable":true,"href":"https:\/\/ddt.lv\/lv\/wp-json\/wp\/v2\/product_tag?post=31803"},{"taxonomy":"yst_prominent_words","embeddable":true,"href":"https:\/\/ddt.lv\/lv\/wp-json\/wp\/v2\/yst_prominent_words?post=31803"}],"curies":[{"name":"wp","href":"https:\/\/api.w.org\/{rel}","templated":true}]}}