{"id":31799,"date":"2022-01-13T15:20:17","date_gmt":"2022-01-13T13:20:17","guid":{"rendered":"https:\/\/ddt.lv\/lv\/product\/solariju-160w-r-93-7-5-t12-g13-uv-0-6-1800mm-luminiscenta-spuldze-sylvania\/"},"modified":"2026-04-13T09:56:15","modified_gmt":"2026-04-13T06:56:15","slug":"solariju-160w-r-93-7-5-t12-g13-uv-0-6-1800mm-luminiscenta-spuldze-sylvania","status":"publish","type":"product","link":"https:\/\/ddt.lv\/lv\/product\/solariju-160w-r-93-7-5-t12-g13-uv-0-6-1800mm-luminiscenta-spuldze-sylvania\/","title":{"rendered":"Sol\u0101riju 160W-R-93\/7.5 T12 G13 UV 0.6%  1800mm luminiscent\u0101 spuldze Sylvania"},"content":{"rendered":"<p>Solariju lampa ar maksim\u0101lo efekt\u012bvo izstarojumu 0,6 W\/m2. Saglab\u0101jas \u012bss sau\u013co\u0161an\u0101s laiks. Piem\u0113rots gan profesion\u0101liem saloniem, gan m\u0101jas lietot\u0101jiem.<br \/>\nTips T12.<br \/>\nV\u0101ci\u0146\u0161\/b\u0101ze G13.<br \/>\nGaismas kr\u0101sas UV.<br \/>\nStara le\u0146\u0137is (\u00b0) 133.<br \/>\nJauda (W) 160,00.<br \/>\nVid\u0113jais kalpo\u0161anas laiks (nomin\u0101lais) (h) 1000.<\/p>","protected":false},"excerpt":{"rendered":"<p>Solariju lampa ar maksim\u0101lo efekt\u012bvo izstarojumu 0,6 W\/m2. Saglab\u0101jas \u012bss sau\u013co\u0161an\u0101s laiks. Piem\u0113rots gan profesion\u0101liem saloniem, gan m\u0101jas lietot\u0101jiem. Tips T12. V\u0101ci\u0146\u0161\/b\u0101ze G13. Gaismas kr\u0101sas UV. Stara le\u0146\u0137is (\u00b0) 133. Jauda (W) 160,00. Vid\u0113jais kalpo\u0161anas laiks (nomin\u0101lais) (h) 1000.<\/p>\n","protected":false},"featured_media":31849,"comment_status":"closed","ping_status":"closed","template":"","meta":{"inline_featured_image":false},"product_cat":[1712],"product_tag":[],"yst_prominent_words":[],"class_list":{"0":"post-31799","1":"product","2":"type-product","3":"status-publish","4":"has-post-thumbnail","6":"product_cat-speciala-pielietojuma-spuldzes-luminiscentas-spuldzes-spuldzes","8":"first","9":"outofstock","10":"taxable","11":"shipping-taxable","12":"purchasable","13":"product-type-simple"},"jetpack_sharing_enabled":true,"_links":{"self":[{"href":"https:\/\/ddt.lv\/lv\/wp-json\/wp\/v2\/product\/31799"}],"collection":[{"href":"https:\/\/ddt.lv\/lv\/wp-json\/wp\/v2\/product"}],"about":[{"href":"https:\/\/ddt.lv\/lv\/wp-json\/wp\/v2\/types\/product"}],"replies":[{"embeddable":true,"href":"https:\/\/ddt.lv\/lv\/wp-json\/wp\/v2\/comments?post=31799"}],"wp:featuredmedia":[{"embeddable":true,"href":"https:\/\/ddt.lv\/lv\/wp-json\/wp\/v2\/media\/31849"}],"wp:attachment":[{"href":"https:\/\/ddt.lv\/lv\/wp-json\/wp\/v2\/media?parent=31799"}],"wp:term":[{"taxonomy":"product_cat","embeddable":true,"href":"https:\/\/ddt.lv\/lv\/wp-json\/wp\/v2\/product_cat?post=31799"},{"taxonomy":"product_tag","embeddable":true,"href":"https:\/\/ddt.lv\/lv\/wp-json\/wp\/v2\/product_tag?post=31799"},{"taxonomy":"yst_prominent_words","embeddable":true,"href":"https:\/\/ddt.lv\/lv\/wp-json\/wp\/v2\/yst_prominent_words?post=31799"}],"curies":[{"name":"wp","href":"https:\/\/api.w.org\/{rel}","templated":true}]}}