{"id":31781,"date":"2022-01-13T13:00:12","date_gmt":"2022-01-13T11:00:12","guid":{"rendered":"https:\/\/ddt.lv\/lv\/product\/led-ball-e14-4w-240v-320lm-3000k-160-spuldze-inesa\/"},"modified":"2026-04-08T14:31:55","modified_gmt":"2026-04-08T11:31:55","slug":"led-ball-e14-4w-240v-320lm-3000k-160-spuldze-inesa","status":"publish","type":"product","link":"https:\/\/ddt.lv\/lv\/product\/led-ball-e14-4w-240v-320lm-3000k-160-spuldze-inesa\/","title":{"rendered":"LED BALL E14 4W 240V 320lm 3000K 160&#8242; spuldze INESA"},"content":{"rendered":"<p>nomin\u0101l\u0101 jauda: 4W (30).<br \/>\nbaro\u0161anas spriegums: 220-240V AC.<br \/>\nv\u0101ci\u0146\u0161: E14<br \/>\ngaismas pl\u016bsma: 320lm.<br \/>\nkr\u0101su temperat\u016bra: 3000K.<br \/>\nener\u0123ijas klase: A+.<br \/>\nburbu\u013ca forma: sf\u0113riska.<br \/>\napgaismojuma le\u0146\u0137is: 160 \u00b0.<\/p>","protected":false},"excerpt":{"rendered":"<p>&nbsp;<\/p>\n<p>&nbsp;<\/p>\n","protected":false},"featured_media":31782,"comment_status":"closed","ping_status":"closed","template":"","meta":{"inline_featured_image":false},"product_cat":[851],"product_tag":[],"yst_prominent_words":[],"class_list":{"0":"post-31781","1":"product","2":"type-product","3":"status-publish","4":"has-post-thumbnail","6":"product_cat-e14-spuldzes","8":"first","9":"instock","10":"taxable","11":"shipping-taxable","12":"purchasable","13":"product-type-simple"},"jetpack_sharing_enabled":true,"_links":{"self":[{"href":"https:\/\/ddt.lv\/lv\/wp-json\/wp\/v2\/product\/31781"}],"collection":[{"href":"https:\/\/ddt.lv\/lv\/wp-json\/wp\/v2\/product"}],"about":[{"href":"https:\/\/ddt.lv\/lv\/wp-json\/wp\/v2\/types\/product"}],"replies":[{"embeddable":true,"href":"https:\/\/ddt.lv\/lv\/wp-json\/wp\/v2\/comments?post=31781"}],"wp:featuredmedia":[{"embeddable":true,"href":"https:\/\/ddt.lv\/lv\/wp-json\/wp\/v2\/media\/31782"}],"wp:attachment":[{"href":"https:\/\/ddt.lv\/lv\/wp-json\/wp\/v2\/media?parent=31781"}],"wp:term":[{"taxonomy":"product_cat","embeddable":true,"href":"https:\/\/ddt.lv\/lv\/wp-json\/wp\/v2\/product_cat?post=31781"},{"taxonomy":"product_tag","embeddable":true,"href":"https:\/\/ddt.lv\/lv\/wp-json\/wp\/v2\/product_tag?post=31781"},{"taxonomy":"yst_prominent_words","embeddable":true,"href":"https:\/\/ddt.lv\/lv\/wp-json\/wp\/v2\/yst_prominent_words?post=31781"}],"curies":[{"name":"wp","href":"https:\/\/api.w.org\/{rel}","templated":true}]}}