{"id":31779,"date":"2022-01-13T12:50:30","date_gmt":"2022-01-13T10:50:30","guid":{"rendered":"https:\/\/ddt.lv\/lv\/product\/led-ball-e27-3w-240v-250lm-3000k-160-spuldze-inesa\/"},"modified":"2026-04-22T08:32:09","modified_gmt":"2026-04-22T05:32:09","slug":"led-ball-e27-3w-240v-250lm-3000k-160-spuldze-inesa","status":"publish","type":"product","link":"https:\/\/ddt.lv\/lv\/product\/led-ball-e27-3w-240v-250lm-3000k-160-spuldze-inesa\/","title":{"rendered":"LED BALL E27 3W 240V 250lm 3000K 160&#8242; spuldze INESA"},"content":{"rendered":"<p>Ener\u0123ijas pat\u0113ri\u0146\u0161 3W.<br \/>\nSpriegums 220-240V.<br \/>\nT\u012bkla frekvence 50-60 Hz.<br \/>\nT\u012bkla str\u0101va 33 mA.<br \/>\nL\u012bdzv\u0113rt\u012bga kv\u0113lspuldzes jauda 25W.<br \/>\nNomin\u0101l\u0101 gaismas pl\u016bsma 250 lm.<br \/>\nStara le\u0146\u0137is 160\u00b0.<br \/>\nKorel\u0113t\u0101 kr\u0101su temperat\u016bra 3000K.<br \/>\nKorel\u0113t\u0101 kr\u0101su temperat\u016bras apraksts silti balts.<br \/>\nKr\u0101su atveido\u0161anas indekss (CRI) 80 Ra.<br \/>\nDiametrs 45 mm.<br \/>\nAugstums 76 mm.<br \/>\nSvars 0,023 kg.<br \/>\nNomin\u0101lais kalpo\u0161anas laiks 15 000 h.<\/p>","protected":false},"excerpt":{"rendered":"<p>Ener\u0123ijas pat\u0113ri\u0146\u0161 3W. Spriegums 220-240V. T\u012bkla frekvence 50-60 Hz. T\u012bkla str\u0101va 33 mA. L\u012bdzv\u0113rt\u012bga kv\u0113lspuldzes jauda 25W. Nomin\u0101l\u0101 gaismas pl\u016bsma 250 lm. Stara le\u0146\u0137is 160\u00b0. Korel\u0113t\u0101 kr\u0101su temperat\u016bra 3000K. Korel\u0113t\u0101 kr\u0101su temperat\u016bras apraksts silti balts. Kr\u0101su atveido\u0161anas indekss (CRI) 80 Ra. Diametrs 45 mm. Augstums 76 mm. Svars 0,023 kg. Nomin\u0101lais kalpo\u0161anas laiks 15 000 [&hellip;]<\/p>\n","protected":false},"featured_media":31783,"comment_status":"closed","ping_status":"closed","template":"","meta":{"inline_featured_image":false},"product_cat":[850],"product_tag":[],"yst_prominent_words":[],"class_list":{"0":"post-31779","1":"product","2":"type-product","3":"status-publish","4":"has-post-thumbnail","6":"product_cat-e27-spuldzes","8":"first","9":"instock","10":"taxable","11":"shipping-taxable","12":"purchasable","13":"product-type-simple"},"jetpack_sharing_enabled":true,"_links":{"self":[{"href":"https:\/\/ddt.lv\/lv\/wp-json\/wp\/v2\/product\/31779"}],"collection":[{"href":"https:\/\/ddt.lv\/lv\/wp-json\/wp\/v2\/product"}],"about":[{"href":"https:\/\/ddt.lv\/lv\/wp-json\/wp\/v2\/types\/product"}],"replies":[{"embeddable":true,"href":"https:\/\/ddt.lv\/lv\/wp-json\/wp\/v2\/comments?post=31779"}],"wp:featuredmedia":[{"embeddable":true,"href":"https:\/\/ddt.lv\/lv\/wp-json\/wp\/v2\/media\/31783"}],"wp:attachment":[{"href":"https:\/\/ddt.lv\/lv\/wp-json\/wp\/v2\/media?parent=31779"}],"wp:term":[{"taxonomy":"product_cat","embeddable":true,"href":"https:\/\/ddt.lv\/lv\/wp-json\/wp\/v2\/product_cat?post=31779"},{"taxonomy":"product_tag","embeddable":true,"href":"https:\/\/ddt.lv\/lv\/wp-json\/wp\/v2\/product_tag?post=31779"},{"taxonomy":"yst_prominent_words","embeddable":true,"href":"https:\/\/ddt.lv\/lv\/wp-json\/wp\/v2\/yst_prominent_words?post=31779"}],"curies":[{"name":"wp","href":"https:\/\/api.w.org\/{rel}","templated":true}]}}