{"id":31778,"date":"2022-01-13T12:50:29","date_gmt":"2022-01-13T10:50:29","guid":{"rendered":"https:\/\/ddt.lv\/lv\/product\/led-glso-clear-e27-6w-240v-630lm-2700k-spuldze-inesa\/"},"modified":"2026-04-01T00:11:28","modified_gmt":"2026-03-31T21:11:28","slug":"led-glso-clear-e27-6w-240v-630lm-2700k-spuldze-inesa","status":"publish","type":"product","link":"https:\/\/ddt.lv\/lv\/product\/led-glso-clear-e27-6w-240v-630lm-2700k-spuldze-inesa\/","title":{"rendered":"LED GLSO Clear E27 6W 240V 630lm 2700K spuldze INESA"},"content":{"rendered":"<p>Nomin\u0101l\u0101 jauda 6W.<br \/>\nNomin\u0101lais spriegums 220-240V.<br \/>\nDarba frekvence 50-60 Hz.<br \/>\nNomin\u0101l\u0101 str\u0101va 52 mA.<br \/>\nL\u012bdzv\u0113rt\u012bgas kv\u0113lspuldzes jauda 50.<br \/>\nNomin\u0101l\u0101 gaismas pl\u016bsma 630lm<br \/>\nNomin\u0101lais staru k\u016b\u013ca le\u0146\u0137is (pusp\u012b\u0137a v\u0113rt\u012bba) 300\u00b0.<br \/>\nKorel\u0113t\u0101 kr\u0101su temperat\u016bra 2700K.<br \/>\nKr\u0101su temperat\u016bras apz\u012bm\u0113jums \u012bpa\u0161i silti balts.<br \/>\nKr\u0101su atveido\u0161anas indekss (Ra) 80 Ra.<br \/>\nKop\u0113jais garums 110 mm.<br \/>\nKop\u0113jais diametrs 60,5.<br \/>\nLampas forma GLS organisk\u0101.<br \/>\nSvars 0,090 kg.<br \/>\nNomin\u0101lais kalpo\u0161anas laiks 30 000 h.<\/p>","protected":false},"excerpt":{"rendered":"<p>Nomin\u0101l\u0101 jauda 6W. Nomin\u0101lais spriegums 220-240V. Darba frekvence 50-60 Hz. Nomin\u0101l\u0101 str\u0101va 52 mA. L\u012bdzv\u0113rt\u012bgas kv\u0113lspuldzes jauda 50. Nomin\u0101l\u0101 gaismas pl\u016bsma 630lm Nomin\u0101lais staru k\u016b\u013ca le\u0146\u0137is (pusp\u012b\u0137a v\u0113rt\u012bba) 300\u00b0. Korel\u0113t\u0101 kr\u0101su temperat\u016bra 2700K. Kr\u0101su temperat\u016bras apz\u012bm\u0113jums \u012bpa\u0161i silti balts. Kr\u0101su atveido\u0161anas indekss (Ra) 80 Ra. Kop\u0113jais garums 110 mm. Kop\u0113jais diametrs 60,5. Lampas forma GLS [&hellip;]<\/p>\n","protected":false},"featured_media":31786,"comment_status":"closed","ping_status":"closed","template":"","meta":{"inline_featured_image":false},"product_cat":[850],"product_tag":[],"yst_prominent_words":[],"class_list":{"0":"post-31778","1":"product","2":"type-product","3":"status-publish","4":"has-post-thumbnail","6":"product_cat-e27-spuldzes","8":"first","9":"instock","10":"taxable","11":"shipping-taxable","12":"purchasable","13":"product-type-simple"},"jetpack_sharing_enabled":true,"_links":{"self":[{"href":"https:\/\/ddt.lv\/lv\/wp-json\/wp\/v2\/product\/31778"}],"collection":[{"href":"https:\/\/ddt.lv\/lv\/wp-json\/wp\/v2\/product"}],"about":[{"href":"https:\/\/ddt.lv\/lv\/wp-json\/wp\/v2\/types\/product"}],"replies":[{"embeddable":true,"href":"https:\/\/ddt.lv\/lv\/wp-json\/wp\/v2\/comments?post=31778"}],"wp:featuredmedia":[{"embeddable":true,"href":"https:\/\/ddt.lv\/lv\/wp-json\/wp\/v2\/media\/31786"}],"wp:attachment":[{"href":"https:\/\/ddt.lv\/lv\/wp-json\/wp\/v2\/media?parent=31778"}],"wp:term":[{"taxonomy":"product_cat","embeddable":true,"href":"https:\/\/ddt.lv\/lv\/wp-json\/wp\/v2\/product_cat?post=31778"},{"taxonomy":"product_tag","embeddable":true,"href":"https:\/\/ddt.lv\/lv\/wp-json\/wp\/v2\/product_tag?post=31778"},{"taxonomy":"yst_prominent_words","embeddable":true,"href":"https:\/\/ddt.lv\/lv\/wp-json\/wp\/v2\/yst_prominent_words?post=31778"}],"curies":[{"name":"wp","href":"https:\/\/api.w.org\/{rel}","templated":true}]}}