{"id":31777,"date":"2022-01-13T12:50:29","date_gmt":"2022-01-13T10:50:29","guid":{"rendered":"https:\/\/ddt.lv\/lv\/product\/reflektor-40w-r63-e27-sarkana-spuldze-sylvania\/"},"modified":"2026-04-08T14:26:17","modified_gmt":"2026-04-08T11:26:17","slug":"reflektor-40w-r63-e27-sarkana-spuldze-sylvania","status":"publish","type":"product","link":"https:\/\/ddt.lv\/lv\/product\/reflektor-40w-r63-e27-sarkana-spuldze-sylvania\/","title":{"rendered":"Reflektor 40W R63 E27 sarkana spuldze Sylvania"},"content":{"rendered":"<p>Kv\u0113lspuldze.<br \/>\nVats (nomin\u0101lais) (W) 40.<br \/>\nLampas forma Reflektors.<br \/>\nTips sarkans atstarot\u0101js.<br \/>\nV\u0101ci\u0146\u0161\/b\u0101ze E27.<br \/>\nJauda (W) 40.<br \/>\nVid\u0113jais kalpo\u0161anas laiks (nomin\u0101lais) (h) 1000.<\/p>","protected":false},"excerpt":{"rendered":"<p>Kv\u0113lspuldze. Vats (nomin\u0101lais) (W) 40. Lampas forma Reflektors. Tips sarkans atstarot\u0101js. V\u0101ci\u0146\u0161\/b\u0101ze E27. Jauda (W) 40. Vid\u0113jais kalpo\u0161anas laiks (nomin\u0101lais) (h) 1000.<\/p>\n","protected":false},"featured_media":31784,"comment_status":"closed","ping_status":"closed","template":"","meta":{"inline_featured_image":false},"product_cat":[772,1128],"product_tag":[],"yst_prominent_words":[],"class_list":{"0":"post-31777","1":"product","2":"type-product","3":"status-publish","4":"has-post-thumbnail","6":"product_cat-atlaides","7":"product_cat-krasainas-spuldzes","9":"first","10":"instock","11":"sale","12":"taxable","13":"shipping-taxable","14":"purchasable","15":"product-type-simple"},"jetpack_sharing_enabled":true,"_links":{"self":[{"href":"https:\/\/ddt.lv\/lv\/wp-json\/wp\/v2\/product\/31777"}],"collection":[{"href":"https:\/\/ddt.lv\/lv\/wp-json\/wp\/v2\/product"}],"about":[{"href":"https:\/\/ddt.lv\/lv\/wp-json\/wp\/v2\/types\/product"}],"replies":[{"embeddable":true,"href":"https:\/\/ddt.lv\/lv\/wp-json\/wp\/v2\/comments?post=31777"}],"wp:featuredmedia":[{"embeddable":true,"href":"https:\/\/ddt.lv\/lv\/wp-json\/wp\/v2\/media\/31784"}],"wp:attachment":[{"href":"https:\/\/ddt.lv\/lv\/wp-json\/wp\/v2\/media?parent=31777"}],"wp:term":[{"taxonomy":"product_cat","embeddable":true,"href":"https:\/\/ddt.lv\/lv\/wp-json\/wp\/v2\/product_cat?post=31777"},{"taxonomy":"product_tag","embeddable":true,"href":"https:\/\/ddt.lv\/lv\/wp-json\/wp\/v2\/product_tag?post=31777"},{"taxonomy":"yst_prominent_words","embeddable":true,"href":"https:\/\/ddt.lv\/lv\/wp-json\/wp\/v2\/yst_prominent_words?post=31777"}],"curies":[{"name":"wp","href":"https:\/\/api.w.org\/{rel}","templated":true}]}}