{"id":31776,"date":"2022-01-13T12:50:29","date_gmt":"2022-01-13T10:50:29","guid":{"rendered":"https:\/\/ddt.lv\/lv\/product\/led-ball-e27-4w-240v-320lm-6500k-160-spuldze-inesa\/"},"modified":"2026-04-08T14:32:25","modified_gmt":"2026-04-08T11:32:25","slug":"led-ball-e27-4w-240v-320lm-6500k-160-spuldze-inesa","status":"publish","type":"product","link":"https:\/\/ddt.lv\/lv\/product\/led-ball-e27-4w-240v-320lm-6500k-160-spuldze-inesa\/","title":{"rendered":"LED BALL E27 4W 240V 320lm 6500K 160&#8242; spuldze INESA"},"content":{"rendered":"<p>Nomin\u0101l\u0101 jauda 4W.<br \/>\nNomin\u0101lais spriegums 220-240V.<br \/>\nDarba frekvence 50-60 Hz.<br \/>\nNomin\u0101l\u0101 str\u0101va 43 mA.<br \/>\nL\u012bdzv\u0113rt\u012bgas kv\u0113lspuldzes jauda 30W.<br \/>\nNomin\u0101l\u0101 gaismas pl\u016bsma 320 lm.<br \/>\nNomin\u0101lais stara le\u0146\u0137is (pusp\u012b\u0137a v\u0113rt\u012bba) 160\u00b0.<br \/>\nKorel\u0113t\u0101 kr\u0101su temperat\u016bra 6500K.<br \/>\nKr\u0101su temperat\u016bras apz\u012bm\u0113jums dienasgaisma.<br \/>\nKr\u0101su atveido\u0161anas indekss (Ra) 80 Ra.<br \/>\nKop\u0113jais augstums 78 mm.<br \/>\nLampas forma G45.<br \/>\nSvars 0,028 kg.<br \/>\nNomin\u0101lais kalpo\u0161anas laiks 15 000 h.<\/p>","protected":false},"excerpt":{"rendered":"<p>Nomin\u0101l\u0101 jauda 4W. Nomin\u0101lais spriegums 220-240V. Darba frekvence 50-60 Hz. Nomin\u0101l\u0101 str\u0101va 43 mA. L\u012bdzv\u0113rt\u012bgas kv\u0113lspuldzes jauda 30W. Nomin\u0101l\u0101 gaismas pl\u016bsma 320 lm. Nomin\u0101lais stara le\u0146\u0137is (pusp\u012b\u0137a v\u0113rt\u012bba) 160\u00b0. Korel\u0113t\u0101 kr\u0101su temperat\u016bra 6500K. Kr\u0101su temperat\u016bras apz\u012bm\u0113jums dienasgaisma. Kr\u0101su atveido\u0161anas indekss (Ra) 80 Ra. Kop\u0113jais augstums 78 mm. Lampas forma G45. Svars 0,028 kg. Nomin\u0101lais kalpo\u0161anas [&hellip;]<\/p>\n","protected":false},"featured_media":31785,"comment_status":"closed","ping_status":"closed","template":"","meta":{"inline_featured_image":false},"product_cat":[850],"product_tag":[],"yst_prominent_words":[],"class_list":{"0":"post-31776","1":"product","2":"type-product","3":"status-publish","4":"has-post-thumbnail","6":"product_cat-e27-spuldzes","8":"first","9":"instock","10":"taxable","11":"shipping-taxable","12":"purchasable","13":"product-type-simple"},"jetpack_sharing_enabled":true,"_links":{"self":[{"href":"https:\/\/ddt.lv\/lv\/wp-json\/wp\/v2\/product\/31776"}],"collection":[{"href":"https:\/\/ddt.lv\/lv\/wp-json\/wp\/v2\/product"}],"about":[{"href":"https:\/\/ddt.lv\/lv\/wp-json\/wp\/v2\/types\/product"}],"replies":[{"embeddable":true,"href":"https:\/\/ddt.lv\/lv\/wp-json\/wp\/v2\/comments?post=31776"}],"wp:featuredmedia":[{"embeddable":true,"href":"https:\/\/ddt.lv\/lv\/wp-json\/wp\/v2\/media\/31785"}],"wp:attachment":[{"href":"https:\/\/ddt.lv\/lv\/wp-json\/wp\/v2\/media?parent=31776"}],"wp:term":[{"taxonomy":"product_cat","embeddable":true,"href":"https:\/\/ddt.lv\/lv\/wp-json\/wp\/v2\/product_cat?post=31776"},{"taxonomy":"product_tag","embeddable":true,"href":"https:\/\/ddt.lv\/lv\/wp-json\/wp\/v2\/product_tag?post=31776"},{"taxonomy":"yst_prominent_words","embeddable":true,"href":"https:\/\/ddt.lv\/lv\/wp-json\/wp\/v2\/yst_prominent_words?post=31776"}],"curies":[{"name":"wp","href":"https:\/\/api.w.org\/{rel}","templated":true}]}}