{"id":31775,"date":"2022-01-13T12:50:28","date_gmt":"2022-01-13T10:50:28","guid":{"rendered":"https:\/\/ddt.lv\/lv\/product\/led-ball-e27-3w-240v-250lm-6500k-160-spuldze-inesa\/"},"modified":"2026-04-06T10:52:34","modified_gmt":"2026-04-06T07:52:34","slug":"led-ball-e27-3w-240v-250lm-6500k-160-spuldze-inesa","status":"publish","type":"product","link":"https:\/\/ddt.lv\/lv\/product\/led-ball-e27-3w-240v-250lm-6500k-160-spuldze-inesa\/","title":{"rendered":"LED BALL E27 3W 240V 250lm 6500K 160&#8217; spuldze INESA"},"content":{"rendered":"<p>Nomin\u0101l\u0101 jauda 3W.<br \/>\nNomin\u0101lais spriegums 220-240V.<br \/>\nDarba frekvence 50-60 Hz.<br \/>\nNomin\u0101l\u0101 str\u0101va 33 mA.<br \/>\nL\u012bdzv\u0113rt\u012bgas kv\u0113lspuldzes jauda 25W.<br \/>\nNomin\u0101l\u0101 gaismas pl\u016bsma 250 lm.<br \/>\nNomin\u0101lais staru k\u016b\u013ca le\u0146\u0137is (pusp\u012b\u0137a v\u0113rt\u012bba) 160\u00b0.<br \/>\nKorel\u0113t\u0101 kr\u0101su temperat\u016bra 6500K.<br \/>\nKr\u0101su temperat\u016bras apz\u012bm\u0113jums dienasgaisma.<br \/>\nKr\u0101su atveido\u0161anas indekss (Ra) 80 Ra.<br \/>\nKop\u0113jais diametrs 45 mm.<br \/>\nKop\u0113jais augstums 76 mm.<br \/>\nLampas forma G45.<br \/>\nSvars 0,023 kg.<br \/>\nNomin\u0101lais kalpo\u0161anas laiks 15 000 h.<\/p>","protected":false},"excerpt":{"rendered":"<p>Nomin\u0101l\u0101 jauda 3W. Nomin\u0101lais spriegums 220-240V. Darba frekvence 50-60 Hz. Nomin\u0101l\u0101 str\u0101va 33 mA. L\u012bdzv\u0113rt\u012bgas kv\u0113lspuldzes jauda 25W. Nomin\u0101l\u0101 gaismas pl\u016bsma 250 lm. Nomin\u0101lais staru k\u016b\u013ca le\u0146\u0137is (pusp\u012b\u0137a v\u0113rt\u012bba) 160\u00b0. Korel\u0113t\u0101 kr\u0101su temperat\u016bra 6500K. Kr\u0101su temperat\u016bras apz\u012bm\u0113jums dienasgaisma. Kr\u0101su atveido\u0161anas indekss (Ra) 80 Ra. Kop\u0113jais diametrs 45 mm. Kop\u0113jais augstums 76 mm. Lampas forma G45. [&hellip;]<\/p>\n","protected":false},"featured_media":31787,"comment_status":"closed","ping_status":"closed","template":"","meta":{"inline_featured_image":false},"product_cat":[850],"product_tag":[],"yst_prominent_words":[],"class_list":{"0":"post-31775","1":"product","2":"type-product","3":"status-publish","4":"has-post-thumbnail","6":"product_cat-e27-spuldzes","8":"first","9":"instock","10":"taxable","11":"shipping-taxable","12":"purchasable","13":"product-type-simple"},"jetpack_sharing_enabled":true,"_links":{"self":[{"href":"https:\/\/ddt.lv\/lv\/wp-json\/wp\/v2\/product\/31775"}],"collection":[{"href":"https:\/\/ddt.lv\/lv\/wp-json\/wp\/v2\/product"}],"about":[{"href":"https:\/\/ddt.lv\/lv\/wp-json\/wp\/v2\/types\/product"}],"replies":[{"embeddable":true,"href":"https:\/\/ddt.lv\/lv\/wp-json\/wp\/v2\/comments?post=31775"}],"wp:featuredmedia":[{"embeddable":true,"href":"https:\/\/ddt.lv\/lv\/wp-json\/wp\/v2\/media\/31787"}],"wp:attachment":[{"href":"https:\/\/ddt.lv\/lv\/wp-json\/wp\/v2\/media?parent=31775"}],"wp:term":[{"taxonomy":"product_cat","embeddable":true,"href":"https:\/\/ddt.lv\/lv\/wp-json\/wp\/v2\/product_cat?post=31775"},{"taxonomy":"product_tag","embeddable":true,"href":"https:\/\/ddt.lv\/lv\/wp-json\/wp\/v2\/product_tag?post=31775"},{"taxonomy":"yst_prominent_words","embeddable":true,"href":"https:\/\/ddt.lv\/lv\/wp-json\/wp\/v2\/yst_prominent_words?post=31775"}],"curies":[{"name":"wp","href":"https:\/\/api.w.org\/{rel}","templated":true}]}}