{"id":31774,"date":"2022-01-13T12:50:28","date_gmt":"2022-01-13T10:50:28","guid":{"rendered":"https:\/\/ddt.lv\/lv\/product\/globe-30w-e27-1911lm-2700k-240v-g130-mlx-frost-luminiscenta-spuldze-sylvania\/"},"modified":"2026-04-13T09:55:35","modified_gmt":"2026-04-13T06:55:35","slug":"globe-30w-e27-1911lm-2700k-240v-g130-mlx-frost-luminiscenta-spuldze-sylvania","status":"publish","type":"product","link":"https:\/\/ddt.lv\/lv\/product\/globe-30w-e27-1911lm-2700k-240v-g130-mlx-frost-luminiscenta-spuldze-sylvania\/","title":{"rendered":"GLOBE 30W E27 1911lm 2700K 240V G130 MLX frost luminiscent\u0101 spuldze Sylvania"},"content":{"rendered":"<p>Kompakta dienasgaismas spuldze.<br \/>\nVats (nomin\u0101lais) (W) 30.<br \/>\nLampas forma Apa\u013ca\/globusa.<br \/>\nTips Mini-Lynx Globe.<br \/>\nV\u0101ci\u0146\u0161\/b\u0101ze E27.<br \/>\nLampas apdare mat\u0113ta\/p\u0101rkl\u0101ta.<br \/>\nGaismas pl\u016bsma (lm) 1911.<br \/>\nKr\u0101su temperat\u016bra (K) 2700.<br \/>\nGaismas kr\u0101sa Homelight.<br \/>\nCRI (Ra) 80.<br \/>\nJauda (W) 30.<br \/>\nVid\u0113jais kalpo\u0161anas laiks (nomin\u0101ls) (h) 10 000.<\/p>","protected":false},"excerpt":{"rendered":"<p>Kompakta dienasgaismas spuldze. Vats (nomin\u0101lais) (W) 30. Lampas forma Apa\u013ca\/globusa. Tips Mini-Lynx Globe. V\u0101ci\u0146\u0161\/b\u0101ze E27. Lampas apdare mat\u0113ta\/p\u0101rkl\u0101ta. Gaismas pl\u016bsma (lm) 1911. Kr\u0101su temperat\u016bra (K) 2700. Gaismas kr\u0101sa Homelight. CRI (Ra) 80. Jauda (W) 30. Vid\u0113jais kalpo\u0161anas laiks (nomin\u0101ls) (h) 10 000.<\/p>\n","protected":false},"featured_media":31713,"comment_status":"closed","ping_status":"closed","template":"","meta":{"inline_featured_image":false},"product_cat":[772,873],"product_tag":[],"yst_prominent_words":[],"class_list":{"0":"post-31774","1":"product","2":"type-product","3":"status-publish","4":"has-post-thumbnail","6":"product_cat-atlaides","7":"product_cat-energoefektivas-spuldzes-luminiscentas-spuldzes-spuldzes","9":"first","10":"instock","11":"sale","12":"taxable","13":"shipping-taxable","14":"purchasable","15":"product-type-simple"},"jetpack_sharing_enabled":true,"_links":{"self":[{"href":"https:\/\/ddt.lv\/lv\/wp-json\/wp\/v2\/product\/31774"}],"collection":[{"href":"https:\/\/ddt.lv\/lv\/wp-json\/wp\/v2\/product"}],"about":[{"href":"https:\/\/ddt.lv\/lv\/wp-json\/wp\/v2\/types\/product"}],"replies":[{"embeddable":true,"href":"https:\/\/ddt.lv\/lv\/wp-json\/wp\/v2\/comments?post=31774"}],"wp:featuredmedia":[{"embeddable":true,"href":"https:\/\/ddt.lv\/lv\/wp-json\/wp\/v2\/media\/31713"}],"wp:attachment":[{"href":"https:\/\/ddt.lv\/lv\/wp-json\/wp\/v2\/media?parent=31774"}],"wp:term":[{"taxonomy":"product_cat","embeddable":true,"href":"https:\/\/ddt.lv\/lv\/wp-json\/wp\/v2\/product_cat?post=31774"},{"taxonomy":"product_tag","embeddable":true,"href":"https:\/\/ddt.lv\/lv\/wp-json\/wp\/v2\/product_tag?post=31774"},{"taxonomy":"yst_prominent_words","embeddable":true,"href":"https:\/\/ddt.lv\/lv\/wp-json\/wp\/v2\/yst_prominent_words?post=31774"}],"curies":[{"name":"wp","href":"https:\/\/api.w.org\/{rel}","templated":true}]}}