{"id":31773,"date":"2022-01-13T12:50:27","date_gmt":"2022-01-13T10:50:27","guid":{"rendered":"https:\/\/ddt.lv\/lv\/product\/g9-28w-220v-350lm-3000k-360-2000h-eco-halogen-spuldze-avide\/"},"modified":"2026-04-20T16:20:54","modified_gmt":"2026-04-20T13:20:54","slug":"g9-28w-220v-350lm-3000k-360-2000h-eco-halogen-spuldze-avide","status":"publish","type":"product","link":"https:\/\/ddt.lv\/lv\/product\/g9-28w-220v-350lm-3000k-360-2000h-eco-halogen-spuldze-avide\/","title":{"rendered":"G9 28W 220V 350lm 3000K 360&#8217; 2000h ECO halogen spuldze AVIDE"},"content":{"rendered":"<p>28W.<br \/>\nSpriegums: 220-240V.<br \/>\nStara le\u0146\u0137is: 360\u00b0.<br \/>\nAptum\u0161ojam\u012bba: J\u0101.<br \/>\nCRI: 100.<br \/>\nLumena jauda: 350lm.<br \/>\nKr\u0101su temperat\u016bra: 3000K.<br \/>\nKalpo\u0161anas laiks: 2000h.<br \/>\nEner\u0123ijas klase: C.<br \/>\nIP standarts: IP20.<\/p>\n<p><\/p>","protected":false},"excerpt":{"rendered":"<p>28W. Spriegums: 220-240V. Stara le\u0146\u0137is: 360\u00b0. Aptum\u0161ojam\u012bba: J\u0101. CRI: 100. Lumena jauda: 350lm. Kr\u0101su temperat\u016bra: 3000K. Kalpo\u0161anas laiks: 2000h. Ener\u0123ijas klase: C. IP standarts: IP20.<\/p>\n","protected":false},"featured_media":31790,"comment_status":"closed","ping_status":"closed","template":"","meta":{"inline_featured_image":false},"product_cat":[772,1365],"product_tag":[],"yst_prominent_words":[],"class_list":{"0":"post-31773","1":"product","2":"type-product","3":"status-publish","4":"has-post-thumbnail","6":"product_cat-atlaides","7":"product_cat-eco-halogen-spuldzes","9":"first","10":"instock","11":"sale","12":"taxable","13":"shipping-taxable","14":"purchasable","15":"product-type-simple"},"jetpack_sharing_enabled":true,"_links":{"self":[{"href":"https:\/\/ddt.lv\/lv\/wp-json\/wp\/v2\/product\/31773"}],"collection":[{"href":"https:\/\/ddt.lv\/lv\/wp-json\/wp\/v2\/product"}],"about":[{"href":"https:\/\/ddt.lv\/lv\/wp-json\/wp\/v2\/types\/product"}],"replies":[{"embeddable":true,"href":"https:\/\/ddt.lv\/lv\/wp-json\/wp\/v2\/comments?post=31773"}],"wp:featuredmedia":[{"embeddable":true,"href":"https:\/\/ddt.lv\/lv\/wp-json\/wp\/v2\/media\/31790"}],"wp:attachment":[{"href":"https:\/\/ddt.lv\/lv\/wp-json\/wp\/v2\/media?parent=31773"}],"wp:term":[{"taxonomy":"product_cat","embeddable":true,"href":"https:\/\/ddt.lv\/lv\/wp-json\/wp\/v2\/product_cat?post=31773"},{"taxonomy":"product_tag","embeddable":true,"href":"https:\/\/ddt.lv\/lv\/wp-json\/wp\/v2\/product_tag?post=31773"},{"taxonomy":"yst_prominent_words","embeddable":true,"href":"https:\/\/ddt.lv\/lv\/wp-json\/wp\/v2\/yst_prominent_words?post=31773"}],"curies":[{"name":"wp","href":"https:\/\/api.w.org\/{rel}","templated":true}]}}