{"id":31770,"date":"2022-01-13T12:50:26","date_gmt":"2022-01-13T10:50:26","guid":{"rendered":"https:\/\/ddt.lv\/lv\/product\/eco-ball-e27-42w-625lm-2800k-230v-spuldze-sylvania\/"},"modified":"2026-04-01T00:17:02","modified_gmt":"2026-03-31T21:17:02","slug":"eco-ball-e27-42w-625lm-2800k-230v-spuldze-sylvania","status":"publish","type":"product","link":"https:\/\/ddt.lv\/lv\/product\/eco-ball-e27-42w-625lm-2800k-230v-spuldze-sylvania\/","title":{"rendered":"ECO Ball E27 42W 625lm 2800K 230V spuldze SYLVANIA"},"content":{"rendered":"<p>42W.<br \/>\nLampas forma Apa\u013ca\/globusa.<br \/>\nTipa Classic Eco Ball.<br \/>\nV\u0101ci\u0146\u0161\/b\u0101ze E27.<br \/>\nLampas apdare Skaidrs.<br \/>\nVisp\u0101r\u0113js pielietojums Viesm\u012bl\u012bba, muzeji un galerijas, dz\u012bvojamie un pat\u0113r\u0113t\u0101ji, mazumtirdzniec\u012bba.<br \/>\nGaismas pl\u016bsma (lm) 625.<br \/>\nKr\u0101su temperat\u016bra (K) 2800.<br \/>\nGaismas kr\u0101sa Homelight.<br \/>\nCRI (Ra) 100.<br \/>\nJauda (W) 42.<br \/>\nVid\u0113jais kalpo\u0161anas laiks (nomin\u0101ls) (h) 2000.<\/p>","protected":false},"excerpt":{"rendered":"<p>42W. Lampas forma Apa\u013ca\/globusa. Tipa Classic Eco Ball. V\u0101ci\u0146\u0161\/b\u0101ze E27. Lampas apdare Skaidrs. Visp\u0101r\u0113js pielietojums Viesm\u012bl\u012bba, muzeji un galerijas, dz\u012bvojamie un pat\u0113r\u0113t\u0101ji, mazumtirdzniec\u012bba. Gaismas pl\u016bsma (lm) 625. Kr\u0101su temperat\u016bra (K) 2800. Gaismas kr\u0101sa Homelight. CRI (Ra) 100. Jauda (W) 42. Vid\u0113jais kalpo\u0161anas laiks (nomin\u0101ls) (h) 2000.<\/p>\n","protected":false},"featured_media":31792,"comment_status":"closed","ping_status":"closed","template":"","meta":{"inline_featured_image":false},"product_cat":[1365],"product_tag":[],"yst_prominent_words":[],"class_list":{"0":"post-31770","1":"product","2":"type-product","3":"status-publish","4":"has-post-thumbnail","6":"product_cat-eco-halogen-spuldzes","8":"first","9":"outofstock","10":"taxable","11":"shipping-taxable","12":"purchasable","13":"product-type-simple"},"jetpack_sharing_enabled":true,"_links":{"self":[{"href":"https:\/\/ddt.lv\/lv\/wp-json\/wp\/v2\/product\/31770"}],"collection":[{"href":"https:\/\/ddt.lv\/lv\/wp-json\/wp\/v2\/product"}],"about":[{"href":"https:\/\/ddt.lv\/lv\/wp-json\/wp\/v2\/types\/product"}],"replies":[{"embeddable":true,"href":"https:\/\/ddt.lv\/lv\/wp-json\/wp\/v2\/comments?post=31770"}],"wp:featuredmedia":[{"embeddable":true,"href":"https:\/\/ddt.lv\/lv\/wp-json\/wp\/v2\/media\/31792"}],"wp:attachment":[{"href":"https:\/\/ddt.lv\/lv\/wp-json\/wp\/v2\/media?parent=31770"}],"wp:term":[{"taxonomy":"product_cat","embeddable":true,"href":"https:\/\/ddt.lv\/lv\/wp-json\/wp\/v2\/product_cat?post=31770"},{"taxonomy":"product_tag","embeddable":true,"href":"https:\/\/ddt.lv\/lv\/wp-json\/wp\/v2\/product_tag?post=31770"},{"taxonomy":"yst_prominent_words","embeddable":true,"href":"https:\/\/ddt.lv\/lv\/wp-json\/wp\/v2\/yst_prominent_words?post=31770"}],"curies":[{"name":"wp","href":"https:\/\/api.w.org\/{rel}","templated":true}]}}