{"id":31769,"date":"2022-01-13T12:50:26","date_gmt":"2022-01-13T10:50:26","guid":{"rendered":"https:\/\/ddt.lv\/lv\/product\/fho-24w-t5-aquaclassic-1850lm-luminiscenta-spuldze-sylvania\/"},"modified":"2026-04-08T14:35:39","modified_gmt":"2026-04-08T11:35:39","slug":"fho-24w-t5-aquaclassic-1850lm-luminiscenta-spuldze-sylvania","status":"publish","type":"product","link":"https:\/\/ddt.lv\/lv\/product\/fho-24w-t5-aquaclassic-1850lm-luminiscenta-spuldze-sylvania\/","title":{"rendered":"FHO 24W T5 AQUACLASSIC 1850lm luminiscent\u0101 spuldze Sylvania"},"content":{"rendered":"<p>Labi sabalans\u0113ts spektrs visu veidu sald\u016bdens akv\u0101rijiem. Kr\u0101su temperat\u016bra 5000K. Sald\u016bdens akv\u0101rijam.<\/p>","protected":false},"excerpt":{"rendered":"<p>Labi sabalans\u0113ts spektrs visu veidu sald\u016bdens akv\u0101rijiem. Kr\u0101su temperat\u016bra 5000K. Sald\u016bdens akv\u0101rijam.<\/p>\n","protected":false},"featured_media":31791,"comment_status":"closed","ping_status":"closed","template":"","meta":{"inline_featured_image":false},"product_cat":[772,886],"product_tag":[],"yst_prominent_words":[],"class_list":{"0":"post-31769","1":"product","2":"type-product","3":"status-publish","4":"has-post-thumbnail","6":"product_cat-atlaides","7":"product_cat-aquastar-augu-un-akvariju-spuldzes","9":"first","10":"instock","11":"sale","12":"taxable","13":"shipping-taxable","14":"purchasable","15":"product-type-simple"},"jetpack_sharing_enabled":true,"_links":{"self":[{"href":"https:\/\/ddt.lv\/lv\/wp-json\/wp\/v2\/product\/31769"}],"collection":[{"href":"https:\/\/ddt.lv\/lv\/wp-json\/wp\/v2\/product"}],"about":[{"href":"https:\/\/ddt.lv\/lv\/wp-json\/wp\/v2\/types\/product"}],"replies":[{"embeddable":true,"href":"https:\/\/ddt.lv\/lv\/wp-json\/wp\/v2\/comments?post=31769"}],"wp:featuredmedia":[{"embeddable":true,"href":"https:\/\/ddt.lv\/lv\/wp-json\/wp\/v2\/media\/31791"}],"wp:attachment":[{"href":"https:\/\/ddt.lv\/lv\/wp-json\/wp\/v2\/media?parent=31769"}],"wp:term":[{"taxonomy":"product_cat","embeddable":true,"href":"https:\/\/ddt.lv\/lv\/wp-json\/wp\/v2\/product_cat?post=31769"},{"taxonomy":"product_tag","embeddable":true,"href":"https:\/\/ddt.lv\/lv\/wp-json\/wp\/v2\/product_tag?post=31769"},{"taxonomy":"yst_prominent_words","embeddable":true,"href":"https:\/\/ddt.lv\/lv\/wp-json\/wp\/v2\/yst_prominent_words?post=31769"}],"curies":[{"name":"wp","href":"https:\/\/api.w.org\/{rel}","templated":true}]}}