{"id":31768,"date":"2022-01-13T12:50:25","date_gmt":"2022-01-13T10:50:25","guid":{"rendered":"https:\/\/ddt.lv\/lv\/product\/led-filament-st64-e27-5w-240v-600lm-2700k-320-spuldze-inesa\/"},"modified":"2026-04-13T09:52:29","modified_gmt":"2026-04-13T06:52:29","slug":"led-filament-st64-e27-5w-240v-600lm-2700k-320-spuldze-inesa","status":"publish","type":"product","link":"https:\/\/ddt.lv\/lv\/product\/led-filament-st64-e27-5w-240v-600lm-2700k-320-spuldze-inesa\/","title":{"rendered":"LED FILAMENT ST64 E27 5W 240V 600lm 2700K 320&#8242; spuldze INESA"},"content":{"rendered":"<p>Ener\u0123ijas pat\u0113ri\u0146\u0161 5,0 W.<br \/>\nSpriegums 220-240V.<br \/>\nT\u012bkla frekvence 50 \/ 60Hz.<br \/>\nNo t\u012bkla pa\u0146emt\u0101 str\u0101va ir 42 mA.<br \/>\nL\u012bdzv\u0113rt\u012bga kv\u0113lspuldzes jauda 50W.<br \/>\nNomin\u0101l\u0101 gaismas pl\u016bsma 600 Lm.<br \/>\nStara le\u0146\u0137is 320\u00b0.<br \/>\nIzm\u0113r\u012btais stara le\u0146\u0137is 320\u00b0.<br \/>\nKorel\u0113t\u0101 kr\u0101su temperat\u016bra 2700K.<br \/>\nKorel\u0113t\u0101 kr\u0101su temperat\u016bras apraksts \u012apa\u0161i silti balts.<br \/>\nKr\u0101su atveido\u0161anas indekss (CRI) 80 Ra.<br \/>\nDiametrs 64 mm.<br \/>\nAugstums 142 mm.<br \/>\nSvars 51 g.<br \/>\nNomin\u0101lais kalpo\u0161anas laiks 15000 st.<\/p>","protected":false},"excerpt":{"rendered":"<p>Ener\u0123ijas pat\u0113ri\u0146\u0161 5,0 W. Spriegums 220-240V. T\u012bkla frekvence 50 \/ 60Hz. No t\u012bkla pa\u0146emt\u0101 str\u0101va ir 42 mA. L\u012bdzv\u0113rt\u012bga kv\u0113lspuldzes jauda 50W. Nomin\u0101l\u0101 gaismas pl\u016bsma 600 Lm. Stara le\u0146\u0137is 320\u00b0. Izm\u0113r\u012btais stara le\u0146\u0137is 320\u00b0. Korel\u0113t\u0101 kr\u0101su temperat\u016bra 2700K. Korel\u0113t\u0101 kr\u0101su temperat\u016bras apraksts \u012apa\u0161i silti balts. Kr\u0101su atveido\u0161anas indekss (CRI) 80 Ra. Diametrs 64 mm. Augstums [&hellip;]<\/p>\n","protected":false},"featured_media":31793,"comment_status":"closed","ping_status":"closed","template":"","meta":{"inline_featured_image":false},"product_cat":[925],"product_tag":[],"yst_prominent_words":[],"class_list":{"0":"post-31768","1":"product","2":"type-product","3":"status-publish","4":"has-post-thumbnail","6":"product_cat-filament-tipa-spuldzes","8":"first","9":"instock","10":"taxable","11":"shipping-taxable","12":"purchasable","13":"product-type-simple"},"jetpack_sharing_enabled":true,"_links":{"self":[{"href":"https:\/\/ddt.lv\/lv\/wp-json\/wp\/v2\/product\/31768"}],"collection":[{"href":"https:\/\/ddt.lv\/lv\/wp-json\/wp\/v2\/product"}],"about":[{"href":"https:\/\/ddt.lv\/lv\/wp-json\/wp\/v2\/types\/product"}],"replies":[{"embeddable":true,"href":"https:\/\/ddt.lv\/lv\/wp-json\/wp\/v2\/comments?post=31768"}],"wp:featuredmedia":[{"embeddable":true,"href":"https:\/\/ddt.lv\/lv\/wp-json\/wp\/v2\/media\/31793"}],"wp:attachment":[{"href":"https:\/\/ddt.lv\/lv\/wp-json\/wp\/v2\/media?parent=31768"}],"wp:term":[{"taxonomy":"product_cat","embeddable":true,"href":"https:\/\/ddt.lv\/lv\/wp-json\/wp\/v2\/product_cat?post=31768"},{"taxonomy":"product_tag","embeddable":true,"href":"https:\/\/ddt.lv\/lv\/wp-json\/wp\/v2\/product_tag?post=31768"},{"taxonomy":"yst_prominent_words","embeddable":true,"href":"https:\/\/ddt.lv\/lv\/wp-json\/wp\/v2\/yst_prominent_words?post=31768"}],"curies":[{"name":"wp","href":"https:\/\/api.w.org\/{rel}","templated":true}]}}