{"id":31765,"date":"2022-01-13T12:50:24","date_gmt":"2022-01-13T10:50:24","guid":{"rendered":"https:\/\/ddt.lv\/lv\/product\/f25w-t8-aquaclassic-retail-luminiscenta-spuldze-sylvania\/"},"modified":"2026-04-13T09:56:15","modified_gmt":"2026-04-13T06:56:15","slug":"f25w-t8-aquaclassic-retail-luminiscenta-spuldze-sylvania","status":"publish","type":"product","link":"https:\/\/ddt.lv\/lv\/product\/f25w-t8-aquaclassic-retail-luminiscenta-spuldze-sylvania\/","title":{"rendered":"F25W\/T8 AQUACLASSIC Retail luminiscent\u0101 spuldze Sylvania"},"content":{"rendered":"<p>\u0160o lampu gaismas spektr\u0101lie raksturlielumi ir ide\u0101li piem\u0113roti akv\u0101rijam ar dz\u012bviem augiem (5000 K) un rada dabisku vidi ziv\u012bm un stimul\u0113 augu aug\u0161anu, pateicoties dabiskajai starojuma attiec\u012bbai spektr\u0101lajos apgabalos, kas tiek izmantoti fotosint\u0113ze.<\/p>\n<p>Lampas forma Line\u0101ra.<br \/>\nTips T8.<br \/>\nV\u0101ci\u0146\u0161\/b\u0101ze G13.<br \/>\nGaismas pl\u016bsma (lm) 2100.<br \/>\nKr\u0101su temperat\u016bra (K) 5000.<br \/>\nGaismas kr\u0101sa Cool White.<br \/>\nJauda (W) 25.<br \/>\nAptum\u0161ojams J\u0101.<br \/>\nVid\u0113jais kalpo\u0161anas laiks (nomin\u0101ls) (h) 14000.<\/p>","protected":false},"excerpt":{"rendered":"<p>\u0160o lampu gaismas spektr\u0101lie raksturlielumi ir ide\u0101li piem\u0113roti akv\u0101rijam ar dz\u012bviem augiem (5000 K) un rada dabisku vidi ziv\u012bm un stimul\u0113 augu aug\u0161anu, pateicoties dabiskajai starojuma attiec\u012bbai spektr\u0101lajos apgabalos, kas tiek izmantoti fotosint\u0113ze. Lampas forma Line\u0101ra. Tips T8. V\u0101ci\u0146\u0161\/b\u0101ze G13. Gaismas pl\u016bsma (lm) 2100. Kr\u0101su temperat\u016bra (K) 5000. Gaismas kr\u0101sa Cool White. Jauda (W) 25. [&hellip;]<\/p>\n","protected":false},"featured_media":31795,"comment_status":"closed","ping_status":"closed","template":"","meta":{"inline_featured_image":false},"product_cat":[772,886],"product_tag":[],"yst_prominent_words":[],"class_list":{"0":"post-31765","1":"product","2":"type-product","3":"status-publish","4":"has-post-thumbnail","6":"product_cat-atlaides","7":"product_cat-aquastar-augu-un-akvariju-spuldzes","9":"first","10":"instock","11":"sale","12":"taxable","13":"shipping-taxable","14":"purchasable","15":"product-type-simple"},"jetpack_sharing_enabled":true,"_links":{"self":[{"href":"https:\/\/ddt.lv\/lv\/wp-json\/wp\/v2\/product\/31765"}],"collection":[{"href":"https:\/\/ddt.lv\/lv\/wp-json\/wp\/v2\/product"}],"about":[{"href":"https:\/\/ddt.lv\/lv\/wp-json\/wp\/v2\/types\/product"}],"replies":[{"embeddable":true,"href":"https:\/\/ddt.lv\/lv\/wp-json\/wp\/v2\/comments?post=31765"}],"wp:featuredmedia":[{"embeddable":true,"href":"https:\/\/ddt.lv\/lv\/wp-json\/wp\/v2\/media\/31795"}],"wp:attachment":[{"href":"https:\/\/ddt.lv\/lv\/wp-json\/wp\/v2\/media?parent=31765"}],"wp:term":[{"taxonomy":"product_cat","embeddable":true,"href":"https:\/\/ddt.lv\/lv\/wp-json\/wp\/v2\/product_cat?post=31765"},{"taxonomy":"product_tag","embeddable":true,"href":"https:\/\/ddt.lv\/lv\/wp-json\/wp\/v2\/product_tag?post=31765"},{"taxonomy":"yst_prominent_words","embeddable":true,"href":"https:\/\/ddt.lv\/lv\/wp-json\/wp\/v2\/yst_prominent_words?post=31765"}],"curies":[{"name":"wp","href":"https:\/\/api.w.org\/{rel}","templated":true}]}}