{"id":31764,"date":"2022-01-13T12:50:24","date_gmt":"2022-01-13T10:50:24","guid":{"rendered":"https:\/\/ddt.lv\/lv\/product\/fmb-30w-t8-marine-blue-arcadia-luminiscenta-spuldze-sylvania\/"},"modified":"2026-04-01T00:16:23","modified_gmt":"2026-03-31T21:16:23","slug":"fmb-30w-t8-marine-blue-arcadia-luminiscenta-spuldze-sylvania","status":"publish","type":"product","link":"https:\/\/ddt.lv\/lv\/product\/fmb-30w-t8-marine-blue-arcadia-luminiscenta-spuldze-sylvania\/","title":{"rendered":"FMB 30W\/T8 MARINE BLUE ARCADIA  luminiscent\u0101 spuldze Sylvania"},"content":{"rendered":"<p>Arcadia Marine Blue Actinic lampu kl\u0101sts ir izveidots, lai nodro\u0161in\u0101tu specifisku spektru (400\u2013480 nm), kas nepiecie\u0161ams, lai sasniegtu zil\u0101 hlorofila absorbciju zooksanthellae simbiozes att\u012bst\u012bbai. \u0160\u012b gaismas ener\u0123ijas koncentr\u0101cija t\u0101 d\u0113v\u0113taj\u0101 \u201cakt\u012bniskaj\u0101\u201d diapazon\u0101, kuras maksimums sasniedz 420 nm, ir b\u016btiska zivju, kora\u013c\u013cu un bezmugurkaulnieku izdz\u012bvo\u0161anai un labai vesel\u012bbai j\u016bras akv\u0101rijos.<\/p>\n<p>V\u0113l viens svar\u012bgs Arcadia Marine Blue Actinic lampas elements ir UV starojums, kas rada \u013coti pat\u012bkamu fluoresc\u0113jo\u0161u efektu uz kora\u013c\u013ciem, bezmugurkaulniekiem un eksotisk\u0101m j\u016bras ziv\u012bm.<\/p>\n<p>    Spektra maksimums pie 420 nm, lai fluoresc\u0113tu kora\u013c\u013cus<br \/>\n    Veicina j\u016bras fotosint\u0113zi.<br \/>\n    M\u0113ness gaismas efekts ir ide\u0101li piem\u0113rots skat\u012b\u0161anai nakt\u012b.<br \/>\n    Garums: 36 collas (900 mm).<br \/>\n    26mm diametrs.<br \/>\n    L\u016bmeni: 250lm.<\/p>","protected":false},"excerpt":{"rendered":"<p>Arcadia Marine Blue Actinic lampu kl\u0101sts ir izveidots, lai nodro\u0161in\u0101tu specifisku spektru (400\u2013480 nm), kas nepiecie\u0161ams, lai sasniegtu zil\u0101 hlorofila absorbciju zooksanthellae simbiozes att\u012bst\u012bbai. \u0160\u012b gaismas ener\u0123ijas koncentr\u0101cija t\u0101 d\u0113v\u0113taj\u0101 \u201cakt\u012bniskaj\u0101\u201d diapazon\u0101, kuras maksimums sasniedz 420 nm, ir b\u016btiska zivju, kora\u013c\u013cu un bezmugurkaulnieku izdz\u012bvo\u0161anai un labai vesel\u012bbai j\u016bras akv\u0101rijos. V\u0113l viens svar\u012bgs Arcadia Marine Blue [&hellip;]<\/p>\n","protected":false},"featured_media":31796,"comment_status":"closed","ping_status":"closed","template":"","meta":{"inline_featured_image":false},"product_cat":[772,890],"product_tag":[],"yst_prominent_words":[],"class_list":{"0":"post-31764","1":"product","2":"type-product","3":"status-publish","4":"has-post-thumbnail","6":"product_cat-atlaides","7":"product_cat-marinestar-augu-un-akvariju-spuldzes","9":"first","10":"instock","11":"sale","12":"taxable","13":"shipping-taxable","14":"purchasable","15":"product-type-simple"},"jetpack_sharing_enabled":true,"_links":{"self":[{"href":"https:\/\/ddt.lv\/lv\/wp-json\/wp\/v2\/product\/31764"}],"collection":[{"href":"https:\/\/ddt.lv\/lv\/wp-json\/wp\/v2\/product"}],"about":[{"href":"https:\/\/ddt.lv\/lv\/wp-json\/wp\/v2\/types\/product"}],"replies":[{"embeddable":true,"href":"https:\/\/ddt.lv\/lv\/wp-json\/wp\/v2\/comments?post=31764"}],"wp:featuredmedia":[{"embeddable":true,"href":"https:\/\/ddt.lv\/lv\/wp-json\/wp\/v2\/media\/31796"}],"wp:attachment":[{"href":"https:\/\/ddt.lv\/lv\/wp-json\/wp\/v2\/media?parent=31764"}],"wp:term":[{"taxonomy":"product_cat","embeddable":true,"href":"https:\/\/ddt.lv\/lv\/wp-json\/wp\/v2\/product_cat?post=31764"},{"taxonomy":"product_tag","embeddable":true,"href":"https:\/\/ddt.lv\/lv\/wp-json\/wp\/v2\/product_tag?post=31764"},{"taxonomy":"yst_prominent_words","embeddable":true,"href":"https:\/\/ddt.lv\/lv\/wp-json\/wp\/v2\/yst_prominent_words?post=31764"}],"curies":[{"name":"wp","href":"https:\/\/api.w.org\/{rel}","templated":true}]}}