{"id":31747,"date":"2022-01-12T14:40:26","date_gmt":"2022-01-12T12:40:26","guid":{"rendered":"https:\/\/ddt.lv\/lv\/product\/led-tubular-filament-t25-e14-2-5w-240v-250lm-2700k-spuldze-sylvania\/"},"modified":"2026-04-13T09:56:54","modified_gmt":"2026-04-13T06:56:54","slug":"led-tubular-filament-t25-e14-2-5w-240v-250lm-2700k-spuldze-sylvania","status":"publish","type":"product","link":"https:\/\/ddt.lv\/lv\/product\/led-tubular-filament-t25-e14-2-5w-240v-250lm-2700k-spuldze-sylvania\/","title":{"rendered":"LED Tubular Filament T25 E14 2.5W 240V 250lm 2700K spuldze Sylvania"},"content":{"rendered":"<p>\u2022 Lieliski piem\u0113rots dekorat\u012bvam un visp\u0101r\u0113jam apgaismojumam un rada siltu gaisotni, kas ir l\u012bdz\u012bga tradicion\u0101laj\u0101m lamp\u0101m<br \/>\n    \u2022 ToLEDo Retro T25 lampa ir ide\u0101ls kv\u0113lspuld\u017eu tvaika nos\u016bc\u0113ja lampu aizst\u0101j\u0113js<br \/>\n    \u2022 T\u0101ds pats izskats, izm\u0113rs un funkcionalit\u0101te k\u0101 kv\u0113lspuldz\u0113m<br \/>\n    \u2022 Daudzvirzienu gaismas sadale<br \/>\n    \u2022 A++ ener\u0123ijas reitings<br \/>\n    \u2022 Nodro\u0161ina t\u0101du pa\u0161u dzirksto\u0161\u0101s gaismas efektu k\u0101 kv\u0113lspuldze<br \/>\n    \u2022 Izm\u0113ri identisks kv\u0113lspuldz\u0113m \u2013 der visiem \u0137erme\u0146iem<br \/>\n    \u2022 Videi draudz\u012bgs \u2013 bez dz\u012bvsudraba un zem\u0101kas CO2 emisijas<\/p>\n<p><\/p>","protected":false},"excerpt":{"rendered":"<p>\u2022 Lieliski piem\u0113rots dekorat\u012bvam un visp\u0101r\u0113jam apgaismojumam un rada siltu gaisotni, kas ir l\u012bdz\u012bga tradicion\u0101laj\u0101m lamp\u0101m \u2022 ToLEDo Retro T25 lampa ir ide\u0101ls kv\u0113lspuld\u017eu tvaika nos\u016bc\u0113ja lampu aizst\u0101j\u0113js \u2022 T\u0101ds pats izskats, izm\u0113rs un funkcionalit\u0101te k\u0101 kv\u0113lspuldz\u0113m \u2022 Daudzvirzienu gaismas sadale \u2022 A++ ener\u0123ijas reitings \u2022 Nodro\u0161ina t\u0101du pa\u0161u dzirksto\u0161\u0101s gaismas efektu k\u0101 kv\u0113lspuldze \u2022 [&hellip;]<\/p>\n","protected":false},"featured_media":31748,"comment_status":"closed","ping_status":"closed","template":"","meta":{"inline_featured_image":false},"product_cat":[772,925],"product_tag":[],"yst_prominent_words":[],"class_list":{"0":"post-31747","1":"product","2":"type-product","3":"status-publish","4":"has-post-thumbnail","6":"product_cat-atlaides","7":"product_cat-filament-tipa-spuldzes","9":"first","10":"instock","11":"sale","12":"taxable","13":"shipping-taxable","14":"purchasable","15":"product-type-simple"},"jetpack_sharing_enabled":true,"_links":{"self":[{"href":"https:\/\/ddt.lv\/lv\/wp-json\/wp\/v2\/product\/31747"}],"collection":[{"href":"https:\/\/ddt.lv\/lv\/wp-json\/wp\/v2\/product"}],"about":[{"href":"https:\/\/ddt.lv\/lv\/wp-json\/wp\/v2\/types\/product"}],"replies":[{"embeddable":true,"href":"https:\/\/ddt.lv\/lv\/wp-json\/wp\/v2\/comments?post=31747"}],"wp:featuredmedia":[{"embeddable":true,"href":"https:\/\/ddt.lv\/lv\/wp-json\/wp\/v2\/media\/31748"}],"wp:attachment":[{"href":"https:\/\/ddt.lv\/lv\/wp-json\/wp\/v2\/media?parent=31747"}],"wp:term":[{"taxonomy":"product_cat","embeddable":true,"href":"https:\/\/ddt.lv\/lv\/wp-json\/wp\/v2\/product_cat?post=31747"},{"taxonomy":"product_tag","embeddable":true,"href":"https:\/\/ddt.lv\/lv\/wp-json\/wp\/v2\/product_tag?post=31747"},{"taxonomy":"yst_prominent_words","embeddable":true,"href":"https:\/\/ddt.lv\/lv\/wp-json\/wp\/v2\/yst_prominent_words?post=31747"}],"curies":[{"name":"wp","href":"https:\/\/api.w.org\/{rel}","templated":true}]}}