{"id":31746,"date":"2022-01-12T14:40:25","date_gmt":"2022-01-12T12:40:25","guid":{"rendered":"https:\/\/ddt.lv\/lv\/product\/led-mr16-7w-12v-480lm-105-gu5-3-6500k-spuldze-inesa\/"},"modified":"2026-04-08T14:31:39","modified_gmt":"2026-04-08T11:31:39","slug":"led-mr16-7w-12v-480lm-105-gu5-3-6500k-spuldze-inesa","status":"publish","type":"product","link":"https:\/\/ddt.lv\/lv\/product\/led-mr16-7w-12v-480lm-105-gu5-3-6500k-spuldze-inesa\/","title":{"rendered":"LED MR16 7W 12V 480lm 105&#8242; GU5.3 6500K spuldze INESA"},"content":{"rendered":"<p>7 W.<br \/>\nSpriegums 12V.<br \/>\nJaudas koeficients 0,5.<br \/>\nL\u012bdzv\u0113rt\u012bga kv\u0113lspuldzes jauda 35W.<br \/>\nNomin\u0101l\u0101 gaismas pl\u016bsma 480 Lm.<br \/>\nStara le\u0146\u0137is 105\u00b0.<br \/>\nKorel\u0113t\u0101 kr\u0101su temperat\u016bra 6500K<br \/>\nKr\u0101su atveido\u0161anas indekss (CRI) 80 Ra.<br \/>\nDiametrs 50 mm.<br \/>\nAugstums 49 mm. MR16.<br \/>\nNomin\u0101lais kalpo\u0161anas laiks 15000 h.<\/p>","protected":false},"excerpt":{"rendered":"<p>7 W. Spriegums 12V. Jaudas koeficients 0,5. L\u012bdzv\u0113rt\u012bga kv\u0113lspuldzes jauda 35W. Nomin\u0101l\u0101 gaismas pl\u016bsma 480 Lm. Stara le\u0146\u0137is 105\u00b0. Korel\u0113t\u0101 kr\u0101su temperat\u016bra 6500K Kr\u0101su atveido\u0161anas indekss (CRI) 80 Ra. Diametrs 50 mm. Augstums 49 mm. MR16. Nomin\u0101lais kalpo\u0161anas laiks 15000 h.<\/p>\n","protected":false},"featured_media":31750,"comment_status":"closed","ping_status":"closed","template":"","meta":{"inline_featured_image":false},"product_cat":[1127],"product_tag":[],"yst_prominent_words":[],"class_list":{"0":"post-31746","1":"product","2":"type-product","3":"status-publish","4":"has-post-thumbnail","6":"product_cat-mr16-spuldzes","8":"first","9":"instock","10":"taxable","11":"shipping-taxable","12":"purchasable","13":"product-type-simple"},"jetpack_sharing_enabled":true,"_links":{"self":[{"href":"https:\/\/ddt.lv\/lv\/wp-json\/wp\/v2\/product\/31746"}],"collection":[{"href":"https:\/\/ddt.lv\/lv\/wp-json\/wp\/v2\/product"}],"about":[{"href":"https:\/\/ddt.lv\/lv\/wp-json\/wp\/v2\/types\/product"}],"replies":[{"embeddable":true,"href":"https:\/\/ddt.lv\/lv\/wp-json\/wp\/v2\/comments?post=31746"}],"wp:featuredmedia":[{"embeddable":true,"href":"https:\/\/ddt.lv\/lv\/wp-json\/wp\/v2\/media\/31750"}],"wp:attachment":[{"href":"https:\/\/ddt.lv\/lv\/wp-json\/wp\/v2\/media?parent=31746"}],"wp:term":[{"taxonomy":"product_cat","embeddable":true,"href":"https:\/\/ddt.lv\/lv\/wp-json\/wp\/v2\/product_cat?post=31746"},{"taxonomy":"product_tag","embeddable":true,"href":"https:\/\/ddt.lv\/lv\/wp-json\/wp\/v2\/product_tag?post=31746"},{"taxonomy":"yst_prominent_words","embeddable":true,"href":"https:\/\/ddt.lv\/lv\/wp-json\/wp\/v2\/yst_prominent_words?post=31746"}],"curies":[{"name":"wp","href":"https:\/\/api.w.org\/{rel}","templated":true}]}}