{"id":31741,"date":"2022-01-12T14:30:29","date_gmt":"2022-01-12T12:30:29","guid":{"rendered":"https:\/\/ddt.lv\/lv\/product\/gls-eco-halogen-e27-a60-105w-240v-1810lm-2700k-spuldze-emos\/"},"modified":"2026-04-01T00:12:28","modified_gmt":"2026-03-31T21:12:28","slug":"gls-eco-halogen-e27-a60-105w-240v-1810lm-2700k-spuldze-emos","status":"publish","type":"product","link":"https:\/\/ddt.lv\/lv\/product\/gls-eco-halogen-e27-a60-105w-240v-1810lm-2700k-spuldze-emos\/","title":{"rendered":"GLS ECO Halogen E27 A60 105W 240V 1810lm 2700K spuldze EMOS"},"content":{"rendered":"<p>tehnolo\u0123ija: ECO halog\u0113ns.<br \/>\nKr\u0101su atveido\u0161anas indekss (CRI): Ra&gt; 95.<br \/>\np\u0101rsl\u0113g\u0161anas ciklu skaits: 100 000.<br \/>\nspriegums: 230 V ~ \/ 50 Hz.<br \/>\nforma: Classic A60.<br \/>\nizm\u0113rs: 60 \u00d7 108 mm.<br \/>\nstara le\u0146\u0137is:&gt; 360\u00b0.<br \/>\nkalpo\u0161anas laiks: 2000 stundas.<br \/>\nener\u0123ijas klase: C.<br \/>\ngaismas pl\u016bsma \/ spilgtums: 1810 lm.<br \/>\nhromatisk\u0101 temperat\u016bra: 2700 K.<br \/>\ngaismas kr\u0101sa: silti balta.<br \/>\nstr\u0101vas pat\u0113ri\u0146\u0161: 105 W.<br \/>\nligzda (spuldzes tur\u0113t\u0101js): E27.<br \/>\n<\/p>","protected":false},"excerpt":{"rendered":"<p>tehnolo\u0123ija: ECO halog\u0113ns. Kr\u0101su atveido\u0161anas indekss (CRI): Ra&gt; 95. p\u0101rsl\u0113g\u0161anas ciklu skaits: 100 000. spriegums: 230 V ~ \/ 50 Hz. forma: Classic A60. izm\u0113rs: 60 \u00d7 108 mm. stara le\u0146\u0137is:&gt; 360\u00b0. kalpo\u0161anas laiks: 2000 stundas. ener\u0123ijas klase: C. gaismas pl\u016bsma \/ spilgtums: 1810 lm. hromatisk\u0101 temperat\u016bra: 2700 K. gaismas kr\u0101sa: silti balta. str\u0101vas pat\u0113ri\u0146\u0161: [&hellip;]<\/p>\n","protected":false},"featured_media":31755,"comment_status":"closed","ping_status":"closed","template":"","meta":{"inline_featured_image":false},"product_cat":[1365],"product_tag":[],"yst_prominent_words":[],"class_list":{"0":"post-31741","1":"product","2":"type-product","3":"status-publish","4":"has-post-thumbnail","6":"product_cat-eco-halogen-spuldzes","8":"first","9":"outofstock","10":"taxable","11":"shipping-taxable","12":"purchasable","13":"product-type-simple"},"jetpack_sharing_enabled":true,"_links":{"self":[{"href":"https:\/\/ddt.lv\/lv\/wp-json\/wp\/v2\/product\/31741"}],"collection":[{"href":"https:\/\/ddt.lv\/lv\/wp-json\/wp\/v2\/product"}],"about":[{"href":"https:\/\/ddt.lv\/lv\/wp-json\/wp\/v2\/types\/product"}],"replies":[{"embeddable":true,"href":"https:\/\/ddt.lv\/lv\/wp-json\/wp\/v2\/comments?post=31741"}],"wp:featuredmedia":[{"embeddable":true,"href":"https:\/\/ddt.lv\/lv\/wp-json\/wp\/v2\/media\/31755"}],"wp:attachment":[{"href":"https:\/\/ddt.lv\/lv\/wp-json\/wp\/v2\/media?parent=31741"}],"wp:term":[{"taxonomy":"product_cat","embeddable":true,"href":"https:\/\/ddt.lv\/lv\/wp-json\/wp\/v2\/product_cat?post=31741"},{"taxonomy":"product_tag","embeddable":true,"href":"https:\/\/ddt.lv\/lv\/wp-json\/wp\/v2\/product_tag?post=31741"},{"taxonomy":"yst_prominent_words","embeddable":true,"href":"https:\/\/ddt.lv\/lv\/wp-json\/wp\/v2\/yst_prominent_words?post=31741"}],"curies":[{"name":"wp","href":"https:\/\/api.w.org\/{rel}","templated":true}]}}