{"id":31740,"date":"2022-01-12T14:30:28","date_gmt":"2022-01-12T12:30:28","guid":{"rendered":"https:\/\/ddt.lv\/lv\/product\/led-mr16-5w-12v-350lm-105-gu5-3-3000k-spuldze-inesa-2\/"},"modified":"2026-04-13T09:56:38","modified_gmt":"2026-04-13T06:56:38","slug":"led-mr16-5w-12v-350lm-105-gu5-3-3000k-spuldze-inesa-2","status":"publish","type":"product","link":"https:\/\/ddt.lv\/lv\/product\/led-mr16-5w-12v-350lm-105-gu5-3-3000k-spuldze-inesa-2\/","title":{"rendered":"LED MR16 5W 12V 350lm 105&#8242; GU5.3 3000K spuldze INESA"},"content":{"rendered":"<p>5 W.<br \/>\nNomin\u0101l\u0101 jauda 5,0 W.<br \/>\nNomin\u0101lais spriegums 12V.<br \/>\nNomin\u0101l\u0101 str\u0101va 600 mA.<br \/>\nL\u012bdzv\u0113rt\u012bgas kv\u0113lspuldzes jauda 35W.<br \/>\nNomin\u0101l\u0101 gaismas pl\u016bsma 350 Lm.<br \/>\nNomin\u0101lais staru k\u016b\u013ca le\u0146\u0137is (pusp\u012b\u0137a v\u0113rt\u012bba) 105 \u00b0.<br \/>\nKorel\u0113t\u0101 kr\u0101su temperat\u016bra 3000K.<br \/>\nKr\u0101su temperat\u016bras apz\u012bm\u0113jums Silti balts.<br \/>\nKr\u0101su atveido\u0161anas indekss (Ra) 80 Ra.<br \/>\nKop\u0113jais diametrs 50 mm.<br \/>\nKop\u0113jais augstums 49 mm.<br \/>\nLampas forma MR16.<br \/>\nSvars 0,030 kg.<br \/>\nNomin\u0101lais kalpo\u0161anas laiks 15000 h.<\/p>","protected":false},"excerpt":{"rendered":"<p>5 W. Nomin\u0101l\u0101 jauda 5,0 W. Nomin\u0101lais spriegums 12V. Nomin\u0101l\u0101 str\u0101va 600 mA. L\u012bdzv\u0113rt\u012bgas kv\u0113lspuldzes jauda 35W. Nomin\u0101l\u0101 gaismas pl\u016bsma 350 Lm. Nomin\u0101lais staru k\u016b\u013ca le\u0146\u0137is (pusp\u012b\u0137a v\u0113rt\u012bba) 105 \u00b0. Korel\u0113t\u0101 kr\u0101su temperat\u016bra 3000K. Kr\u0101su temperat\u016bras apz\u012bm\u0113jums Silti balts. Kr\u0101su atveido\u0161anas indekss (Ra) 80 Ra. Kop\u0113jais diametrs 50 mm. Kop\u0113jais augstums 49 mm. Lampas forma [&hellip;]<\/p>\n","protected":false},"featured_media":31750,"comment_status":"closed","ping_status":"closed","template":"","meta":{"inline_featured_image":false},"product_cat":[1127],"product_tag":[],"yst_prominent_words":[],"class_list":{"0":"post-31740","1":"product","2":"type-product","3":"status-publish","4":"has-post-thumbnail","6":"product_cat-mr16-spuldzes","8":"first","9":"outofstock","10":"taxable","11":"shipping-taxable","12":"purchasable","13":"product-type-simple"},"jetpack_sharing_enabled":true,"_links":{"self":[{"href":"https:\/\/ddt.lv\/lv\/wp-json\/wp\/v2\/product\/31740"}],"collection":[{"href":"https:\/\/ddt.lv\/lv\/wp-json\/wp\/v2\/product"}],"about":[{"href":"https:\/\/ddt.lv\/lv\/wp-json\/wp\/v2\/types\/product"}],"replies":[{"embeddable":true,"href":"https:\/\/ddt.lv\/lv\/wp-json\/wp\/v2\/comments?post=31740"}],"wp:featuredmedia":[{"embeddable":true,"href":"https:\/\/ddt.lv\/lv\/wp-json\/wp\/v2\/media\/31750"}],"wp:attachment":[{"href":"https:\/\/ddt.lv\/lv\/wp-json\/wp\/v2\/media?parent=31740"}],"wp:term":[{"taxonomy":"product_cat","embeddable":true,"href":"https:\/\/ddt.lv\/lv\/wp-json\/wp\/v2\/product_cat?post=31740"},{"taxonomy":"product_tag","embeddable":true,"href":"https:\/\/ddt.lv\/lv\/wp-json\/wp\/v2\/product_tag?post=31740"},{"taxonomy":"yst_prominent_words","embeddable":true,"href":"https:\/\/ddt.lv\/lv\/wp-json\/wp\/v2\/yst_prominent_words?post=31740"}],"curies":[{"name":"wp","href":"https:\/\/api.w.org\/{rel}","templated":true}]}}