{"id":31737,"date":"2022-01-12T14:30:26","date_gmt":"2022-01-12T12:30:26","guid":{"rendered":"https:\/\/ddt.lv\/lv\/product\/led-pll-10w-2g11-900lm-3000k-160-kompakta-spuldze-inesa\/"},"modified":"2026-04-08T14:40:39","modified_gmt":"2026-04-08T11:40:39","slug":"led-pll-10w-2g11-900lm-3000k-160-kompakta-spuldze-inesa","status":"publish","type":"product","link":"https:\/\/ddt.lv\/lv\/product\/led-pll-10w-2g11-900lm-3000k-160-kompakta-spuldze-inesa\/","title":{"rendered":"LED PLL 10W 2G11 900lm 3000K 326mm 160&#8242; kompakt\u0101 spuldze Inesa"},"content":{"rendered":"<p>Nomin\u0101l\u0101 jauda 10 W.<br \/>\nNomin\u0101lais spriegums 100 &#8211; 265V.<br \/>\nDarba frekvence 50-60 Hz.<br \/>\nNomin\u0101l\u0101 gaismas pl\u016bsma 900 lm.<br \/>\nNomin\u0101lais stara le\u0146\u0137is (pusp\u012b\u0137a v\u0113rt\u012bba) 160\u00b0.<br \/>\nKorel\u0113t\u0101 kr\u0101su temperat\u016bra 3000 K.<br \/>\nKr\u0101su atveido\u0161anas indekss (Ra) 80+ Ra.<br \/>\nUzsil\u0161anas laiks, lai sasniegtu 60% no pilna apgaismojuma &lt;= 1,0 s.<br \/>\nKop\u0113jais garums 326 mm.<br \/>\nKop\u0113jais platums 39 mm.<br \/>\nKop\u0113jais augstums 24 mm.<br \/>\nLampas forma PLL<br \/>\nNomin\u0101lais kalpo\u0161anas laiks 30000 h.<br \/>\nLampas v\u0101ci\u0146\u0161 2G11.<br \/>\nLampas apdare balta.<br \/>\nAptum\u0161o\u0161ana nav regul\u0113jama.<\/p>","protected":false},"excerpt":{"rendered":"<p>Nomin\u0101l\u0101 jauda 10 W. Nomin\u0101lais spriegums 100 &#8211; 265V. Darba frekvence 50-60 Hz. Nomin\u0101l\u0101 gaismas pl\u016bsma 900 lm. Nomin\u0101lais stara le\u0146\u0137is (pusp\u012b\u0137a v\u0113rt\u012bba) 160\u00b0. Korel\u0113t\u0101 kr\u0101su temperat\u016bra 3000 K. Kr\u0101su atveido\u0161anas indekss (Ra) 80+ Ra. Uzsil\u0161anas laiks, lai sasniegtu 60% no pilna apgaismojuma &lt;= 1,0 s. Kop\u0113jais garums 326 mm. Kop\u0113jais platums 39 mm. Kop\u0113jais [&hellip;]<\/p>\n","protected":false},"featured_media":31754,"comment_status":"closed","ping_status":"closed","template":"","meta":{"inline_featured_image":false},"product_cat":[1461],"product_tag":[],"yst_prominent_words":[],"class_list":{"0":"post-31737","1":"product","2":"type-product","3":"status-publish","4":"has-post-thumbnail","6":"product_cat-2g11-spuldzes","8":"first","9":"instock","10":"taxable","11":"shipping-taxable","12":"purchasable","13":"product-type-simple"},"jetpack_sharing_enabled":true,"_links":{"self":[{"href":"https:\/\/ddt.lv\/lv\/wp-json\/wp\/v2\/product\/31737"}],"collection":[{"href":"https:\/\/ddt.lv\/lv\/wp-json\/wp\/v2\/product"}],"about":[{"href":"https:\/\/ddt.lv\/lv\/wp-json\/wp\/v2\/types\/product"}],"replies":[{"embeddable":true,"href":"https:\/\/ddt.lv\/lv\/wp-json\/wp\/v2\/comments?post=31737"}],"wp:featuredmedia":[{"embeddable":true,"href":"https:\/\/ddt.lv\/lv\/wp-json\/wp\/v2\/media\/31754"}],"wp:attachment":[{"href":"https:\/\/ddt.lv\/lv\/wp-json\/wp\/v2\/media?parent=31737"}],"wp:term":[{"taxonomy":"product_cat","embeddable":true,"href":"https:\/\/ddt.lv\/lv\/wp-json\/wp\/v2\/product_cat?post=31737"},{"taxonomy":"product_tag","embeddable":true,"href":"https:\/\/ddt.lv\/lv\/wp-json\/wp\/v2\/product_tag?post=31737"},{"taxonomy":"yst_prominent_words","embeddable":true,"href":"https:\/\/ddt.lv\/lv\/wp-json\/wp\/v2\/yst_prominent_words?post=31737"}],"curies":[{"name":"wp","href":"https:\/\/api.w.org\/{rel}","templated":true}]}}