{"id":31709,"date":"2022-01-11T15:10:47","date_gmt":"2022-01-11T13:10:47","guid":{"rendered":"https:\/\/ddt.lv\/lv\/product\/par38-80w-e27-dumakaina-ghalogenspuldze-sylvania\/"},"modified":"2026-04-13T09:46:14","modified_gmt":"2026-04-13T06:46:14","slug":"par38-80w-e27-dumakaina-ghalogenspuldze-sylvania","status":"publish","type":"product","link":"https:\/\/ddt.lv\/lv\/product\/par38-80w-e27-dumakaina-ghalogenspuldze-sylvania\/","title":{"rendered":"PAR38 80W E27 d\u016bmakaina halogenspuldze Sylvania"},"content":{"rendered":"<p>Kv\u0113lspuldze.<br \/>\nLampas forma Reflektors PAR 38.<br \/>\nb\u0101ze E27.<br \/>\nKr\u0101su temperat\u016bra (K) 2500.<br \/>\nGai\u0161\u0101 kr\u0101sa Homelight.<br \/>\nNomin\u0101l\u0101 gaismas intensit\u0101te (cd) 1800.<br \/>\nJauda (W) 80.<br \/>\nStr\u0101va (A) 0,34.<br \/>\nVid\u0113jais kalpo\u0161anas laiks (nomin\u0101ls) (h) 2000.<br \/>\nMaks. Lampas diametrs (mm) &#8211; D 124.<\/p>","protected":false},"excerpt":{"rendered":"<p>Kv\u0113lspuldze. Lampas forma Reflektors PAR 38. b\u0101ze E27. Kr\u0101su temperat\u016bra (K) 2500. Gai\u0161\u0101 kr\u0101sa Homelight. Nomin\u0101l\u0101 gaismas intensit\u0101te (cd) 1800. Jauda (W) 80. Str\u0101va (A) 0,34. Vid\u0113jais kalpo\u0161anas laiks (nomin\u0101ls) (h) 2000. Maks. Lampas diametrs (mm) &#8211; D 124.<\/p>\n","protected":false},"featured_media":31712,"comment_status":"closed","ping_status":"closed","template":"","meta":{"inline_featured_image":false},"product_cat":[1128],"product_tag":[],"yst_prominent_words":[],"class_list":{"0":"post-31709","1":"product","2":"type-product","3":"status-publish","4":"has-post-thumbnail","6":"product_cat-krasainas-spuldzes","8":"first","9":"instock","10":"taxable","11":"shipping-taxable","12":"purchasable","13":"product-type-simple"},"jetpack_sharing_enabled":true,"_links":{"self":[{"href":"https:\/\/ddt.lv\/lv\/wp-json\/wp\/v2\/product\/31709"}],"collection":[{"href":"https:\/\/ddt.lv\/lv\/wp-json\/wp\/v2\/product"}],"about":[{"href":"https:\/\/ddt.lv\/lv\/wp-json\/wp\/v2\/types\/product"}],"replies":[{"embeddable":true,"href":"https:\/\/ddt.lv\/lv\/wp-json\/wp\/v2\/comments?post=31709"}],"wp:featuredmedia":[{"embeddable":true,"href":"https:\/\/ddt.lv\/lv\/wp-json\/wp\/v2\/media\/31712"}],"wp:attachment":[{"href":"https:\/\/ddt.lv\/lv\/wp-json\/wp\/v2\/media?parent=31709"}],"wp:term":[{"taxonomy":"product_cat","embeddable":true,"href":"https:\/\/ddt.lv\/lv\/wp-json\/wp\/v2\/product_cat?post=31709"},{"taxonomy":"product_tag","embeddable":true,"href":"https:\/\/ddt.lv\/lv\/wp-json\/wp\/v2\/product_tag?post=31709"},{"taxonomy":"yst_prominent_words","embeddable":true,"href":"https:\/\/ddt.lv\/lv\/wp-json\/wp\/v2\/yst_prominent_words?post=31709"}],"curies":[{"name":"wp","href":"https:\/\/api.w.org\/{rel}","templated":true}]}}