{"id":31708,"date":"2022-01-11T15:10:46","date_gmt":"2022-01-11T13:10:46","guid":{"rendered":"https:\/\/ddt.lv\/lv\/product\/globe-20w-e27-1200lm-4000k-240v-g80-mateta-luminiscenta-spuldze-sylvania\/"},"modified":"2026-04-13T09:55:41","modified_gmt":"2026-04-13T06:55:41","slug":"globe-20w-e27-1200lm-4000k-240v-g80-mateta-luminiscenta-spuldze-sylvania","status":"publish","type":"product","link":"https:\/\/ddt.lv\/lv\/product\/globe-20w-e27-1200lm-4000k-240v-g80-mateta-luminiscenta-spuldze-sylvania\/","title":{"rendered":"GLOBE 20W E27 1200lm 4000K 240V G80 mat\u0113ta luminiscent\u0101 spuldze Sylvania"},"content":{"rendered":"<p>Kompakta dienasgaismas spuldze.<br \/>\nLampas forma Apa\u013ca\/globusa.<br \/>\nTips Mini-Lynx Globe.<br \/>\nV\u0101ci\u0146\u0161\/b\u0101ze E27.<br \/>\nLampas apdare mat\u0113ta.<br \/>\nVisp\u0101r\u0113js pielietojums viesm\u012bl\u012bbas, dz\u012bvojamo un pat\u0113r\u0113t\u0101ju jom\u0101.<br \/>\nGaismas pl\u016bsma (lm) 1200.<br \/>\nKr\u0101su temperat\u016bra (K) 4000.<br \/>\nGaismas kr\u0101sa Cool White.<br \/>\nCRI (Ra) 80.<br \/>\nJauda (W) 20.<br \/>\nVid\u0113jais kalpo\u0161anas laiks (nomin\u0101ls) (h) 10 000.<\/p>","protected":false},"excerpt":{"rendered":"<p>Kompakta dienasgaismas spuldze. Lampas forma Apa\u013ca\/globusa. Tips Mini-Lynx Globe. V\u0101ci\u0146\u0161\/b\u0101ze E27. Lampas apdare mat\u0113ta. Visp\u0101r\u0113js pielietojums viesm\u012bl\u012bbas, dz\u012bvojamo un pat\u0113r\u0113t\u0101ju jom\u0101. Gaismas pl\u016bsma (lm) 1200. Kr\u0101su temperat\u016bra (K) 4000. Gaismas kr\u0101sa Cool White. CRI (Ra) 80. Jauda (W) 20. Vid\u0113jais kalpo\u0161anas laiks (nomin\u0101ls) (h) 10 000.<\/p>\n","protected":false},"featured_media":31713,"comment_status":"closed","ping_status":"closed","template":"","meta":{"inline_featured_image":false},"product_cat":[772,873],"product_tag":[],"yst_prominent_words":[],"class_list":{"0":"post-31708","1":"product","2":"type-product","3":"status-publish","4":"has-post-thumbnail","6":"product_cat-atlaides","7":"product_cat-energoefektivas-spuldzes-luminiscentas-spuldzes-spuldzes","9":"first","10":"instock","11":"sale","12":"taxable","13":"shipping-taxable","14":"purchasable","15":"product-type-simple"},"jetpack_sharing_enabled":true,"_links":{"self":[{"href":"https:\/\/ddt.lv\/lv\/wp-json\/wp\/v2\/product\/31708"}],"collection":[{"href":"https:\/\/ddt.lv\/lv\/wp-json\/wp\/v2\/product"}],"about":[{"href":"https:\/\/ddt.lv\/lv\/wp-json\/wp\/v2\/types\/product"}],"replies":[{"embeddable":true,"href":"https:\/\/ddt.lv\/lv\/wp-json\/wp\/v2\/comments?post=31708"}],"wp:featuredmedia":[{"embeddable":true,"href":"https:\/\/ddt.lv\/lv\/wp-json\/wp\/v2\/media\/31713"}],"wp:attachment":[{"href":"https:\/\/ddt.lv\/lv\/wp-json\/wp\/v2\/media?parent=31708"}],"wp:term":[{"taxonomy":"product_cat","embeddable":true,"href":"https:\/\/ddt.lv\/lv\/wp-json\/wp\/v2\/product_cat?post=31708"},{"taxonomy":"product_tag","embeddable":true,"href":"https:\/\/ddt.lv\/lv\/wp-json\/wp\/v2\/product_tag?post=31708"},{"taxonomy":"yst_prominent_words","embeddable":true,"href":"https:\/\/ddt.lv\/lv\/wp-json\/wp\/v2\/yst_prominent_words?post=31708"}],"curies":[{"name":"wp","href":"https:\/\/api.w.org\/{rel}","templated":true}]}}