{"id":31707,"date":"2022-01-11T15:00:33","date_gmt":"2022-01-11T13:00:33","guid":{"rendered":"https:\/\/ddt.lv\/lv\/product\/dulux-t-26w-840-g24-kompakta-spuldze-osram\/"},"modified":"2026-04-08T14:26:54","modified_gmt":"2026-04-08T11:26:54","slug":"dulux-t-26w-840-g24-kompakta-spuldze-osram","status":"publish","type":"product","link":"https:\/\/ddt.lv\/lv\/product\/dulux-t-26w-840-g24-kompakta-spuldze-osram\/","title":{"rendered":"Dulux T 26W\/840 GX24d kompakt\u0101 spuldze Osram"},"content":{"rendered":"<p>Osram DULUX T PLUS neintegr\u0113t\u0101 kompakt\u0101 dienasgaismas spuldze ir \u013coti ekonomisks kv\u0113lspuld\u017eu aizst\u0101j\u0113js, pied\u0101v\u0101jot augst\u0101ku efektivit\u0101ti un lielu ener\u0123ijas taup\u012b\u0161anu. \u0160ai kompaktajai dienasgaismas spuldzei ir izcila gaismas pl\u016bsma un lieliska kr\u0101su atveide.<br \/>\nDULUX T PLUS ir versija ar tr\u012bsk\u0101r\u0161u pagriezienu caurul\u0113m \u0101rk\u0101rt\u012bgi \u012bsam kop\u0113jam garumam.<br \/>\n\u0160\u012bs CFL lampas startera sast\u0101vda\u013cas atrodas pamatnes apak\u0161\u0113j\u0101 da\u013c\u0101. Pamat\u0101 ir 2 kontaktu GX24d. \u0160\u0101da veida kompakt\u0101s dienasgaismas spuldzes ir lieliski piem\u0113rotas seklam leju apgaismojumam, k\u0101 ar\u012b var tikt izmantotas da\u017e\u0101dos iek\u0161telpu un \u0101ra apgaismojuma apr\u012bkojumos.<\/p>","protected":false},"excerpt":{"rendered":"<p>Osram DULUX T PLUS neintegr\u0113t\u0101 kompakt\u0101 dienasgaismas spuldze ir \u013coti ekonomisks kv\u0113lspuld\u017eu aizst\u0101j\u0113js, pied\u0101v\u0101jot augst\u0101ku efektivit\u0101ti un lielu ener\u0123ijas taup\u012b\u0161anu. \u0160ai kompaktajai dienasgaismas spuldzei ir izcila gaismas pl\u016bsma un lieliska kr\u0101su atveide. DULUX T PLUS ir versija ar tr\u012bsk\u0101r\u0161u pagriezienu caurul\u0113m \u0101rk\u0101rt\u012bgi \u012bsam kop\u0113jam garumam. \u0160\u012bs CFL lampas startera sast\u0101vda\u013cas atrodas pamatnes apak\u0161\u0113j\u0101 da\u013c\u0101. Pamat\u0101 [&hellip;]<\/p>\n","protected":false},"featured_media":31715,"comment_status":"closed","ping_status":"closed","template":"","meta":{"inline_featured_image":false},"product_cat":[772,865],"product_tag":[],"yst_prominent_words":[],"class_list":{"0":"post-31707","1":"product","2":"type-product","3":"status-publish","4":"has-post-thumbnail","6":"product_cat-atlaides","7":"product_cat-g24-spuldzes-cf-kompaktas-spuldzes-luminiscentas-spuldzes-spuldzes","9":"first","10":"outofstock","11":"sale","12":"taxable","13":"shipping-taxable","14":"purchasable","15":"product-type-simple"},"jetpack_sharing_enabled":true,"_links":{"self":[{"href":"https:\/\/ddt.lv\/lv\/wp-json\/wp\/v2\/product\/31707"}],"collection":[{"href":"https:\/\/ddt.lv\/lv\/wp-json\/wp\/v2\/product"}],"about":[{"href":"https:\/\/ddt.lv\/lv\/wp-json\/wp\/v2\/types\/product"}],"replies":[{"embeddable":true,"href":"https:\/\/ddt.lv\/lv\/wp-json\/wp\/v2\/comments?post=31707"}],"wp:featuredmedia":[{"embeddable":true,"href":"https:\/\/ddt.lv\/lv\/wp-json\/wp\/v2\/media\/31715"}],"wp:attachment":[{"href":"https:\/\/ddt.lv\/lv\/wp-json\/wp\/v2\/media?parent=31707"}],"wp:term":[{"taxonomy":"product_cat","embeddable":true,"href":"https:\/\/ddt.lv\/lv\/wp-json\/wp\/v2\/product_cat?post=31707"},{"taxonomy":"product_tag","embeddable":true,"href":"https:\/\/ddt.lv\/lv\/wp-json\/wp\/v2\/product_tag?post=31707"},{"taxonomy":"yst_prominent_words","embeddable":true,"href":"https:\/\/ddt.lv\/lv\/wp-json\/wp\/v2\/yst_prominent_words?post=31707"}],"curies":[{"name":"wp","href":"https:\/\/api.w.org\/{rel}","templated":true}]}}