{"id":31705,"date":"2022-01-11T15:00:30","date_gmt":"2022-01-11T13:00:30","guid":{"rendered":"https:\/\/ddt.lv\/lv\/product\/led-gx200-sylcone-e27-4-5w-240v-470lm-2000k-spuldze-sylvania\/"},"modified":"2026-04-08T14:36:13","modified_gmt":"2026-04-08T11:36:13","slug":"led-gx200-sylcone-e27-4-5w-240v-470lm-2000k-spuldze-sylvania","status":"publish","type":"product","link":"https:\/\/ddt.lv\/lv\/product\/led-gx200-sylcone-e27-4-5w-240v-470lm-2000k-spuldze-sylvania\/","title":{"rendered":"LED GX200 Sylcone E27 4.5W 240V 470lm 2000K spuldze Sylvania"},"content":{"rendered":"<p>\u2022 Unik\u0101la ar rok\u0101m p\u016bsta stikla lampa \u2022 Apvieno m\u016bsdienu est\u0113tiku un novatorisku LED kv\u0113ldiega mikrosh\u0113mu tehnolo\u0123iju (FCT), lai rad\u012btu popul\u0101ru retro izskatu un siltu gaisotni, kas l\u012bdz\u012bga tradicion\u0101laj\u0101m lamp\u0101m. \u2022 Kr\u0101su temperat\u016bra 2000K atk\u0101rto kv\u0113lspuld\u017eu apgaismojuma silto mirdzuma efektu \u2022 Aptum\u0161ojams ar apstiprin\u0101tiem dimmeriem \u2013 \u013cauj gala lietot\u0101jam izveidot perfektu apk\u0101rt\u0113jo apgaismojumu \u2022 Augsta l\u016bmena efektivit\u0101te 104lm\/W \u2022 Videi draudz\u012bgs \u2013 bez dz\u012bvsudraba un zem\u0101kas CO2 emisijas. \u2022 Ener\u0123ijas klase: A++ \u2022 Atsevi\u0161\u0137i ir pieejams virkne armat\u016bras, kas \u012bpa\u0161i izstr\u0101d\u0101ta, lai uzlabotu izstr\u0101d\u0101juma est\u0113tiku (redzams tikai stikls un met\u0101ls).<\/p>","protected":false},"excerpt":{"rendered":"<p>\u2022 Unik\u0101la ar rok\u0101m p\u016bsta stikla lampa \u2022 Apvieno m\u016bsdienu est\u0113tiku un novatorisku LED kv\u0113ldiega mikrosh\u0113mu tehnolo\u0123iju (FCT), lai rad\u012btu popul\u0101ru retro izskatu un siltu gaisotni, kas l\u012bdz\u012bga tradicion\u0101laj\u0101m lamp\u0101m. \u2022 Kr\u0101su temperat\u016bra 2000K atk\u0101rto kv\u0113lspuld\u017eu apgaismojuma silto mirdzuma efektu \u2022 Aptum\u0161ojams ar apstiprin\u0101tiem dimmeriem \u2013 \u013cauj gala lietot\u0101jam izveidot perfektu apk\u0101rt\u0113jo apgaismojumu \u2022 Augsta [&hellip;]<\/p>\n","protected":false},"featured_media":31719,"comment_status":"closed","ping_status":"closed","template":"","meta":{"inline_featured_image":false},"product_cat":[772,875],"product_tag":[],"yst_prominent_words":[],"class_list":{"0":"post-31705","1":"product","2":"type-product","3":"status-publish","4":"has-post-thumbnail","6":"product_cat-atlaides","7":"product_cat-dekorativas-led-spuldzes-dekorativas-spuldzes-spuldzes","9":"first","10":"instock","11":"sale","12":"taxable","13":"shipping-taxable","14":"purchasable","15":"product-type-simple"},"jetpack_sharing_enabled":true,"_links":{"self":[{"href":"https:\/\/ddt.lv\/lv\/wp-json\/wp\/v2\/product\/31705"}],"collection":[{"href":"https:\/\/ddt.lv\/lv\/wp-json\/wp\/v2\/product"}],"about":[{"href":"https:\/\/ddt.lv\/lv\/wp-json\/wp\/v2\/types\/product"}],"replies":[{"embeddable":true,"href":"https:\/\/ddt.lv\/lv\/wp-json\/wp\/v2\/comments?post=31705"}],"wp:featuredmedia":[{"embeddable":true,"href":"https:\/\/ddt.lv\/lv\/wp-json\/wp\/v2\/media\/31719"}],"wp:attachment":[{"href":"https:\/\/ddt.lv\/lv\/wp-json\/wp\/v2\/media?parent=31705"}],"wp:term":[{"taxonomy":"product_cat","embeddable":true,"href":"https:\/\/ddt.lv\/lv\/wp-json\/wp\/v2\/product_cat?post=31705"},{"taxonomy":"product_tag","embeddable":true,"href":"https:\/\/ddt.lv\/lv\/wp-json\/wp\/v2\/product_tag?post=31705"},{"taxonomy":"yst_prominent_words","embeddable":true,"href":"https:\/\/ddt.lv\/lv\/wp-json\/wp\/v2\/yst_prominent_words?post=31705"}],"curies":[{"name":"wp","href":"https:\/\/api.w.org\/{rel}","templated":true}]}}