{"id":31703,"date":"2022-01-11T15:00:28","date_gmt":"2022-01-11T13:00:28","guid":{"rendered":"https:\/\/ddt.lv\/lv\/product\/eco-candle-e27-28w-370lm-2800k-230v-halogenspuldze-sylvania\/"},"modified":"2026-04-01T00:17:02","modified_gmt":"2026-03-31T21:17:02","slug":"eco-candle-e27-28w-370lm-2800k-230v-halogenspuldze-sylvania","status":"publish","type":"product","link":"https:\/\/ddt.lv\/lv\/product\/eco-candle-e27-28w-370lm-2800k-230v-halogenspuldze-sylvania\/","title":{"rendered":"ECO Candle E27 28W 370lm 2800K 230V halogenspuldze SYLVANIA"},"content":{"rendered":"<p>Halog\u0113ns.<br \/>\nLampas forma Svece.<br \/>\nV\u0101ci\u0146\u0161\/b\u0101ze E27.<br \/>\nLampas apdare Skaidra.<br \/>\nVisp\u0101r\u0113js pielietojums viesm\u012bl\u012bb\u0101, muzejos un galerij\u0101s, mazumtirdzniec\u012bb\u0101, dz\u012bvojam\u0101s telp\u0101s un pat\u0113r\u0113t\u0101jiem.<br \/>\nGaismas pl\u016bsma (lm) 370.<br \/>\nKr\u0101su temperat\u016bra (K) 2800.<br \/>\nGaismas kr\u0101sa Homelight.<br \/>\nCRI (Ra) 100.<br \/>\nJauda (W) 28.<br \/>\nVid\u0113jais kalpo\u0161anas laiks (nomin\u0101ls) (h) 2000. <\/p>\n<p><\/p>","protected":false},"excerpt":{"rendered":"<p>Halog\u0113ns. Lampas forma Svece. V\u0101ci\u0146\u0161\/b\u0101ze E27. Lampas apdare Skaidra. Visp\u0101r\u0113js pielietojums viesm\u012bl\u012bb\u0101, muzejos un galerij\u0101s, mazumtirdzniec\u012bb\u0101, dz\u012bvojam\u0101s telp\u0101s un pat\u0113r\u0113t\u0101jiem. Gaismas pl\u016bsma (lm) 370. Kr\u0101su temperat\u016bra (K) 2800. Gaismas kr\u0101sa Homelight. CRI (Ra) 100. Jauda (W) 28. Vid\u0113jais kalpo\u0161anas laiks (nomin\u0101ls) (h) 2000.<\/p>\n","protected":false},"featured_media":31724,"comment_status":"closed","ping_status":"closed","template":"","meta":{"inline_featured_image":false},"product_cat":[1365],"product_tag":[],"yst_prominent_words":[],"class_list":{"0":"post-31703","1":"product","2":"type-product","3":"status-publish","4":"has-post-thumbnail","6":"product_cat-eco-halogen-spuldzes","8":"first","9":"instock","10":"taxable","11":"shipping-taxable","12":"purchasable","13":"product-type-simple"},"jetpack_sharing_enabled":true,"_links":{"self":[{"href":"https:\/\/ddt.lv\/lv\/wp-json\/wp\/v2\/product\/31703"}],"collection":[{"href":"https:\/\/ddt.lv\/lv\/wp-json\/wp\/v2\/product"}],"about":[{"href":"https:\/\/ddt.lv\/lv\/wp-json\/wp\/v2\/types\/product"}],"replies":[{"embeddable":true,"href":"https:\/\/ddt.lv\/lv\/wp-json\/wp\/v2\/comments?post=31703"}],"wp:featuredmedia":[{"embeddable":true,"href":"https:\/\/ddt.lv\/lv\/wp-json\/wp\/v2\/media\/31724"}],"wp:attachment":[{"href":"https:\/\/ddt.lv\/lv\/wp-json\/wp\/v2\/media?parent=31703"}],"wp:term":[{"taxonomy":"product_cat","embeddable":true,"href":"https:\/\/ddt.lv\/lv\/wp-json\/wp\/v2\/product_cat?post=31703"},{"taxonomy":"product_tag","embeddable":true,"href":"https:\/\/ddt.lv\/lv\/wp-json\/wp\/v2\/product_tag?post=31703"},{"taxonomy":"yst_prominent_words","embeddable":true,"href":"https:\/\/ddt.lv\/lv\/wp-json\/wp\/v2\/yst_prominent_words?post=31703"}],"curies":[{"name":"wp","href":"https:\/\/api.w.org\/{rel}","templated":true}]}}