{"id":31702,"date":"2022-01-11T15:00:27","date_gmt":"2022-01-11T13:00:27","guid":{"rendered":"https:\/\/ddt.lv\/lv\/product\/globe-vintage-g125-e27-60w-155lm-1850k-240v-clear-spuldze-sylvania\/"},"modified":"2026-04-09T16:15:34","modified_gmt":"2026-04-09T13:15:34","slug":"globe-vintage-g125-e27-60w-155lm-1850k-240v-clear-spuldze-sylvania","status":"publish","type":"product","link":"https:\/\/ddt.lv\/lv\/product\/globe-vintage-g125-e27-60w-155lm-1850k-240v-clear-spuldze-sylvania\/","title":{"rendered":"GLOBE VINTAGE G125 E27 60W 155lm 1850K 240V Clear spuldze Sylvania"},"content":{"rendered":"<p>Kv\u0113lspuldze.<br \/>\nTips Dekorat\u012bvs Vintage Globuss.<br \/>\nV\u0101ci\u0146\u0161\/b\u0101ze E27..<br \/>\nVisp\u0101r\u0113js pielietojums viesm\u012bl\u012bbas, mazumtirdzniec\u012bbas, dz\u012bvojamo un pat\u0113r\u0113t\u0101ju.<br \/>\nKr\u0101su temperat\u016bra (K) 1850.<br \/>\nGaismas kr\u0101sa Sve\u010du gaisma.<br \/>\nCRI (Ra) 100.<br \/>\nJauda (W) 60.<br \/>\nVid\u0113jais kalpo\u0161anas laiks (nomin\u0101ls) (h) 2000.<\/p>","protected":false},"excerpt":{"rendered":"<p>Kv\u0113lspuldze. Tips Dekorat\u012bvs Vintage Globuss. V\u0101ci\u0146\u0161\/b\u0101ze E27.. Visp\u0101r\u0113js pielietojums viesm\u012bl\u012bbas, mazumtirdzniec\u012bbas, dz\u012bvojamo un pat\u0113r\u0113t\u0101ju. Kr\u0101su temperat\u016bra (K) 1850. Gaismas kr\u0101sa Sve\u010du gaisma. CRI (Ra) 100. Jauda (W) 60. Vid\u0113jais kalpo\u0161anas laiks (nomin\u0101ls) (h) 2000.<\/p>\n","protected":false},"featured_media":31725,"comment_status":"closed","ping_status":"closed","template":"","meta":{"inline_featured_image":false},"product_cat":[876],"product_tag":[],"yst_prominent_words":[],"class_list":{"0":"post-31702","1":"product","2":"type-product","3":"status-publish","4":"has-post-thumbnail","6":"product_cat-dekorativas-kvelspuldzes","8":"first","9":"outofstock","10":"taxable","11":"shipping-taxable","12":"purchasable","13":"product-type-simple"},"jetpack_sharing_enabled":true,"_links":{"self":[{"href":"https:\/\/ddt.lv\/lv\/wp-json\/wp\/v2\/product\/31702"}],"collection":[{"href":"https:\/\/ddt.lv\/lv\/wp-json\/wp\/v2\/product"}],"about":[{"href":"https:\/\/ddt.lv\/lv\/wp-json\/wp\/v2\/types\/product"}],"replies":[{"embeddable":true,"href":"https:\/\/ddt.lv\/lv\/wp-json\/wp\/v2\/comments?post=31702"}],"wp:featuredmedia":[{"embeddable":true,"href":"https:\/\/ddt.lv\/lv\/wp-json\/wp\/v2\/media\/31725"}],"wp:attachment":[{"href":"https:\/\/ddt.lv\/lv\/wp-json\/wp\/v2\/media?parent=31702"}],"wp:term":[{"taxonomy":"product_cat","embeddable":true,"href":"https:\/\/ddt.lv\/lv\/wp-json\/wp\/v2\/product_cat?post=31702"},{"taxonomy":"product_tag","embeddable":true,"href":"https:\/\/ddt.lv\/lv\/wp-json\/wp\/v2\/product_tag?post=31702"},{"taxonomy":"yst_prominent_words","embeddable":true,"href":"https:\/\/ddt.lv\/lv\/wp-json\/wp\/v2\/yst_prominent_words?post=31702"}],"curies":[{"name":"wp","href":"https:\/\/api.w.org\/{rel}","templated":true}]}}