{"id":31701,"date":"2022-01-11T15:00:27","date_gmt":"2022-01-11T13:00:27","guid":{"rendered":"https:\/\/ddt.lv\/lv\/product\/led-candle-clear-retro-e27-4-5w-240v-470lm-2700k-dimejama-spuldze-sylvania\/"},"modified":"2026-04-01T00:15:47","modified_gmt":"2026-03-31T21:15:47","slug":"led-candle-clear-retro-e27-4-5w-240v-470lm-2700k-dimejama-spuldze-sylvania","status":"publish","type":"product","link":"https:\/\/ddt.lv\/lv\/product\/led-candle-clear-retro-e27-4-5w-240v-470lm-2700k-dimejama-spuldze-sylvania\/","title":{"rendered":"LED CANDLE Clear Retro E27 4.5W 240V 470lm 2700K dimejama  spuldze Sylvania"},"content":{"rendered":"<p>LED.<br \/>\nLampas forma Svece.<br \/>\nTipa ToLEDo Retro svece Aptum\u0161ojama.<br \/>\nV\u0101ci\u0146\u0161\/b\u0101ze E27.<br \/>\nVisp\u0101r\u0113js pielietojums viesm\u012bl\u012bbas, dz\u012bvojamo un pat\u0113r\u0113t\u0101ju jom\u0101.<br \/>\nGaismas pl\u016bsma (lm) 470.<br \/>\nKr\u0101su temperat\u016bra (K) 2700.<br \/>\nGaismas kr\u0101sa Homelight.<br \/>\nCRI (Ra) 80.<br \/>\nKr\u0101su konsistence (SDCM) 6.<br \/>\nJauda (W) 4.5.<br \/>\nVid\u0113jais kalpo\u0161anas laiks (nomin\u0101ls) (h) 15 000.<\/p>","protected":false},"excerpt":{"rendered":"<p>LED. Lampas forma Svece. Tipa ToLEDo Retro svece Aptum\u0161ojama. V\u0101ci\u0146\u0161\/b\u0101ze E27. Visp\u0101r\u0113js pielietojums viesm\u012bl\u012bbas, dz\u012bvojamo un pat\u0113r\u0113t\u0101ju jom\u0101. Gaismas pl\u016bsma (lm) 470. Kr\u0101su temperat\u016bra (K) 2700. Gaismas kr\u0101sa Homelight. CRI (Ra) 80. Kr\u0101su konsistence (SDCM) 6. Jauda (W) 4.5. Vid\u0113jais kalpo\u0161anas laiks (nomin\u0101ls) (h) 15 000.<\/p>\n","protected":false},"featured_media":31726,"comment_status":"closed","ping_status":"closed","template":"","meta":{"inline_featured_image":false},"product_cat":[772,850],"product_tag":[],"yst_prominent_words":[],"class_list":{"0":"post-31701","1":"product","2":"type-product","3":"status-publish","4":"has-post-thumbnail","6":"product_cat-atlaides","7":"product_cat-e27-spuldzes","9":"first","10":"instock","11":"sale","12":"taxable","13":"shipping-taxable","14":"purchasable","15":"product-type-simple"},"jetpack_sharing_enabled":true,"_links":{"self":[{"href":"https:\/\/ddt.lv\/lv\/wp-json\/wp\/v2\/product\/31701"}],"collection":[{"href":"https:\/\/ddt.lv\/lv\/wp-json\/wp\/v2\/product"}],"about":[{"href":"https:\/\/ddt.lv\/lv\/wp-json\/wp\/v2\/types\/product"}],"replies":[{"embeddable":true,"href":"https:\/\/ddt.lv\/lv\/wp-json\/wp\/v2\/comments?post=31701"}],"wp:featuredmedia":[{"embeddable":true,"href":"https:\/\/ddt.lv\/lv\/wp-json\/wp\/v2\/media\/31726"}],"wp:attachment":[{"href":"https:\/\/ddt.lv\/lv\/wp-json\/wp\/v2\/media?parent=31701"}],"wp:term":[{"taxonomy":"product_cat","embeddable":true,"href":"https:\/\/ddt.lv\/lv\/wp-json\/wp\/v2\/product_cat?post=31701"},{"taxonomy":"product_tag","embeddable":true,"href":"https:\/\/ddt.lv\/lv\/wp-json\/wp\/v2\/product_tag?post=31701"},{"taxonomy":"yst_prominent_words","embeddable":true,"href":"https:\/\/ddt.lv\/lv\/wp-json\/wp\/v2\/yst_prominent_words?post=31701"}],"curies":[{"name":"wp","href":"https:\/\/api.w.org\/{rel}","templated":true}]}}